{"id":6094,"date":"2026-03-31T06:06:49","date_gmt":"2026-03-31T06:06:49","guid":{"rendered":"https:\/\/cilinapoj.si\/?post_type=product&#038;p=6094"},"modified":"2026-03-31T06:09:44","modified_gmt":"2026-03-31T06:09:44","slug":"cili-sol-carolina-reaper-eko","status":"publish","type":"product","link":"https:\/\/cilinapoj.si\/de\/produkt\/cili-sol-carolina-reaper-eko\/","title":{"rendered":"\u010cili sol Carolina Reaper (EKO)"},"content":{"rendered":"<div class=\"wpb_text_column wpb_content_element\">\n<div class=\"wpb_wrapper\">\n<h2 data-section-id=\"18bpsil\" data-start=\"563\" data-end=\"600\">HOT SALT CAROLINA REAPER (EKO)<\/h2>\n<p data-start=\"602\" data-end=\"724\"><strong data-start=\"602\" data-end=\"722\">Hot Salt Carolina Reaper je EKO infuzirana \u010dili sol, ustvarjena za vse, ki i\u0161\u010dejo resno peko\u010dino in intenziven okus.<\/strong><\/p>\n<p data-start=\"726\" data-end=\"973\">Z uporabo enega najmo\u010dnej\u0161ih \u010dilijev na svetu \u2013 Carolina Reaper \u2013 nastane sol, ki zdru\u017euje \u010distost Piranske soli in ekstremno peko\u010dino. Infuzija omogo\u010da enakomerno porazdelitev \u010dilija, kar zagotavlja stabilen in mo\u010dan chili kick v vsaki uporabi.<\/p>\n<p data-start=\"975\" data-end=\"1040\">To ni le za\u010dimba, temve\u010d izku\u0161nja za prave ljubitelje peko\u010dega.<\/p>\n<p data-start=\"1096\" data-end=\"1228\">Odli\u010dno se poda k:<\/p>\n<ul>\n<li data-start=\"1096\" data-end=\"1228\">\u017earu in mesnim jedem<\/li>\n<li data-start=\"1096\" data-end=\"1228\">\u00a0burgerjem in steakom<\/li>\n<li data-start=\"1096\" data-end=\"1228\">\u00a0marinadam<\/li>\n<li data-start=\"1096\" data-end=\"1228\">\u00a0jedem, kjer \u017eeli\u0161 dodati ekstremno peko\u010dino<\/li>\n<\/ul>\n<p data-start=\"1230\" data-end=\"1296\">Uporabi previdno \u2013 majhna koli\u010dina zadostuje za mo\u010dan u\u010dinek. \ud83d\udd25<\/p>\n<p data-renderer-start-pos=\"1339\">Neto koli\u010dina: 75g<\/p>\n<p data-renderer-start-pos=\"1339\">Jakost:<strong data-start=\"619\" data-end=\"648\"> (10\/10)<\/strong><\/p>\n<p data-renderer-start-pos=\"1359\">Zutaten:<\/p>\n<ul>\n<li data-renderer-start-pos=\"1359\">morska sol (95%)<\/li>\n<li data-renderer-start-pos=\"1359\">\u010dili (5%)*<\/li>\n<\/ul>\n<p>*iz ekolo\u0161ke pridelave<\/p>\n<p data-renderer-start-pos=\"1399\">Gluten free, vegan.<\/p>\n<p><img loading=\"lazy\" decoding=\"async\" class=\"alignnone wp-image-5458\" src=\"https:\/\/cilinapoj.si\/wp-content\/uploads\/2025\/02\/BIO1-286x300.png\" alt=\"\" width=\"102\" height=\"107\" \/><\/p>\n<p><span style=\"font-size: 17px;\"><strong>Lassen Sie sich nicht vom geringen Gewicht t\u00e4uschen, die T\u00fcte enth\u00e4lt biologisch angebauten Chili mit einer festen Konsistenz!<\/strong><\/span><\/p>\n<p><img loading=\"lazy\" decoding=\"async\" class=\"alignnone wp-image-5459\" src=\"https:\/\/cilinapoj.si\/wp-content\/uploads\/2025\/02\/EKO1-273x300.png\" alt=\"\" width=\"104\" height=\"114\" \/><\/p>\n<\/div>\n<\/div>","protected":false},"excerpt":{"rendered":"<p data-renderer-start-pos=\"757\"><strong data-start=\"126\" data-end=\"261\">Hot Salt &#8211; \u010cili sol Carolina Reaper je EKO infuzirana sol, ki zdru\u017euje \u010dist okus Piranske soli in sadno aromati\u010dno peko\u010dino rumenega habanera.<\/strong><\/p>\n<p><img loading=\"lazy\" decoding=\"async\" class=\"alignnone wp-image-5458\" src=\"https:\/\/cilinapoj.si\/wp-content\/uploads\/2025\/02\/BIO1-286x300.png\" alt=\"\" width=\"86\" height=\"90\" \/><img loading=\"lazy\" decoding=\"async\" class=\"alignnone wp-image-5459\" src=\"https:\/\/cilinapoj.si\/wp-content\/uploads\/2025\/02\/EKO1-273x300.png\" alt=\"\" width=\"73\" height=\"80\" \/><\/p>\n<p data-renderer-start-pos=\"757\">","protected":false},"featured_media":6083,"comment_status":"open","ping_status":"closed","template":"","meta":[],"product_cat":[102,101],"product_tag":[],"yoast_head":"<!-- This site is optimized with the Yoast SEO plugin v23.5 - https:\/\/yoast.com\/wordpress\/plugins\/seo\/ -->\n<title>\u010cili sol Carolina Reaper (EKO) \u2013 Hot Salt | \u010cili Napoj<\/title>\n<meta name=\"description\" content=\"EKO \u010dili sol z rde\u010dim Carolina Reaper \u010dilijem in Piransko soljo. Infuzirana sol z aromati\u010dno peko\u010dino za meso, zelenjavo in BBQ marinadam.\" \/>\n<meta name=\"robots\" content=\"index, follow, max-snippet:-1, max-image-preview:large, max-video-preview:-1\" \/>\n<link rel=\"canonical\" href=\"https:\/\/cilinapoj.si\/de\/produkt\/cili-sol-carolina-reaper-eko\/\" \/>\n<meta property=\"og:locale\" content=\"de_DE\" \/>\n<meta property=\"og:type\" content=\"article\" \/>\n<meta property=\"og:title\" content=\"\u010cili sol Carolina Reaper (EKO) \u2013 Hot Salt | \u010cili Napoj\" \/>\n<meta property=\"og:description\" content=\"EKO \u010dili sol z rde\u010dim Carolina Reaper \u010dilijem in Piransko soljo. Infuzirana sol z aromati\u010dno peko\u010dino za meso, zelenjavo in BBQ marinadam.\" \/>\n<meta property=\"og:url\" content=\"https:\/\/cilinapoj.si\/de\/produkt\/cili-sol-carolina-reaper-eko\/\" \/>\n<meta property=\"og:site_name\" content=\"\u010cilinapoj.si - \u010cili z okusom\" \/>\n<meta property=\"article:publisher\" content=\"https:\/\/www.facebook.com\/cilinapoj\" \/>\n<meta property=\"article:modified_time\" content=\"2026-03-31T06:09:44+00:00\" \/>\n<meta property=\"og:image\" content=\"https:\/\/cilinapoj.si\/wp-content\/uploads\/2026\/03\/6J1A2151-scaled.jpg\" \/>\n\t<meta property=\"og:image:width\" content=\"1707\" \/>\n\t<meta property=\"og:image:height\" content=\"2560\" \/>\n\t<meta property=\"og:image:type\" content=\"image\/jpeg\" \/>\n<meta name=\"twitter:card\" content=\"summary_large_image\" \/>\n<meta name=\"twitter:label1\" content=\"Gesch\u00e4tzte Lesezeit\" \/>\n\t<meta name=\"twitter:data1\" content=\"2 Minuten\" \/>\n<script type=\"application\/ld+json\" class=\"yoast-schema-graph\">{\"@context\":\"https:\/\/schema.org\",\"@graph\":[{\"@type\":\"WebPage\",\"@id\":\"https:\/\/cilinapoj.si\/izdelek\/cili-sol-carolina-reaper-eko\/\",\"url\":\"https:\/\/cilinapoj.si\/izdelek\/cili-sol-carolina-reaper-eko\/\",\"name\":\"\u010cili sol Carolina Reaper (EKO) \u2013 Hot Salt | \u010cili Napoj\",\"isPartOf\":{\"@id\":\"https:\/\/cilinapoj.si\/sl_si\/#website\"},\"primaryImageOfPage\":{\"@id\":\"https:\/\/cilinapoj.si\/izdelek\/cili-sol-carolina-reaper-eko\/#primaryimage\"},\"image\":{\"@id\":\"https:\/\/cilinapoj.si\/izdelek\/cili-sol-carolina-reaper-eko\/#primaryimage\"},\"thumbnailUrl\":\"https:\/\/cilinapoj.si\/wp-content\/uploads\/2026\/03\/6J1A2151-scaled.jpg\",\"datePublished\":\"2026-03-31T06:06:49+00:00\",\"dateModified\":\"2026-03-31T06:09:44+00:00\",\"description\":\"EKO \u010dili sol z rde\u010dim Carolina Reaper \u010dilijem in Piransko soljo. Infuzirana sol z aromati\u010dno peko\u010dino za meso, zelenjavo in BBQ marinadam.\",\"breadcrumb\":{\"@id\":\"https:\/\/cilinapoj.si\/izdelek\/cili-sol-carolina-reaper-eko\/#breadcrumb\"},\"inLanguage\":\"de-DE\",\"potentialAction\":[{\"@type\":\"ReadAction\",\"target\":[\"https:\/\/cilinapoj.si\/izdelek\/cili-sol-carolina-reaper-eko\/\"]}]},{\"@type\":\"ImageObject\",\"inLanguage\":\"de-DE\",\"@id\":\"https:\/\/cilinapoj.si\/izdelek\/cili-sol-carolina-reaper-eko\/#primaryimage\",\"url\":\"https:\/\/cilinapoj.si\/wp-content\/uploads\/2026\/03\/6J1A2151-scaled.jpg\",\"contentUrl\":\"https:\/\/cilinapoj.si\/wp-content\/uploads\/2026\/03\/6J1A2151-scaled.jpg\",\"width\":1707,\"height\":2560},{\"@type\":\"BreadcrumbList\",\"@id\":\"https:\/\/cilinapoj.si\/izdelek\/cili-sol-carolina-reaper-eko\/#breadcrumb\",\"itemListElement\":[{\"@type\":\"ListItem\",\"position\":1,\"name\":\"Home\",\"item\":\"https:\/\/cilinapoj.si\/\"},{\"@type\":\"ListItem\",\"position\":2,\"name\":\"Trgovina\",\"item\":\"https:\/\/cilinapoj.si\/sl_si\/trgovina\/\"},{\"@type\":\"ListItem\",\"position\":3,\"name\":\"\u010cili sol Carolina Reaper (EKO)\"}]},{\"@type\":\"WebSite\",\"@id\":\"https:\/\/cilinapoj.si\/sl_si\/#website\",\"url\":\"https:\/\/cilinapoj.si\/sl_si\/\",\"name\":\"\u010cilinapoj.si - \u010cili z okusom\",\"description\":\"Opojni izdelki iz \u010dilija\",\"publisher\":{\"@id\":\"https:\/\/cilinapoj.si\/sl_si\/#organization\"},\"potentialAction\":[{\"@type\":\"SearchAction\",\"target\":{\"@type\":\"EntryPoint\",\"urlTemplate\":\"https:\/\/cilinapoj.si\/sl_si\/?s={search_term_string}\"},\"query-input\":{\"@type\":\"PropertyValueSpecification\",\"valueRequired\":true,\"valueName\":\"search_term_string\"}}],\"inLanguage\":\"de-DE\"},{\"@type\":\"Organization\",\"@id\":\"https:\/\/cilinapoj.si\/sl_si\/#organization\",\"name\":\"\u010cili Napoj\",\"url\":\"https:\/\/cilinapoj.si\/sl_si\/\",\"logo\":{\"@type\":\"ImageObject\",\"inLanguage\":\"de-DE\",\"@id\":\"https:\/\/cilinapoj.si\/sl_si\/#\/schema\/logo\/image\/\",\"url\":\"https:\/\/cilinapoj.si\/wp-content\/uploads\/2022\/06\/cropped-android-chrome-512x512-2.png\",\"contentUrl\":\"https:\/\/cilinapoj.si\/wp-content\/uploads\/2022\/06\/cropped-android-chrome-512x512-2.png\",\"width\":512,\"height\":512,\"caption\":\"\u010cili Napoj\"},\"image\":{\"@id\":\"https:\/\/cilinapoj.si\/sl_si\/#\/schema\/logo\/image\/\"},\"sameAs\":[\"https:\/\/www.facebook.com\/cilinapoj\"]}]}<\/script>\n<!-- \/ Yoast SEO plugin. -->","yoast_head_json":{"title":"\u010cili sol Carolina Reaper (EKO) \u2013 Hot Salt | \u010cili Napoj","description":"EKO \u010dili sol z rde\u010dim Carolina Reaper \u010dilijem in Piransko soljo. Infuzirana sol z aromati\u010dno peko\u010dino za meso, zelenjavo in BBQ marinadam.","robots":{"index":"index","follow":"follow","max-snippet":"max-snippet:-1","max-image-preview":"max-image-preview:large","max-video-preview":"max-video-preview:-1"},"canonical":"https:\/\/cilinapoj.si\/de\/produkt\/cili-sol-carolina-reaper-eko\/","og_locale":"de_DE","og_type":"article","og_title":"\u010cili sol Carolina Reaper (EKO) \u2013 Hot Salt | \u010cili Napoj","og_description":"EKO \u010dili sol z rde\u010dim Carolina Reaper \u010dilijem in Piransko soljo. Infuzirana sol z aromati\u010dno peko\u010dino za meso, zelenjavo in BBQ marinadam.","og_url":"https:\/\/cilinapoj.si\/de\/produkt\/cili-sol-carolina-reaper-eko\/","og_site_name":"\u010cilinapoj.si - \u010cili z okusom","article_publisher":"https:\/\/www.facebook.com\/cilinapoj","article_modified_time":"2026-03-31T06:09:44+00:00","og_image":[{"width":1707,"height":2560,"url":"https:\/\/cilinapoj.si\/wp-content\/uploads\/2026\/03\/6J1A2151-scaled.jpg","type":"image\/jpeg"}],"twitter_card":"summary_large_image","twitter_misc":{"Gesch\u00e4tzte Lesezeit":"2 Minuten"},"schema":{"@context":"https:\/\/schema.org","@graph":[{"@type":"WebPage","@id":"https:\/\/cilinapoj.si\/izdelek\/cili-sol-carolina-reaper-eko\/","url":"https:\/\/cilinapoj.si\/izdelek\/cili-sol-carolina-reaper-eko\/","name":"\u010cili sol Carolina Reaper (EKO) \u2013 Hot Salt | \u010cili Napoj","isPartOf":{"@id":"https:\/\/cilinapoj.si\/sl_si\/#website"},"primaryImageOfPage":{"@id":"https:\/\/cilinapoj.si\/izdelek\/cili-sol-carolina-reaper-eko\/#primaryimage"},"image":{"@id":"https:\/\/cilinapoj.si\/izdelek\/cili-sol-carolina-reaper-eko\/#primaryimage"},"thumbnailUrl":"https:\/\/cilinapoj.si\/wp-content\/uploads\/2026\/03\/6J1A2151-scaled.jpg","datePublished":"2026-03-31T06:06:49+00:00","dateModified":"2026-03-31T06:09:44+00:00","description":"EKO \u010dili sol z rde\u010dim Carolina Reaper \u010dilijem in Piransko soljo. Infuzirana sol z aromati\u010dno peko\u010dino za meso, zelenjavo in BBQ marinadam.","breadcrumb":{"@id":"https:\/\/cilinapoj.si\/izdelek\/cili-sol-carolina-reaper-eko\/#breadcrumb"},"inLanguage":"de-DE","potentialAction":[{"@type":"ReadAction","target":["https:\/\/cilinapoj.si\/izdelek\/cili-sol-carolina-reaper-eko\/"]}]},{"@type":"ImageObject","inLanguage":"de-DE","@id":"https:\/\/cilinapoj.si\/izdelek\/cili-sol-carolina-reaper-eko\/#primaryimage","url":"https:\/\/cilinapoj.si\/wp-content\/uploads\/2026\/03\/6J1A2151-scaled.jpg","contentUrl":"https:\/\/cilinapoj.si\/wp-content\/uploads\/2026\/03\/6J1A2151-scaled.jpg","width":1707,"height":2560},{"@type":"BreadcrumbList","@id":"https:\/\/cilinapoj.si\/izdelek\/cili-sol-carolina-reaper-eko\/#breadcrumb","itemListElement":[{"@type":"ListItem","position":1,"name":"Home","item":"https:\/\/cilinapoj.si\/"},{"@type":"ListItem","position":2,"name":"Trgovina","item":"https:\/\/cilinapoj.si\/sl_si\/trgovina\/"},{"@type":"ListItem","position":3,"name":"\u010cili sol Carolina Reaper (EKO)"}]},{"@type":"WebSite","@id":"https:\/\/cilinapoj.si\/sl_si\/#website","url":"https:\/\/cilinapoj.si\/sl_si\/","name":"\u010cilinapoj.si - \u010cili z okusom","description":"Opojni izdelki iz \u010dilija","publisher":{"@id":"https:\/\/cilinapoj.si\/sl_si\/#organization"},"potentialAction":[{"@type":"SearchAction","target":{"@type":"EntryPoint","urlTemplate":"https:\/\/cilinapoj.si\/sl_si\/?s={search_term_string}"},"query-input":{"@type":"PropertyValueSpecification","valueRequired":true,"valueName":"search_term_string"}}],"inLanguage":"de-DE"},{"@type":"Organization","@id":"https:\/\/cilinapoj.si\/sl_si\/#organization","name":"\u010cili Napoj","url":"https:\/\/cilinapoj.si\/sl_si\/","logo":{"@type":"ImageObject","inLanguage":"de-DE","@id":"https:\/\/cilinapoj.si\/sl_si\/#\/schema\/logo\/image\/","url":"https:\/\/cilinapoj.si\/wp-content\/uploads\/2022\/06\/cropped-android-chrome-512x512-2.png","contentUrl":"https:\/\/cilinapoj.si\/wp-content\/uploads\/2022\/06\/cropped-android-chrome-512x512-2.png","width":512,"height":512,"caption":"\u010cili Napoj"},"image":{"@id":"https:\/\/cilinapoj.si\/sl_si\/#\/schema\/logo\/image\/"},"sameAs":["https:\/\/www.facebook.com\/cilinapoj"]}]}},"_links":{"self":[{"href":"https:\/\/cilinapoj.si\/de\/wp-json\/wp\/v2\/product\/6094"}],"collection":[{"href":"https:\/\/cilinapoj.si\/de\/wp-json\/wp\/v2\/product"}],"about":[{"href":"https:\/\/cilinapoj.si\/de\/wp-json\/wp\/v2\/types\/product"}],"replies":[{"embeddable":true,"href":"https:\/\/cilinapoj.si\/de\/wp-json\/wp\/v2\/comments?post=6094"}],"wp:featuredmedia":[{"embeddable":true,"href":"https:\/\/cilinapoj.si\/de\/wp-json\/wp\/v2\/media\/6083"}],"wp:attachment":[{"href":"https:\/\/cilinapoj.si\/de\/wp-json\/wp\/v2\/media?parent=6094"}],"wp:term":[{"taxonomy":"product_cat","embeddable":true,"href":"https:\/\/cilinapoj.si\/de\/wp-json\/wp\/v2\/product_cat?post=6094"},{"taxonomy":"product_tag","embeddable":true,"href":"https:\/\/cilinapoj.si\/de\/wp-json\/wp\/v2\/product_tag?post=6094"}],"curies":[{"name":"wp","href":"https:\/\/api.w.org\/{rel}","templated":true}]}}