{"id":6089,"date":"2026-03-31T05:05:42","date_gmt":"2026-03-31T05:05:42","guid":{"rendered":"https:\/\/cilinapoj.si\/?post_type=product&#038;p=6089"},"modified":"2026-03-31T06:10:16","modified_gmt":"2026-03-31T06:10:16","slug":"cili-omake-set-5x-veliki-paket","status":"publish","type":"product","link":"https:\/\/cilinapoj.si\/de\/produkt\/cili-omake-set-5x-veliki-paket\/","title":{"rendered":"\u010cili omake set (5x) \u2013 Veliki paket"},"content":{"rendered":"<div class=\"wpb_text_column wpb_content_element\">\n<div class=\"wpb_wrapper\">\n<h4 dir=\"auto\">\u00a0AKCIJA: IZBERI SVOJIH 5 \u010cILI OMAKE<\/h4>\n<\/div>\n<div class=\"wpb_text_column wpb_content_element\">\n<div class=\"wpb_wrapper\">\n<div class=\"wpb_text_column wpb_content_element\">\n<div class=\"wpb_wrapper\">\n<p data-start=\"149\" data-end=\"315\">Ustvari svoj popoln \u010dili paket in prihrani!<br data-start=\"196\" data-end=\"199\" \/>Izberi 5<strong data-start=\"206\" data-end=\"233\"> omak po svojem okusu<\/strong> \u2013 od sve\u017eih sadnih do intenzivno peko\u010dih \u2013 in odkrij svojo idealno kombinacijo.<\/p>\n<p data-start=\"317\" data-end=\"376\">Me\u0161aj okuse, primerjaj peko\u010dino in najdi svoj favorit.<\/p>\n<\/div>\n<p data-start=\"317\" data-end=\"376\">Povezavo do detaljnih opisov omak dobi\u0161 s klikom na ime omake. \ud83d\ude42<\/p>\n<\/div>\n<\/div>\n<\/div>\n<div class=\"wpb_text_column wpb_content_element\">\n<div class=\"wpb_wrapper\">\n<div class=\"wpb_text_column wpb_content_element\">\n<div class=\"wpb_wrapper\">\n<h2 data-section-id=\"gtmzgl\" data-start=\"127\" data-end=\"192\"><a class=\"decorated-link\" href=\"https:\/\/cilinapoj.si\/de\/produkt\/rdeca-licka\/\" target=\"_new\" rel=\"noopener\" data-start=\"134\" data-end=\"190\">RDE\u010cA LI\u010cKA<\/a><\/h2>\n<p data-start=\"193\" data-end=\"325\">Klasi\u010dna \u010dili omaka z ve\u010d kot 60 % \u010dilija in uravnote\u017eeno peko\u010dino. Popolna za vsakodnevne jedi.<br data-start=\"289\" data-end=\"292\" \/><strong data-start=\"292\" data-end=\"323\">Jakost: \ud83c\udf36\ufe0f\ud83c\udf36\ufe0f\ud83c\udf36\ufe0f\ud83c\udf36\ufe0f (4\/10)<\/strong><\/p>\n<hr data-start=\"327\" data-end=\"330\" \/>\n<h2 data-section-id=\"15skmp1\" data-start=\"332\" data-end=\"403\"><a class=\"decorated-link\" href=\"https:\/\/cilinapoj.si\/de\/produkt\/rumena-mrzlica\/\" target=\"_new\" rel=\"noopener\" data-start=\"339\" data-end=\"401\">RUMENA MRZLICA<\/a><\/h2>\n<p data-start=\"404\" data-end=\"534\">Sve\u017ea \u010dili omaka iz rumenih \u010dilijev z lahkotnim, aromati\u010dnim okusom. Idealna za ribe in pi\u0161\u010danca.<br data-start=\"501\" data-end=\"504\" \/><strong data-start=\"504\" data-end=\"532\">Jakost: \ud83c\udf36\ufe0f\ud83c\udf36\ufe0f\ud83c\udf36\ufe0f\ud83c\udf36\ufe0f (5\/10)<\/strong><\/p>\n<hr data-start=\"536\" data-end=\"539\" \/>\n<h2 data-section-id=\"5cgnhe\" data-start=\"541\" data-end=\"617\"><a class=\"decorated-link\" href=\"https:\/\/cilinapoj.si\/de\/produkt\/marelicna-mrzlica\/\" target=\"_new\" rel=\"noopener\" data-start=\"547\" data-end=\"615\">MARELI\u010cNA MRZLICA<\/a><\/h2>\n<p data-start=\"618\" data-end=\"743\">Sadna \u010dili omaka z marelico, ki zdru\u017euje sladkobo in ne\u017eno peko\u010dino. Odli\u010dna za meso in sir.<br data-start=\"710\" data-end=\"713\" \/><strong data-start=\"713\" data-end=\"741\">Jakost: \ud83c\udf36\ufe0f\ud83c\udf36\ufe0f\ud83c\udf36\ufe0f\ud83c\udf36\ufe0f (4\/10)<\/strong><\/p>\n<hr data-start=\"745\" data-end=\"748\" \/>\n<h2 data-section-id=\"1jrwcnd\" data-start=\"750\" data-end=\"797\"><a class=\"decorated-link\" href=\"https:\/\/cilinapoj.si\/de\/?utm_source=chatgpt.com\" target=\"_new\" rel=\"noopener\" data-start=\"756\" data-end=\"795\">ISKRIVA MALINA<\/a><\/h2>\n<p data-start=\"798\" data-end=\"930\">Omaka z ve\u010d kot 70 % malin, ki prina\u0161a sadno sve\u017eino in rahlo peko\u010dino. Popolna kot dip ali za sir.<br data-start=\"897\" data-end=\"900\" \/><strong data-start=\"900\" data-end=\"928\">Jakost: \ud83c\udf36\ufe0f\ud83c\udf36\ufe0f\ud83c\udf36\ufe0f\ud83c\udf36\ufe0f (4\/10)<\/strong><\/p>\n<hr data-start=\"932\" data-end=\"935\" \/>\n<h2 data-section-id=\"10n5lxz\" data-start=\"937\" data-end=\"999\"><a class=\"decorated-link\" href=\"https:\/\/cilinapoj.si\/de\/produkt\/solzne-oci\/\" target=\"_new\" rel=\"noopener\" data-start=\"943\" data-end=\"997\">SOLZNE O\u010cI<\/a><\/h2>\n<p data-start=\"1000\" data-end=\"1132\">Peko\u010da BBQ omaka z dimljenim karakterjem in bogatim okusom. Idealna za \u017ear in marinade.<br data-start=\"1087\" data-end=\"1090\" \/><strong data-start=\"1090\" data-end=\"1130\">Jakost: \ud83c\udf36\ufe0f\ud83c\udf36\ufe0f\ud83c\udf36\ufe0f\ud83c\udf36\ufe0f\ud83c\udf36\ufe0f\ud83c\udf36\ufe0f (6\/10)<\/strong><\/p>\n<p data-start=\"1187\" data-end=\"1309\">\n<\/div>\n<\/div>\n<\/div>\n<\/div>\n<div class=\"wpb_text_column wpb_content_element\">\n<div class=\"wpb_text_column wpb_content_element\"><\/div>\n<div class=\"wpb_text_column wpb_content_element\">\n<div class=\"wpb_wrapper\">\n<p>&nbsp;<\/p>\n<\/div>\n<\/div>\n<\/div>\n<\/div>","protected":false},"excerpt":{"rendered":"<h3 data-section-id=\"165d4cc\" data-start=\"2212\" data-end=\"2251\">IZBERI SVOJ POPOLN \u010cILI SET (5x) -VELIKI PAKET<\/h3>\n<p data-start=\"2253\" data-end=\"2355\">Ustvari svojo kombinacijo okusov in prihrani.<br data-start=\"2298\" data-end=\"2301\" \/>Od sadnih do peko\u010dih \u2013 izberi omake po svojem okusu.<\/p>\n<p data-start=\"2357\" data-end=\"2433\">\u2714 Najbolj priljubljen paket<br data-start=\"2384\" data-end=\"2387\" \/>\u2714 Idealno za darilo<br data-start=\"2406\" data-end=\"2409\" \/>\u2714 Ro\u010dno izdelane omake<\/p>","protected":false},"featured_media":5719,"comment_status":"open","ping_status":"closed","template":"","meta":[],"product_cat":[66,67],"product_tag":[],"yoast_head":"<!-- This site is optimized with the Yoast SEO plugin v23.5 - https:\/\/yoast.com\/wordpress\/plugins\/seo\/ -->\n<title>\u010cili omake set (5x) \u2013 Veliki paket | \u010cili Napoj<\/title>\n<meta name=\"description\" content=\"\u010cili omake set (5x) ti omogo\u010da, da izbere\u0161 svojo veliko kombinacijo okusov in ustvari\u0161 popoln \u010dili paket. Izberi 5 \u010dili omak po svojem okusu. Popoln set za darilo ali degustacijo \u2013 od sadnih do zelo peko\u010dih okusov.\" \/>\n<meta name=\"robots\" content=\"index, follow, max-snippet:-1, max-image-preview:large, max-video-preview:-1\" \/>\n<link rel=\"canonical\" href=\"https:\/\/cilinapoj.si\/de\/produkt\/cili-omake-set-5x-veliki-paket\/\" \/>\n<meta property=\"og:locale\" content=\"de_DE\" \/>\n<meta property=\"og:type\" content=\"article\" \/>\n<meta property=\"og:title\" content=\"\u010cili omake set (5x) \u2013 Veliki paket | \u010cili Napoj\" \/>\n<meta property=\"og:description\" content=\"\u010cili omake set (5x) ti omogo\u010da, da izbere\u0161 svojo veliko kombinacijo okusov in ustvari\u0161 popoln \u010dili paket. Izberi 5 \u010dili omak po svojem okusu. Popoln set za darilo ali degustacijo \u2013 od sadnih do zelo peko\u010dih okusov.\" \/>\n<meta property=\"og:url\" content=\"https:\/\/cilinapoj.si\/de\/produkt\/cili-omake-set-5x-veliki-paket\/\" \/>\n<meta property=\"og:site_name\" content=\"\u010cilinapoj.si - \u010cili z okusom\" \/>\n<meta property=\"article:publisher\" content=\"https:\/\/www.facebook.com\/cilinapoj\" \/>\n<meta property=\"article:modified_time\" content=\"2026-03-31T06:10:16+00:00\" \/>\n<meta property=\"og:image\" content=\"https:\/\/cilinapoj.si\/wp-content\/uploads\/2025\/10\/1757605044417-scaled.jpg\" \/>\n\t<meta property=\"og:image:width\" content=\"2560\" \/>\n\t<meta property=\"og:image:height\" content=\"1707\" \/>\n\t<meta property=\"og:image:type\" content=\"image\/jpeg\" \/>\n<meta name=\"twitter:card\" content=\"summary_large_image\" \/>\n<meta name=\"twitter:label1\" content=\"Gesch\u00e4tzte Lesezeit\" \/>\n\t<meta name=\"twitter:data1\" content=\"2 Minuten\" \/>\n<script type=\"application\/ld+json\" class=\"yoast-schema-graph\">{\"@context\":\"https:\/\/schema.org\",\"@graph\":[{\"@type\":\"WebPage\",\"@id\":\"https:\/\/cilinapoj.si\/izdelek\/cili-omake-set-5x-veliki-paket\/\",\"url\":\"https:\/\/cilinapoj.si\/izdelek\/cili-omake-set-5x-veliki-paket\/\",\"name\":\"\u010cili omake set (5x) \u2013 Veliki paket | \u010cili Napoj\",\"isPartOf\":{\"@id\":\"https:\/\/cilinapoj.si\/sl_si\/#website\"},\"primaryImageOfPage\":{\"@id\":\"https:\/\/cilinapoj.si\/izdelek\/cili-omake-set-5x-veliki-paket\/#primaryimage\"},\"image\":{\"@id\":\"https:\/\/cilinapoj.si\/izdelek\/cili-omake-set-5x-veliki-paket\/#primaryimage\"},\"thumbnailUrl\":\"https:\/\/cilinapoj.si\/wp-content\/uploads\/2025\/10\/1757605044417-scaled.jpg\",\"datePublished\":\"2026-03-31T05:05:42+00:00\",\"dateModified\":\"2026-03-31T06:10:16+00:00\",\"description\":\"\u010cili omake set (5x) ti omogo\u010da, da izbere\u0161 svojo veliko kombinacijo okusov in ustvari\u0161 popoln \u010dili paket. Izberi 5 \u010dili omak po svojem okusu. Popoln set za darilo ali degustacijo \u2013 od sadnih do zelo peko\u010dih okusov.\",\"breadcrumb\":{\"@id\":\"https:\/\/cilinapoj.si\/izdelek\/cili-omake-set-5x-veliki-paket\/#breadcrumb\"},\"inLanguage\":\"de-DE\",\"potentialAction\":[{\"@type\":\"ReadAction\",\"target\":[\"https:\/\/cilinapoj.si\/izdelek\/cili-omake-set-5x-veliki-paket\/\"]}]},{\"@type\":\"ImageObject\",\"inLanguage\":\"de-DE\",\"@id\":\"https:\/\/cilinapoj.si\/izdelek\/cili-omake-set-5x-veliki-paket\/#primaryimage\",\"url\":\"https:\/\/cilinapoj.si\/wp-content\/uploads\/2025\/10\/1757605044417-scaled.jpg\",\"contentUrl\":\"https:\/\/cilinapoj.si\/wp-content\/uploads\/2025\/10\/1757605044417-scaled.jpg\",\"width\":2560,\"height\":1707},{\"@type\":\"BreadcrumbList\",\"@id\":\"https:\/\/cilinapoj.si\/izdelek\/cili-omake-set-5x-veliki-paket\/#breadcrumb\",\"itemListElement\":[{\"@type\":\"ListItem\",\"position\":1,\"name\":\"Home\",\"item\":\"https:\/\/cilinapoj.si\/\"},{\"@type\":\"ListItem\",\"position\":2,\"name\":\"Trgovina\",\"item\":\"https:\/\/cilinapoj.si\/sl_si\/trgovina\/\"},{\"@type\":\"ListItem\",\"position\":3,\"name\":\"\u010cili omake set (5x) \u2013 Veliki paket\"}]},{\"@type\":\"WebSite\",\"@id\":\"https:\/\/cilinapoj.si\/sl_si\/#website\",\"url\":\"https:\/\/cilinapoj.si\/sl_si\/\",\"name\":\"\u010cilinapoj.si - \u010cili z okusom\",\"description\":\"Opojni izdelki iz \u010dilija\",\"publisher\":{\"@id\":\"https:\/\/cilinapoj.si\/sl_si\/#organization\"},\"potentialAction\":[{\"@type\":\"SearchAction\",\"target\":{\"@type\":\"EntryPoint\",\"urlTemplate\":\"https:\/\/cilinapoj.si\/sl_si\/?s={search_term_string}\"},\"query-input\":{\"@type\":\"PropertyValueSpecification\",\"valueRequired\":true,\"valueName\":\"search_term_string\"}}],\"inLanguage\":\"de-DE\"},{\"@type\":\"Organization\",\"@id\":\"https:\/\/cilinapoj.si\/sl_si\/#organization\",\"name\":\"\u010cili Napoj\",\"url\":\"https:\/\/cilinapoj.si\/sl_si\/\",\"logo\":{\"@type\":\"ImageObject\",\"inLanguage\":\"de-DE\",\"@id\":\"https:\/\/cilinapoj.si\/sl_si\/#\/schema\/logo\/image\/\",\"url\":\"https:\/\/cilinapoj.si\/wp-content\/uploads\/2022\/06\/cropped-android-chrome-512x512-2.png\",\"contentUrl\":\"https:\/\/cilinapoj.si\/wp-content\/uploads\/2022\/06\/cropped-android-chrome-512x512-2.png\",\"width\":512,\"height\":512,\"caption\":\"\u010cili Napoj\"},\"image\":{\"@id\":\"https:\/\/cilinapoj.si\/sl_si\/#\/schema\/logo\/image\/\"},\"sameAs\":[\"https:\/\/www.facebook.com\/cilinapoj\"]}]}<\/script>\n<!-- \/ Yoast SEO plugin. -->","yoast_head_json":{"title":"\u010cili omake set (5x) \u2013 Veliki paket | \u010cili Napoj","description":"\u010cili omake set (5x) ti omogo\u010da, da izbere\u0161 svojo veliko kombinacijo okusov in ustvari\u0161 popoln \u010dili paket. Izberi 5 \u010dili omak po svojem okusu. Popoln set za darilo ali degustacijo \u2013 od sadnih do zelo peko\u010dih okusov.","robots":{"index":"index","follow":"follow","max-snippet":"max-snippet:-1","max-image-preview":"max-image-preview:large","max-video-preview":"max-video-preview:-1"},"canonical":"https:\/\/cilinapoj.si\/de\/produkt\/cili-omake-set-5x-veliki-paket\/","og_locale":"de_DE","og_type":"article","og_title":"\u010cili omake set (5x) \u2013 Veliki paket | \u010cili Napoj","og_description":"\u010cili omake set (5x) ti omogo\u010da, da izbere\u0161 svojo veliko kombinacijo okusov in ustvari\u0161 popoln \u010dili paket. Izberi 5 \u010dili omak po svojem okusu. Popoln set za darilo ali degustacijo \u2013 od sadnih do zelo peko\u010dih okusov.","og_url":"https:\/\/cilinapoj.si\/de\/produkt\/cili-omake-set-5x-veliki-paket\/","og_site_name":"\u010cilinapoj.si - \u010cili z okusom","article_publisher":"https:\/\/www.facebook.com\/cilinapoj","article_modified_time":"2026-03-31T06:10:16+00:00","og_image":[{"width":2560,"height":1707,"url":"https:\/\/cilinapoj.si\/wp-content\/uploads\/2025\/10\/1757605044417-scaled.jpg","type":"image\/jpeg"}],"twitter_card":"summary_large_image","twitter_misc":{"Gesch\u00e4tzte Lesezeit":"2 Minuten"},"schema":{"@context":"https:\/\/schema.org","@graph":[{"@type":"WebPage","@id":"https:\/\/cilinapoj.si\/izdelek\/cili-omake-set-5x-veliki-paket\/","url":"https:\/\/cilinapoj.si\/izdelek\/cili-omake-set-5x-veliki-paket\/","name":"\u010cili omake set (5x) \u2013 Veliki paket | \u010cili Napoj","isPartOf":{"@id":"https:\/\/cilinapoj.si\/sl_si\/#website"},"primaryImageOfPage":{"@id":"https:\/\/cilinapoj.si\/izdelek\/cili-omake-set-5x-veliki-paket\/#primaryimage"},"image":{"@id":"https:\/\/cilinapoj.si\/izdelek\/cili-omake-set-5x-veliki-paket\/#primaryimage"},"thumbnailUrl":"https:\/\/cilinapoj.si\/wp-content\/uploads\/2025\/10\/1757605044417-scaled.jpg","datePublished":"2026-03-31T05:05:42+00:00","dateModified":"2026-03-31T06:10:16+00:00","description":"\u010cili omake set (5x) ti omogo\u010da, da izbere\u0161 svojo veliko kombinacijo okusov in ustvari\u0161 popoln \u010dili paket. Izberi 5 \u010dili omak po svojem okusu. Popoln set za darilo ali degustacijo \u2013 od sadnih do zelo peko\u010dih okusov.","breadcrumb":{"@id":"https:\/\/cilinapoj.si\/izdelek\/cili-omake-set-5x-veliki-paket\/#breadcrumb"},"inLanguage":"de-DE","potentialAction":[{"@type":"ReadAction","target":["https:\/\/cilinapoj.si\/izdelek\/cili-omake-set-5x-veliki-paket\/"]}]},{"@type":"ImageObject","inLanguage":"de-DE","@id":"https:\/\/cilinapoj.si\/izdelek\/cili-omake-set-5x-veliki-paket\/#primaryimage","url":"https:\/\/cilinapoj.si\/wp-content\/uploads\/2025\/10\/1757605044417-scaled.jpg","contentUrl":"https:\/\/cilinapoj.si\/wp-content\/uploads\/2025\/10\/1757605044417-scaled.jpg","width":2560,"height":1707},{"@type":"BreadcrumbList","@id":"https:\/\/cilinapoj.si\/izdelek\/cili-omake-set-5x-veliki-paket\/#breadcrumb","itemListElement":[{"@type":"ListItem","position":1,"name":"Home","item":"https:\/\/cilinapoj.si\/"},{"@type":"ListItem","position":2,"name":"Trgovina","item":"https:\/\/cilinapoj.si\/sl_si\/trgovina\/"},{"@type":"ListItem","position":3,"name":"\u010cili omake set (5x) \u2013 Veliki paket"}]},{"@type":"WebSite","@id":"https:\/\/cilinapoj.si\/sl_si\/#website","url":"https:\/\/cilinapoj.si\/sl_si\/","name":"\u010cilinapoj.si - \u010cili z okusom","description":"Opojni izdelki iz \u010dilija","publisher":{"@id":"https:\/\/cilinapoj.si\/sl_si\/#organization"},"potentialAction":[{"@type":"SearchAction","target":{"@type":"EntryPoint","urlTemplate":"https:\/\/cilinapoj.si\/sl_si\/?s={search_term_string}"},"query-input":{"@type":"PropertyValueSpecification","valueRequired":true,"valueName":"search_term_string"}}],"inLanguage":"de-DE"},{"@type":"Organization","@id":"https:\/\/cilinapoj.si\/sl_si\/#organization","name":"\u010cili Napoj","url":"https:\/\/cilinapoj.si\/sl_si\/","logo":{"@type":"ImageObject","inLanguage":"de-DE","@id":"https:\/\/cilinapoj.si\/sl_si\/#\/schema\/logo\/image\/","url":"https:\/\/cilinapoj.si\/wp-content\/uploads\/2022\/06\/cropped-android-chrome-512x512-2.png","contentUrl":"https:\/\/cilinapoj.si\/wp-content\/uploads\/2022\/06\/cropped-android-chrome-512x512-2.png","width":512,"height":512,"caption":"\u010cili Napoj"},"image":{"@id":"https:\/\/cilinapoj.si\/sl_si\/#\/schema\/logo\/image\/"},"sameAs":["https:\/\/www.facebook.com\/cilinapoj"]}]}},"_links":{"self":[{"href":"https:\/\/cilinapoj.si\/de\/wp-json\/wp\/v2\/product\/6089"}],"collection":[{"href":"https:\/\/cilinapoj.si\/de\/wp-json\/wp\/v2\/product"}],"about":[{"href":"https:\/\/cilinapoj.si\/de\/wp-json\/wp\/v2\/types\/product"}],"replies":[{"embeddable":true,"href":"https:\/\/cilinapoj.si\/de\/wp-json\/wp\/v2\/comments?post=6089"}],"wp:featuredmedia":[{"embeddable":true,"href":"https:\/\/cilinapoj.si\/de\/wp-json\/wp\/v2\/media\/5719"}],"wp:attachment":[{"href":"https:\/\/cilinapoj.si\/de\/wp-json\/wp\/v2\/media?parent=6089"}],"wp:term":[{"taxonomy":"product_cat","embeddable":true,"href":"https:\/\/cilinapoj.si\/de\/wp-json\/wp\/v2\/product_cat?post=6089"},{"taxonomy":"product_tag","embeddable":true,"href":"https:\/\/cilinapoj.si\/de\/wp-json\/wp\/v2\/product_tag?post=6089"}],"curies":[{"name":"wp","href":"https:\/\/api.w.org\/{rel}","templated":true}]}}