{"id":6001,"date":"2026-03-26T05:40:54","date_gmt":"2026-03-26T05:40:54","guid":{"rendered":"https:\/\/cilinapoj.si\/?post_type=product&#038;p=6001"},"modified":"2026-03-31T06:10:22","modified_gmt":"2026-03-31T06:10:22","slug":"eko-cili-omake-set","status":"publish","type":"product","link":"https:\/\/cilinapoj.si\/de\/produkt\/eko-cili-omake-set\/","title":{"rendered":"EKO \u010dili omake set (3x mini) \u2013 Degustacija"},"content":{"rendered":"<div class=\"wpb_text_column wpb_content_element\">\n<div class=\"wpb_wrapper\">\n<div dir=\"auto\">\n<p><strong>IZBOR je tvoj! Popoln set za darilo ali degustacijo \ud83d\udd25<\/strong><\/p>\n<\/div>\n<\/div>\n<div class=\"wpb_text_column wpb_content_element\">\n<div class=\"wpb_wrapper\">\n<div class=\"wpb_text_column wpb_content_element\">\n<div class=\"wpb_wrapper\">\n<p><span style=\"font-size: 17px;\"><strong>W\u00e4hle 3 Saucen aus und spare, und such dir noch etwas anderes dazu aus!<\/strong><\/span><\/p>\n<h2 data-section-id=\"orn510\" data-start=\"278\" data-end=\"294\">CLASSYC<\/h2>\n<p data-start=\"296\" data-end=\"369\">Omaka, ki predstavlja srce \u010dilija \u2013 \u010dista, uravnote\u017eena in polna okusa.<\/p>\n<p data-start=\"371\" data-end=\"558\">Z visokim dele\u017eem skrbno pridelanih \u010dilijev prina\u0161a pristno peko\u010dino, ki se razvija postopoma in lepo dopolnjuje naravne arome sestavin. Brez odve\u010dnih dodatkov \u2013 samo pravi okus \u010dilija.<\/p>\n<p data-start=\"560\" data-end=\"660\">Omaka ima jakost <strong data-start=\"577\" data-end=\"587\">(5\/10)<\/strong><br data-start=\"587\" data-end=\"590\" \/>Odli\u010dno se poda k sendvi\u010dem, testeninam, mesu in vsakodnevnim jedem.<\/p>\n<p data-start=\"560\" data-end=\"660\">Neto: 40 ml.<\/p>\n<hr data-start=\"662\" data-end=\"665\" \/>\n<h2 data-section-id=\"954nid\" data-start=\"667\" data-end=\"682\">FRUITY<\/h2>\n<p data-start=\"684\" data-end=\"804\">Ko se intenzivna aroma malin sre\u010da s \u010dilijem, nastane omaka, ki preseneti s popolnim ravnote\u017ejem sladkega in peko\u010dega.<\/p>\n<p data-start=\"806\" data-end=\"921\">Visok dele\u017e malin daje omaki izrazito sadno noto, ki jo dopolnjuje ne\u017ena peko\u010dina. Sve\u017ea, aromati\u010dna in druga\u010dna.<\/p>\n<p data-start=\"923\" data-end=\"1017\">Omaka ima jakost <strong data-start=\"940\" data-end=\"950\">(4\/10)<\/strong><br data-start=\"950\" data-end=\"953\" \/>Odli\u010dno se poda k sirnim plo\u0161\u010dam, burgerjem, mesu ali kot dip.<\/p>\n<p data-start=\"923\" data-end=\"1017\">Neto: 40ml.<\/p>\n<hr data-start=\"1019\" data-end=\"1022\" \/>\n<h2 data-section-id=\"rkp1fy\" data-start=\"1024\" data-end=\"1035\">HOT<\/h2>\n<p data-start=\"1037\" data-end=\"1079\">Za tiste, ki i\u0161\u010dejo ve\u010d kot le peko\u010dino.<\/p>\n<p data-start=\"1081\" data-end=\"1232\">Omaka zdru\u017euje izbrane najbolj peko\u010de \u010dilije in ustvarja intenzivno peko\u010dino, ki se razvija in ostane. Ne gre le za mo\u010d \u2013 gre za pravo \u010dili izku\u0161njo.<\/p>\n<p data-start=\"1234\" data-end=\"1351\">Omaka ima jakost <strong data-start=\"1251\" data-end=\"1261\">(10\/10)<\/strong><br data-start=\"1261\" data-end=\"1264\" \/>Odli\u010dno se poda k burgerjem, steakom, BBQ jedem in vsem, kjer \u017eeli\u0161 pravi chili kick.<\/p>\n<p data-start=\"1234\" data-end=\"1351\">Neto: 40ml.<\/p>\n<p data-start=\"1234\" data-end=\"1351\">\n<\/div>\n<p data-start=\"1234\" data-end=\"1351\">V<strong>E\u010c PODROBNOSTI o OMAKAH NAJDETE PRI VSAKI OMAKI &#8211; razdelek EKO \u010cILI.<\/strong><\/p>\n<\/div>\n<p data-start=\"1234\" data-end=\"1351\">\n<\/div>\n<\/div>\n<div class=\"wpb_text_column wpb_content_element\">\n<div class=\"wpb_text_column wpb_content_element\">Gluten free. Vegan.\u00a0 \u00a0<img loading=\"lazy\" decoding=\"async\" class=\"alignnone size-full wp-image-3703\" src=\"http:\/\/cilinapoj.si\/wp-content\/uploads\/2022\/05\/unnamed.png\" alt=\"\" width=\"161\" height=\"68\" \/><img loading=\"lazy\" decoding=\"async\" class=\"alignnone wp-image-5459\" src=\"https:\/\/cilinapoj.si\/wp-content\/uploads\/2025\/02\/EKO1-273x300.png\" alt=\"\" width=\"70\" height=\"77\" \/>\u00a0<img loading=\"lazy\" decoding=\"async\" class=\"alignnone wp-image-5458\" src=\"https:\/\/cilinapoj.si\/wp-content\/uploads\/2025\/02\/BIO1-286x300.png\" alt=\"\" width=\"72\" height=\"76\" \/><\/div>\n<div class=\"wpb_text_column wpb_content_element\">\n<div class=\"wpb_wrapper\">\n<p>&nbsp;<\/p>\n<\/div>\n<\/div>\n<\/div>\n<\/div>","protected":false},"excerpt":{"rendered":"<p>IZBOR je tvoj! Popoln set za darilo ali degustacijo \ud83d\udd25<\/p>\n<p><strong>W\u00e4hle 3 Saucen aus und spare, und such dir noch etwas anderes dazu aus!<\/strong><\/p>\n<p>Sie w\u00e4hlen das Paket aus!<\/p>\n<p>Gluten free. Vegan.\u00a0 \u00a0<img loading=\"lazy\" decoding=\"async\" class=\"alignnone size-full wp-image-3703\" src=\"http:\/\/cilinapoj.si\/wp-content\/uploads\/2022\/05\/unnamed.png\" alt=\"\" width=\"161\" height=\"68\" \/><img loading=\"lazy\" decoding=\"async\" class=\"alignnone wp-image-5459\" src=\"https:\/\/cilinapoj.si\/wp-content\/uploads\/2025\/02\/EKO1-273x300.png\" alt=\"\" width=\"70\" height=\"77\" \/>\u00a0<img loading=\"lazy\" decoding=\"async\" class=\"alignnone wp-image-5458\" src=\"https:\/\/cilinapoj.si\/wp-content\/uploads\/2025\/02\/BIO1-286x300.png\" alt=\"\" width=\"72\" height=\"76\" \/><\/p>","protected":false},"featured_media":6003,"comment_status":"open","ping_status":"closed","template":"","meta":[],"product_cat":[66,67,101],"product_tag":[],"yoast_head":"<!-- This site is optimized with the Yoast SEO plugin v23.5 - https:\/\/yoast.com\/wordpress\/plugins\/seo\/ -->\n<title>EKO \u010dili omake set (3x) \u2013 Izberi kombinacijo | \u010cili Napoj<\/title>\n<meta name=\"description\" content=\"Izberi 3 EKO \u010dili omake po svojem okusu \u2013 od sadne do zelo peko\u010de. Popoln set za ljubitelje \u010dilija, \u017eara in vrhunske kulinarike.\" \/>\n<meta name=\"robots\" content=\"index, follow, max-snippet:-1, max-image-preview:large, max-video-preview:-1\" \/>\n<link rel=\"canonical\" href=\"https:\/\/cilinapoj.si\/de\/produkt\/eko-cili-omake-set\/\" \/>\n<meta property=\"og:locale\" content=\"de_DE\" \/>\n<meta property=\"og:type\" content=\"article\" \/>\n<meta property=\"og:title\" content=\"EKO \u010dili omake set (3x) \u2013 Izberi kombinacijo | \u010cili Napoj\" \/>\n<meta property=\"og:description\" content=\"Izberi 3 EKO \u010dili omake po svojem okusu \u2013 od sadne do zelo peko\u010de. Popoln set za ljubitelje \u010dilija, \u017eara in vrhunske kulinarike.\" \/>\n<meta property=\"og:url\" content=\"https:\/\/cilinapoj.si\/de\/produkt\/eko-cili-omake-set\/\" \/>\n<meta property=\"og:site_name\" content=\"\u010cilinapoj.si - \u010cili z okusom\" \/>\n<meta property=\"article:publisher\" content=\"https:\/\/www.facebook.com\/cilinapoj\" \/>\n<meta property=\"article:modified_time\" content=\"2026-03-31T06:10:22+00:00\" \/>\n<meta property=\"og:image\" content=\"https:\/\/cilinapoj.si\/wp-content\/uploads\/2026\/03\/lv_0_20260326065124.png\" \/>\n\t<meta property=\"og:image:width\" content=\"1080\" \/>\n\t<meta property=\"og:image:height\" content=\"1080\" \/>\n\t<meta property=\"og:image:type\" content=\"image\/png\" \/>\n<meta name=\"twitter:card\" content=\"summary_large_image\" \/>\n<meta name=\"twitter:label1\" content=\"Gesch\u00e4tzte Lesezeit\" \/>\n\t<meta name=\"twitter:data1\" content=\"2 Minuten\" \/>\n<script type=\"application\/ld+json\" class=\"yoast-schema-graph\">{\"@context\":\"https:\/\/schema.org\",\"@graph\":[{\"@type\":\"WebPage\",\"@id\":\"https:\/\/cilinapoj.si\/izdelek\/eko-cili-omake-set\/\",\"url\":\"https:\/\/cilinapoj.si\/izdelek\/eko-cili-omake-set\/\",\"name\":\"EKO \u010dili omake set (3x) \u2013 Izberi kombinacijo | \u010cili Napoj\",\"isPartOf\":{\"@id\":\"https:\/\/cilinapoj.si\/sl_si\/#website\"},\"primaryImageOfPage\":{\"@id\":\"https:\/\/cilinapoj.si\/izdelek\/eko-cili-omake-set\/#primaryimage\"},\"image\":{\"@id\":\"https:\/\/cilinapoj.si\/izdelek\/eko-cili-omake-set\/#primaryimage\"},\"thumbnailUrl\":\"https:\/\/cilinapoj.si\/wp-content\/uploads\/2026\/03\/lv_0_20260326065124.png\",\"datePublished\":\"2026-03-26T05:40:54+00:00\",\"dateModified\":\"2026-03-31T06:10:22+00:00\",\"description\":\"Izberi 3 EKO \u010dili omake po svojem okusu \u2013 od sadne do zelo peko\u010de. Popoln set za ljubitelje \u010dilija, \u017eara in vrhunske kulinarike.\",\"breadcrumb\":{\"@id\":\"https:\/\/cilinapoj.si\/izdelek\/eko-cili-omake-set\/#breadcrumb\"},\"inLanguage\":\"de-DE\",\"potentialAction\":[{\"@type\":\"ReadAction\",\"target\":[\"https:\/\/cilinapoj.si\/izdelek\/eko-cili-omake-set\/\"]}]},{\"@type\":\"ImageObject\",\"inLanguage\":\"de-DE\",\"@id\":\"https:\/\/cilinapoj.si\/izdelek\/eko-cili-omake-set\/#primaryimage\",\"url\":\"https:\/\/cilinapoj.si\/wp-content\/uploads\/2026\/03\/lv_0_20260326065124.png\",\"contentUrl\":\"https:\/\/cilinapoj.si\/wp-content\/uploads\/2026\/03\/lv_0_20260326065124.png\",\"width\":1080,\"height\":1080},{\"@type\":\"BreadcrumbList\",\"@id\":\"https:\/\/cilinapoj.si\/izdelek\/eko-cili-omake-set\/#breadcrumb\",\"itemListElement\":[{\"@type\":\"ListItem\",\"position\":1,\"name\":\"Home\",\"item\":\"https:\/\/cilinapoj.si\/\"},{\"@type\":\"ListItem\",\"position\":2,\"name\":\"Trgovina\",\"item\":\"https:\/\/cilinapoj.si\/sl_si\/trgovina\/\"},{\"@type\":\"ListItem\",\"position\":3,\"name\":\"EKO \u010dili omake set (3x mini) \u2013 Degustacija\"}]},{\"@type\":\"WebSite\",\"@id\":\"https:\/\/cilinapoj.si\/sl_si\/#website\",\"url\":\"https:\/\/cilinapoj.si\/sl_si\/\",\"name\":\"\u010cilinapoj.si - \u010cili z okusom\",\"description\":\"Opojni izdelki iz \u010dilija\",\"publisher\":{\"@id\":\"https:\/\/cilinapoj.si\/sl_si\/#organization\"},\"potentialAction\":[{\"@type\":\"SearchAction\",\"target\":{\"@type\":\"EntryPoint\",\"urlTemplate\":\"https:\/\/cilinapoj.si\/sl_si\/?s={search_term_string}\"},\"query-input\":{\"@type\":\"PropertyValueSpecification\",\"valueRequired\":true,\"valueName\":\"search_term_string\"}}],\"inLanguage\":\"de-DE\"},{\"@type\":\"Organization\",\"@id\":\"https:\/\/cilinapoj.si\/sl_si\/#organization\",\"name\":\"\u010cili Napoj\",\"url\":\"https:\/\/cilinapoj.si\/sl_si\/\",\"logo\":{\"@type\":\"ImageObject\",\"inLanguage\":\"de-DE\",\"@id\":\"https:\/\/cilinapoj.si\/sl_si\/#\/schema\/logo\/image\/\",\"url\":\"https:\/\/cilinapoj.si\/wp-content\/uploads\/2022\/06\/cropped-android-chrome-512x512-2.png\",\"contentUrl\":\"https:\/\/cilinapoj.si\/wp-content\/uploads\/2022\/06\/cropped-android-chrome-512x512-2.png\",\"width\":512,\"height\":512,\"caption\":\"\u010cili Napoj\"},\"image\":{\"@id\":\"https:\/\/cilinapoj.si\/sl_si\/#\/schema\/logo\/image\/\"},\"sameAs\":[\"https:\/\/www.facebook.com\/cilinapoj\"]}]}<\/script>\n<!-- \/ Yoast SEO plugin. -->","yoast_head_json":{"title":"EKO \u010dili omake set (3x) \u2013 Izberi kombinacijo | \u010cili Napoj","description":"Izberi 3 EKO \u010dili omake po svojem okusu \u2013 od sadne do zelo peko\u010de. Popoln set za ljubitelje \u010dilija, \u017eara in vrhunske kulinarike.","robots":{"index":"index","follow":"follow","max-snippet":"max-snippet:-1","max-image-preview":"max-image-preview:large","max-video-preview":"max-video-preview:-1"},"canonical":"https:\/\/cilinapoj.si\/de\/produkt\/eko-cili-omake-set\/","og_locale":"de_DE","og_type":"article","og_title":"EKO \u010dili omake set (3x) \u2013 Izberi kombinacijo | \u010cili Napoj","og_description":"Izberi 3 EKO \u010dili omake po svojem okusu \u2013 od sadne do zelo peko\u010de. Popoln set za ljubitelje \u010dilija, \u017eara in vrhunske kulinarike.","og_url":"https:\/\/cilinapoj.si\/de\/produkt\/eko-cili-omake-set\/","og_site_name":"\u010cilinapoj.si - \u010cili z okusom","article_publisher":"https:\/\/www.facebook.com\/cilinapoj","article_modified_time":"2026-03-31T06:10:22+00:00","og_image":[{"width":1080,"height":1080,"url":"https:\/\/cilinapoj.si\/wp-content\/uploads\/2026\/03\/lv_0_20260326065124.png","type":"image\/png"}],"twitter_card":"summary_large_image","twitter_misc":{"Gesch\u00e4tzte Lesezeit":"2 Minuten"},"schema":{"@context":"https:\/\/schema.org","@graph":[{"@type":"WebPage","@id":"https:\/\/cilinapoj.si\/izdelek\/eko-cili-omake-set\/","url":"https:\/\/cilinapoj.si\/izdelek\/eko-cili-omake-set\/","name":"EKO \u010dili omake set (3x) \u2013 Izberi kombinacijo | \u010cili Napoj","isPartOf":{"@id":"https:\/\/cilinapoj.si\/sl_si\/#website"},"primaryImageOfPage":{"@id":"https:\/\/cilinapoj.si\/izdelek\/eko-cili-omake-set\/#primaryimage"},"image":{"@id":"https:\/\/cilinapoj.si\/izdelek\/eko-cili-omake-set\/#primaryimage"},"thumbnailUrl":"https:\/\/cilinapoj.si\/wp-content\/uploads\/2026\/03\/lv_0_20260326065124.png","datePublished":"2026-03-26T05:40:54+00:00","dateModified":"2026-03-31T06:10:22+00:00","description":"Izberi 3 EKO \u010dili omake po svojem okusu \u2013 od sadne do zelo peko\u010de. Popoln set za ljubitelje \u010dilija, \u017eara in vrhunske kulinarike.","breadcrumb":{"@id":"https:\/\/cilinapoj.si\/izdelek\/eko-cili-omake-set\/#breadcrumb"},"inLanguage":"de-DE","potentialAction":[{"@type":"ReadAction","target":["https:\/\/cilinapoj.si\/izdelek\/eko-cili-omake-set\/"]}]},{"@type":"ImageObject","inLanguage":"de-DE","@id":"https:\/\/cilinapoj.si\/izdelek\/eko-cili-omake-set\/#primaryimage","url":"https:\/\/cilinapoj.si\/wp-content\/uploads\/2026\/03\/lv_0_20260326065124.png","contentUrl":"https:\/\/cilinapoj.si\/wp-content\/uploads\/2026\/03\/lv_0_20260326065124.png","width":1080,"height":1080},{"@type":"BreadcrumbList","@id":"https:\/\/cilinapoj.si\/izdelek\/eko-cili-omake-set\/#breadcrumb","itemListElement":[{"@type":"ListItem","position":1,"name":"Home","item":"https:\/\/cilinapoj.si\/"},{"@type":"ListItem","position":2,"name":"Trgovina","item":"https:\/\/cilinapoj.si\/sl_si\/trgovina\/"},{"@type":"ListItem","position":3,"name":"EKO \u010dili omake set (3x mini) \u2013 Degustacija"}]},{"@type":"WebSite","@id":"https:\/\/cilinapoj.si\/sl_si\/#website","url":"https:\/\/cilinapoj.si\/sl_si\/","name":"\u010cilinapoj.si - \u010cili z okusom","description":"Opojni izdelki iz \u010dilija","publisher":{"@id":"https:\/\/cilinapoj.si\/sl_si\/#organization"},"potentialAction":[{"@type":"SearchAction","target":{"@type":"EntryPoint","urlTemplate":"https:\/\/cilinapoj.si\/sl_si\/?s={search_term_string}"},"query-input":{"@type":"PropertyValueSpecification","valueRequired":true,"valueName":"search_term_string"}}],"inLanguage":"de-DE"},{"@type":"Organization","@id":"https:\/\/cilinapoj.si\/sl_si\/#organization","name":"\u010cili Napoj","url":"https:\/\/cilinapoj.si\/sl_si\/","logo":{"@type":"ImageObject","inLanguage":"de-DE","@id":"https:\/\/cilinapoj.si\/sl_si\/#\/schema\/logo\/image\/","url":"https:\/\/cilinapoj.si\/wp-content\/uploads\/2022\/06\/cropped-android-chrome-512x512-2.png","contentUrl":"https:\/\/cilinapoj.si\/wp-content\/uploads\/2022\/06\/cropped-android-chrome-512x512-2.png","width":512,"height":512,"caption":"\u010cili Napoj"},"image":{"@id":"https:\/\/cilinapoj.si\/sl_si\/#\/schema\/logo\/image\/"},"sameAs":["https:\/\/www.facebook.com\/cilinapoj"]}]}},"_links":{"self":[{"href":"https:\/\/cilinapoj.si\/de\/wp-json\/wp\/v2\/product\/6001"}],"collection":[{"href":"https:\/\/cilinapoj.si\/de\/wp-json\/wp\/v2\/product"}],"about":[{"href":"https:\/\/cilinapoj.si\/de\/wp-json\/wp\/v2\/types\/product"}],"replies":[{"embeddable":true,"href":"https:\/\/cilinapoj.si\/de\/wp-json\/wp\/v2\/comments?post=6001"}],"wp:featuredmedia":[{"embeddable":true,"href":"https:\/\/cilinapoj.si\/de\/wp-json\/wp\/v2\/media\/6003"}],"wp:attachment":[{"href":"https:\/\/cilinapoj.si\/de\/wp-json\/wp\/v2\/media?parent=6001"}],"wp:term":[{"taxonomy":"product_cat","embeddable":true,"href":"https:\/\/cilinapoj.si\/de\/wp-json\/wp\/v2\/product_cat?post=6001"},{"taxonomy":"product_tag","embeddable":true,"href":"https:\/\/cilinapoj.si\/de\/wp-json\/wp\/v2\/product_tag?post=6001"}],"curies":[{"name":"wp","href":"https:\/\/api.w.org\/{rel}","templated":true}]}}