{"id":5975,"date":"2026-03-02T05:58:19","date_gmt":"2026-03-02T05:58:19","guid":{"rendered":"https:\/\/cilinapoj.si\/?post_type=product&#038;p=5975"},"modified":"2026-04-02T05:41:17","modified_gmt":"2026-04-02T05:41:17","slug":"malinina-cili-omaka","status":"publish","type":"product","link":"https:\/\/cilinapoj.si\/de\/produkt\/malinina-cili-omaka\/","title":{"rendered":"Iskriva Malina"},"content":{"rendered":"<p data-start=\"146\" data-end=\"260\"><strong data-start=\"146\" data-end=\"258\">Iskriva malina je na\u0161a nova, sadna \u010dili omaka z ve\u010d kot 70 % malin, ki zdru\u017euje izrazito sadno sve\u017eino in ne\u017eno peko\u010dino.<\/strong><\/p>\n<p data-start=\"262\" data-end=\"459\">Ob prvem okusu prevlada bogata aroma zrelih malin, ki jo dopolnjuje rahla kislina in subtilna peko\u010dina \u010dilija. Rezultat je omaka, ki ni le peko\u010da, temve\u010d predvsem sve\u017ea, \u017eivahna in polna zna\u010daja.<\/p>\n<p data-start=\"461\" data-end=\"601\">Sestavine so pridelane na na\u0161i kmetiji, kjer sledimo na\u010delom <strong data-start=\"522\" data-end=\"566\">ekolo\u0161ke pridelave in naravnih postopkov<\/strong>, brez kompromisov pri kakovosti.<\/p>\n<p>Odli\u010dno se poda k:<\/p>\n<ul>\n<li>sirnim plo\u0161\u010dam<\/li>\n<li>pe\u010denemu mesu in \u017earu<\/li>\n<li>burgerjem in sendvi\u010dem<\/li>\n<li>kot sadno-pikanten dip<\/li>\n<\/ul>\n<p data-start=\"755\" data-end=\"851\">To je omaka za vse, ki i\u0161\u010dejo nekaj druga\u010dnega \u2013 <strong data-start=\"804\" data-end=\"848\">sadno iskrivost z ne\u017enim \u010dili zaklju\u010dkom<\/strong><\/p>\n<p data-renderer-start-pos=\"915\">Neto koli\u010dina:105ml<\/p>\n<p data-renderer-start-pos=\"915\">Omaka ima jakost <strong data-start=\"620\" data-end=\"630\">(4\/10)<\/strong><\/p>\n<p data-renderer-start-pos=\"937\">Zutaten:<\/p>\n<ul>\n<li>maline<\/li>\n<li data-renderer-start-pos=\"937\">Paprika<\/li>\n<li data-renderer-start-pos=\"937\">\u010dili (Jalapeno, Habanero)<\/li>\n<li data-renderer-start-pos=\"937\">Zwiebeln<\/li>\n<li data-renderer-start-pos=\"937\">Zucker<\/li>\n<li data-renderer-start-pos=\"937\">Weinbrandessig<\/li>\n<li data-renderer-start-pos=\"937\">Knoblauch<\/li>\n<li data-renderer-start-pos=\"937\">Ingwer<\/li>\n<li data-renderer-start-pos=\"937\">Salz<\/li>\n<li data-renderer-start-pos=\"937\">Zitrone<\/li>\n<li data-renderer-start-pos=\"937\">Wasser<\/li>\n<\/ul>\n<p data-renderer-start-pos=\"1088\">Gluten free, Vegan.\u00a0 <img loading=\"lazy\" decoding=\"async\" class=\"alignnone size-full wp-image-3703\" src=\"http:\/\/cilinapoj.si\/wp-content\/uploads\/2022\/05\/unnamed.png\" alt=\"\" width=\"161\" height=\"68\" \/><\/p>","protected":false},"excerpt":{"rendered":"<p data-renderer-start-pos=\"27\"><strong data-start=\"146\" data-end=\"258\">Iskriva malina je na\u0161a nova, sadna \u010dili omaka z ve\u010d kot 70 % malin, ki zdru\u017euje izrazito sadno sve\u017eino maline in ne\u017eno peko\u010dino.<\/strong><\/p>\n<p data-renderer-start-pos=\"1088\">","protected":false},"featured_media":6099,"comment_status":"open","ping_status":"closed","template":"","meta":[],"product_cat":[66],"product_tag":[],"yoast_head":"<!-- This site is optimized with the Yoast SEO plugin v23.5 - https:\/\/yoast.com\/wordpress\/plugins\/seo\/ -->\n<title>\u010cili omaka z malino \u2013 Iskriva malina | \u010cili Napoj<\/title>\n<meta name=\"description\" content=\"\u010cili omaka z ve\u010d kot 70 % malin. Sadna \u010dili omaka z ne\u017eno peko\u010dino in sve\u017eim okusom. Idealna za sir, meso, burgerje in kot dip.\" \/>\n<meta name=\"robots\" content=\"index, follow, max-snippet:-1, max-image-preview:large, max-video-preview:-1\" \/>\n<link rel=\"canonical\" href=\"https:\/\/cilinapoj.si\/de\/produkt\/malinina-cili-omaka\/\" \/>\n<meta property=\"og:locale\" content=\"de_DE\" \/>\n<meta property=\"og:type\" content=\"article\" \/>\n<meta property=\"og:title\" content=\"\u010cili omaka z malino \u2013 Iskriva malina | \u010cili Napoj\" \/>\n<meta property=\"og:description\" content=\"\u010cili omaka z ve\u010d kot 70 % malin. Sadna \u010dili omaka z ne\u017eno peko\u010dino in sve\u017eim okusom. Idealna za sir, meso, burgerje in kot dip.\" \/>\n<meta property=\"og:url\" content=\"https:\/\/cilinapoj.si\/de\/produkt\/malinina-cili-omaka\/\" \/>\n<meta property=\"og:site_name\" content=\"\u010cilinapoj.si - \u010cili z okusom\" \/>\n<meta property=\"article:publisher\" content=\"https:\/\/www.facebook.com\/cilinapoj\" \/>\n<meta property=\"article:modified_time\" content=\"2026-04-02T05:41:17+00:00\" \/>\n<meta property=\"og:image\" content=\"https:\/\/cilinapoj.si\/wp-content\/uploads\/2026\/04\/Iskriva-malina_SLO.jpg\" \/>\n\t<meta property=\"og:image:width\" content=\"1000\" \/>\n\t<meta property=\"og:image:height\" content=\"667\" \/>\n\t<meta property=\"og:image:type\" content=\"image\/jpeg\" \/>\n<meta name=\"twitter:card\" content=\"summary_large_image\" \/>\n<meta name=\"twitter:label1\" content=\"Gesch\u00e4tzte Lesezeit\" \/>\n\t<meta name=\"twitter:data1\" content=\"2 Minuten\" \/>\n<script type=\"application\/ld+json\" class=\"yoast-schema-graph\">{\"@context\":\"https:\/\/schema.org\",\"@graph\":[{\"@type\":\"WebPage\",\"@id\":\"https:\/\/cilinapoj.si\/izdelek\/malinina-cili-omaka\/\",\"url\":\"https:\/\/cilinapoj.si\/izdelek\/malinina-cili-omaka\/\",\"name\":\"\u010cili omaka z malino \u2013 Iskriva malina | \u010cili Napoj\",\"isPartOf\":{\"@id\":\"https:\/\/cilinapoj.si\/sl_si\/#website\"},\"primaryImageOfPage\":{\"@id\":\"https:\/\/cilinapoj.si\/izdelek\/malinina-cili-omaka\/#primaryimage\"},\"image\":{\"@id\":\"https:\/\/cilinapoj.si\/izdelek\/malinina-cili-omaka\/#primaryimage\"},\"thumbnailUrl\":\"https:\/\/cilinapoj.si\/wp-content\/uploads\/2026\/04\/Iskriva-malina_SLO.jpg\",\"datePublished\":\"2026-03-02T05:58:19+00:00\",\"dateModified\":\"2026-04-02T05:41:17+00:00\",\"description\":\"\u010cili omaka z ve\u010d kot 70 % malin. Sadna \u010dili omaka z ne\u017eno peko\u010dino in sve\u017eim okusom. Idealna za sir, meso, burgerje in kot dip.\",\"breadcrumb\":{\"@id\":\"https:\/\/cilinapoj.si\/izdelek\/malinina-cili-omaka\/#breadcrumb\"},\"inLanguage\":\"de-DE\",\"potentialAction\":[{\"@type\":\"ReadAction\",\"target\":[\"https:\/\/cilinapoj.si\/izdelek\/malinina-cili-omaka\/\"]}]},{\"@type\":\"ImageObject\",\"inLanguage\":\"de-DE\",\"@id\":\"https:\/\/cilinapoj.si\/izdelek\/malinina-cili-omaka\/#primaryimage\",\"url\":\"https:\/\/cilinapoj.si\/wp-content\/uploads\/2026\/04\/Iskriva-malina_SLO.jpg\",\"contentUrl\":\"https:\/\/cilinapoj.si\/wp-content\/uploads\/2026\/04\/Iskriva-malina_SLO.jpg\",\"width\":1000,\"height\":667},{\"@type\":\"BreadcrumbList\",\"@id\":\"https:\/\/cilinapoj.si\/izdelek\/malinina-cili-omaka\/#breadcrumb\",\"itemListElement\":[{\"@type\":\"ListItem\",\"position\":1,\"name\":\"Home\",\"item\":\"https:\/\/cilinapoj.si\/\"},{\"@type\":\"ListItem\",\"position\":2,\"name\":\"Trgovina\",\"item\":\"https:\/\/cilinapoj.si\/sl_si\/trgovina\/\"},{\"@type\":\"ListItem\",\"position\":3,\"name\":\"Iskriva Malina\"}]},{\"@type\":\"WebSite\",\"@id\":\"https:\/\/cilinapoj.si\/sl_si\/#website\",\"url\":\"https:\/\/cilinapoj.si\/sl_si\/\",\"name\":\"\u010cilinapoj.si - \u010cili z okusom\",\"description\":\"Opojni izdelki iz \u010dilija\",\"publisher\":{\"@id\":\"https:\/\/cilinapoj.si\/sl_si\/#organization\"},\"potentialAction\":[{\"@type\":\"SearchAction\",\"target\":{\"@type\":\"EntryPoint\",\"urlTemplate\":\"https:\/\/cilinapoj.si\/sl_si\/?s={search_term_string}\"},\"query-input\":{\"@type\":\"PropertyValueSpecification\",\"valueRequired\":true,\"valueName\":\"search_term_string\"}}],\"inLanguage\":\"de-DE\"},{\"@type\":\"Organization\",\"@id\":\"https:\/\/cilinapoj.si\/sl_si\/#organization\",\"name\":\"\u010cili Napoj\",\"url\":\"https:\/\/cilinapoj.si\/sl_si\/\",\"logo\":{\"@type\":\"ImageObject\",\"inLanguage\":\"de-DE\",\"@id\":\"https:\/\/cilinapoj.si\/sl_si\/#\/schema\/logo\/image\/\",\"url\":\"https:\/\/cilinapoj.si\/wp-content\/uploads\/2022\/06\/cropped-android-chrome-512x512-2.png\",\"contentUrl\":\"https:\/\/cilinapoj.si\/wp-content\/uploads\/2022\/06\/cropped-android-chrome-512x512-2.png\",\"width\":512,\"height\":512,\"caption\":\"\u010cili Napoj\"},\"image\":{\"@id\":\"https:\/\/cilinapoj.si\/sl_si\/#\/schema\/logo\/image\/\"},\"sameAs\":[\"https:\/\/www.facebook.com\/cilinapoj\"]}]}<\/script>\n<!-- \/ Yoast SEO plugin. -->","yoast_head_json":{"title":"\u010cili omaka z malino \u2013 Iskriva malina | \u010cili Napoj","description":"\u010cili omaka z ve\u010d kot 70 % malin. Sadna \u010dili omaka z ne\u017eno peko\u010dino in sve\u017eim okusom. Idealna za sir, meso, burgerje in kot dip.","robots":{"index":"index","follow":"follow","max-snippet":"max-snippet:-1","max-image-preview":"max-image-preview:large","max-video-preview":"max-video-preview:-1"},"canonical":"https:\/\/cilinapoj.si\/de\/produkt\/malinina-cili-omaka\/","og_locale":"de_DE","og_type":"article","og_title":"\u010cili omaka z malino \u2013 Iskriva malina | \u010cili Napoj","og_description":"\u010cili omaka z ve\u010d kot 70 % malin. Sadna \u010dili omaka z ne\u017eno peko\u010dino in sve\u017eim okusom. Idealna za sir, meso, burgerje in kot dip.","og_url":"https:\/\/cilinapoj.si\/de\/produkt\/malinina-cili-omaka\/","og_site_name":"\u010cilinapoj.si - \u010cili z okusom","article_publisher":"https:\/\/www.facebook.com\/cilinapoj","article_modified_time":"2026-04-02T05:41:17+00:00","og_image":[{"width":1000,"height":667,"url":"https:\/\/cilinapoj.si\/wp-content\/uploads\/2026\/04\/Iskriva-malina_SLO.jpg","type":"image\/jpeg"}],"twitter_card":"summary_large_image","twitter_misc":{"Gesch\u00e4tzte Lesezeit":"2 Minuten"},"schema":{"@context":"https:\/\/schema.org","@graph":[{"@type":"WebPage","@id":"https:\/\/cilinapoj.si\/izdelek\/malinina-cili-omaka\/","url":"https:\/\/cilinapoj.si\/izdelek\/malinina-cili-omaka\/","name":"\u010cili omaka z malino \u2013 Iskriva malina | \u010cili Napoj","isPartOf":{"@id":"https:\/\/cilinapoj.si\/sl_si\/#website"},"primaryImageOfPage":{"@id":"https:\/\/cilinapoj.si\/izdelek\/malinina-cili-omaka\/#primaryimage"},"image":{"@id":"https:\/\/cilinapoj.si\/izdelek\/malinina-cili-omaka\/#primaryimage"},"thumbnailUrl":"https:\/\/cilinapoj.si\/wp-content\/uploads\/2026\/04\/Iskriva-malina_SLO.jpg","datePublished":"2026-03-02T05:58:19+00:00","dateModified":"2026-04-02T05:41:17+00:00","description":"\u010cili omaka z ve\u010d kot 70 % malin. Sadna \u010dili omaka z ne\u017eno peko\u010dino in sve\u017eim okusom. Idealna za sir, meso, burgerje in kot dip.","breadcrumb":{"@id":"https:\/\/cilinapoj.si\/izdelek\/malinina-cili-omaka\/#breadcrumb"},"inLanguage":"de-DE","potentialAction":[{"@type":"ReadAction","target":["https:\/\/cilinapoj.si\/izdelek\/malinina-cili-omaka\/"]}]},{"@type":"ImageObject","inLanguage":"de-DE","@id":"https:\/\/cilinapoj.si\/izdelek\/malinina-cili-omaka\/#primaryimage","url":"https:\/\/cilinapoj.si\/wp-content\/uploads\/2026\/04\/Iskriva-malina_SLO.jpg","contentUrl":"https:\/\/cilinapoj.si\/wp-content\/uploads\/2026\/04\/Iskriva-malina_SLO.jpg","width":1000,"height":667},{"@type":"BreadcrumbList","@id":"https:\/\/cilinapoj.si\/izdelek\/malinina-cili-omaka\/#breadcrumb","itemListElement":[{"@type":"ListItem","position":1,"name":"Home","item":"https:\/\/cilinapoj.si\/"},{"@type":"ListItem","position":2,"name":"Trgovina","item":"https:\/\/cilinapoj.si\/sl_si\/trgovina\/"},{"@type":"ListItem","position":3,"name":"Iskriva Malina"}]},{"@type":"WebSite","@id":"https:\/\/cilinapoj.si\/sl_si\/#website","url":"https:\/\/cilinapoj.si\/sl_si\/","name":"\u010cilinapoj.si - \u010cili z okusom","description":"Opojni izdelki iz \u010dilija","publisher":{"@id":"https:\/\/cilinapoj.si\/sl_si\/#organization"},"potentialAction":[{"@type":"SearchAction","target":{"@type":"EntryPoint","urlTemplate":"https:\/\/cilinapoj.si\/sl_si\/?s={search_term_string}"},"query-input":{"@type":"PropertyValueSpecification","valueRequired":true,"valueName":"search_term_string"}}],"inLanguage":"de-DE"},{"@type":"Organization","@id":"https:\/\/cilinapoj.si\/sl_si\/#organization","name":"\u010cili Napoj","url":"https:\/\/cilinapoj.si\/sl_si\/","logo":{"@type":"ImageObject","inLanguage":"de-DE","@id":"https:\/\/cilinapoj.si\/sl_si\/#\/schema\/logo\/image\/","url":"https:\/\/cilinapoj.si\/wp-content\/uploads\/2022\/06\/cropped-android-chrome-512x512-2.png","contentUrl":"https:\/\/cilinapoj.si\/wp-content\/uploads\/2022\/06\/cropped-android-chrome-512x512-2.png","width":512,"height":512,"caption":"\u010cili Napoj"},"image":{"@id":"https:\/\/cilinapoj.si\/sl_si\/#\/schema\/logo\/image\/"},"sameAs":["https:\/\/www.facebook.com\/cilinapoj"]}]}},"_links":{"self":[{"href":"https:\/\/cilinapoj.si\/de\/wp-json\/wp\/v2\/product\/5975"}],"collection":[{"href":"https:\/\/cilinapoj.si\/de\/wp-json\/wp\/v2\/product"}],"about":[{"href":"https:\/\/cilinapoj.si\/de\/wp-json\/wp\/v2\/types\/product"}],"replies":[{"embeddable":true,"href":"https:\/\/cilinapoj.si\/de\/wp-json\/wp\/v2\/comments?post=5975"}],"wp:featuredmedia":[{"embeddable":true,"href":"https:\/\/cilinapoj.si\/de\/wp-json\/wp\/v2\/media\/6099"}],"wp:attachment":[{"href":"https:\/\/cilinapoj.si\/de\/wp-json\/wp\/v2\/media?parent=5975"}],"wp:term":[{"taxonomy":"product_cat","embeddable":true,"href":"https:\/\/cilinapoj.si\/de\/wp-json\/wp\/v2\/product_cat?post=5975"},{"taxonomy":"product_tag","embeddable":true,"href":"https:\/\/cilinapoj.si\/de\/wp-json\/wp\/v2\/product_tag?post=5975"}],"curies":[{"name":"wp","href":"https:\/\/api.w.org\/{rel}","templated":true}]}}