{"id":5774,"date":"2025-10-16T04:14:57","date_gmt":"2025-10-16T04:14:57","guid":{"rendered":"https:\/\/cilinapoj.si\/?post_type=product&#038;p=5774"},"modified":"2026-04-02T05:42:50","modified_gmt":"2026-04-02T05:42:50","slug":"malinina-marmelada","status":"publish","type":"product","link":"https:\/\/cilinapoj.si\/de\/produkt\/malinina-marmelada\/","title":{"rendered":"Malinina senca &#8211; JAM"},"content":{"rendered":"<h2 data-section-id=\"vxscil\" data-start=\"109\" data-end=\"152\"><span style=\"font-size: 16px;\">MALININA SENCA = malinina marmelada \/ JAM.<\/span><\/h2>\n<p data-start=\"154\" data-end=\"284\"><span style=\"font-size: 14px;\"><strong data-start=\"154\" data-end=\"282\">Malinina senca je malinina marmelada oz. jam z visokim dele\u017eem malin, ki zdru\u017euje bogat sadni okus in rahlo pikanten \u010dili zaklju\u010dek.<\/strong><\/span><\/p>\n<p data-start=\"286\" data-end=\"516\">Ob prvem okusu prevlada intenzivna aroma zrelih malin, ki jo dopolnjuje prijetna sladkoba in ne\u017ena kislina. Posebnost marmelade je dodatek \u010dilija in ingverja, ki poudari sadnost in doda rahlo toplino, ne da bi prekril osnovni okus.<\/p>\n<p data-start=\"518\" data-end=\"631\">Sestavine so skrbno izbrane in pripravljene po naravnih postopkih, kjer ohranimo polnost okusa in zna\u010daj sadja.<\/p>\n<p data-start=\"633\" data-end=\"759\">Odli\u010dno se poda k:<\/p>\n<ul>\n<li data-start=\"633\" data-end=\"759\">zajtrku in sve\u017eemu kruhu<\/li>\n<li data-start=\"633\" data-end=\"759\">pala\u010dinkam in sladicam v kombinaciji s \u010dokolado<\/li>\n<li data-start=\"633\" data-end=\"759\">sirnim plo\u0161\u010dam<\/li>\n<li data-start=\"633\" data-end=\"759\">kot dodatek k mesnim jedem<\/li>\n<\/ul>\n<p data-start=\"761\" data-end=\"863\">To ni klasi\u010dna marmelada \u2013 to je <strong data-start=\"794\" data-end=\"835\">sadna izku\u0161nja z rahlim \u010dili zna\u010dajem<\/strong>, ki preseneti in navdu\u0161i.<\/p>\n<p data-start=\"761\" data-end=\"863\">Jakost: 3\/10<\/p>\n<p data-start=\"761\" data-end=\"863\">Neto te\u017ea: 200g<\/p>\n<p data-renderer-start-pos=\"937\">Zutaten:<\/p>\n<ul>\n<li data-renderer-start-pos=\"937\">Paprika<\/li>\n<li data-renderer-start-pos=\"937\">\u010dili (Jalapeno, Bishops crown, Habanero)<\/li>\n<li data-renderer-start-pos=\"937\">maline<\/li>\n<li data-renderer-start-pos=\"937\">Zucker<\/li>\n<li data-renderer-start-pos=\"937\">Zwiebeln<\/li>\n<li data-renderer-start-pos=\"937\">Weinbrandessig<\/li>\n<li data-renderer-start-pos=\"937\">Knoblauch<\/li>\n<li data-renderer-start-pos=\"937\">Ingwer<\/li>\n<li data-renderer-start-pos=\"937\">Salz<\/li>\n<li data-renderer-start-pos=\"937\">Zitrone<\/li>\n<li data-renderer-start-pos=\"937\">Wasser<\/li>\n<\/ul>\n<p data-renderer-start-pos=\"1088\">Gluten free, Vegan.\u00a0 <img loading=\"lazy\" decoding=\"async\" class=\"alignnone size-full wp-image-3703\" src=\"http:\/\/cilinapoj.si\/wp-content\/uploads\/2022\/05\/unnamed.png\" alt=\"\" width=\"161\" height=\"68\" \/><\/p>","protected":false},"excerpt":{"rendered":"<p data-start=\"154\" data-end=\"284\"><span style=\"font-size: 14px;\"><strong data-start=\"154\" data-end=\"282\">Malinina senca je malinina marmelada oz. jam z visokim dele\u017eem malin, ki zdru\u017euje bogat sadni okus in rahlo pikanten \u010dili zaklju\u010dek.<\/strong><\/span><\/p>\n<p data-start=\"286\" data-end=\"516\">Ob prvem okusu prevlada intenzivna aroma zrelih malin, ki jo dopolnjuje prijetna sladkoba in ne\u017ena kislina. Posebnost marmelade je dodatek \u010dilija in ingverja, ki poudari sadnost in doda rahlo toplino, ne da bi prekril osnovni okus.<\/p>\n<p data-renderer-start-pos=\"1088\">","protected":false},"featured_media":6100,"comment_status":"open","ping_status":"closed","template":"","meta":[],"product_cat":[66],"product_tag":[],"yoast_head":"<!-- This site is optimized with the Yoast SEO plugin v23.5 - https:\/\/yoast.com\/wordpress\/plugins\/seo\/ -->\n<title>Malinina marmelada \u2013 Malinina senca | \u010cili Napoj<\/title>\n<meta name=\"description\" content=\"Malinina marmelada z visokim dele\u017eem malin in polnim sadnim okusom. Popolna za zajtrk, sladice ali kot dodatek k siru, k mesu.\" \/>\n<meta name=\"robots\" content=\"index, follow, max-snippet:-1, max-image-preview:large, max-video-preview:-1\" \/>\n<link rel=\"canonical\" href=\"https:\/\/cilinapoj.si\/de\/produkt\/malinina-marmelada\/\" \/>\n<meta property=\"og:locale\" content=\"de_DE\" \/>\n<meta property=\"og:type\" content=\"article\" \/>\n<meta property=\"og:title\" content=\"Malinina marmelada \u2013 Malinina senca | \u010cili Napoj\" \/>\n<meta property=\"og:description\" content=\"Malinina marmelada z visokim dele\u017eem malin in polnim sadnim okusom. Popolna za zajtrk, sladice ali kot dodatek k siru, k mesu.\" \/>\n<meta property=\"og:url\" content=\"https:\/\/cilinapoj.si\/de\/produkt\/malinina-marmelada\/\" \/>\n<meta property=\"og:site_name\" content=\"\u010cilinapoj.si - \u010cili z okusom\" \/>\n<meta property=\"article:publisher\" content=\"https:\/\/www.facebook.com\/cilinapoj\" \/>\n<meta property=\"article:modified_time\" content=\"2026-04-02T05:42:50+00:00\" \/>\n<meta property=\"og:image\" content=\"https:\/\/cilinapoj.si\/wp-content\/uploads\/2026\/04\/Malinina_senca_SLO.jpg\" \/>\n\t<meta property=\"og:image:width\" content=\"1000\" \/>\n\t<meta property=\"og:image:height\" content=\"667\" \/>\n\t<meta property=\"og:image:type\" content=\"image\/jpeg\" \/>\n<meta name=\"twitter:card\" content=\"summary_large_image\" \/>\n<meta name=\"twitter:label1\" content=\"Gesch\u00e4tzte Lesezeit\" \/>\n\t<meta name=\"twitter:data1\" content=\"2 Minuten\" \/>\n<script type=\"application\/ld+json\" class=\"yoast-schema-graph\">{\"@context\":\"https:\/\/schema.org\",\"@graph\":[{\"@type\":\"WebPage\",\"@id\":\"https:\/\/cilinapoj.si\/izdelek\/malinina-marmelada\/\",\"url\":\"https:\/\/cilinapoj.si\/izdelek\/malinina-marmelada\/\",\"name\":\"Malinina marmelada \u2013 Malinina senca | \u010cili Napoj\",\"isPartOf\":{\"@id\":\"https:\/\/cilinapoj.si\/sl_si\/#website\"},\"primaryImageOfPage\":{\"@id\":\"https:\/\/cilinapoj.si\/izdelek\/malinina-marmelada\/#primaryimage\"},\"image\":{\"@id\":\"https:\/\/cilinapoj.si\/izdelek\/malinina-marmelada\/#primaryimage\"},\"thumbnailUrl\":\"https:\/\/cilinapoj.si\/wp-content\/uploads\/2026\/04\/Malinina_senca_SLO.jpg\",\"datePublished\":\"2025-10-16T04:14:57+00:00\",\"dateModified\":\"2026-04-02T05:42:50+00:00\",\"description\":\"Malinina marmelada z visokim dele\u017eem malin in polnim sadnim okusom. Popolna za zajtrk, sladice ali kot dodatek k siru, k mesu.\",\"breadcrumb\":{\"@id\":\"https:\/\/cilinapoj.si\/izdelek\/malinina-marmelada\/#breadcrumb\"},\"inLanguage\":\"de-DE\",\"potentialAction\":[{\"@type\":\"ReadAction\",\"target\":[\"https:\/\/cilinapoj.si\/izdelek\/malinina-marmelada\/\"]}]},{\"@type\":\"ImageObject\",\"inLanguage\":\"de-DE\",\"@id\":\"https:\/\/cilinapoj.si\/izdelek\/malinina-marmelada\/#primaryimage\",\"url\":\"https:\/\/cilinapoj.si\/wp-content\/uploads\/2026\/04\/Malinina_senca_SLO.jpg\",\"contentUrl\":\"https:\/\/cilinapoj.si\/wp-content\/uploads\/2026\/04\/Malinina_senca_SLO.jpg\",\"width\":1000,\"height\":667},{\"@type\":\"BreadcrumbList\",\"@id\":\"https:\/\/cilinapoj.si\/izdelek\/malinina-marmelada\/#breadcrumb\",\"itemListElement\":[{\"@type\":\"ListItem\",\"position\":1,\"name\":\"Home\",\"item\":\"https:\/\/cilinapoj.si\/\"},{\"@type\":\"ListItem\",\"position\":2,\"name\":\"Trgovina\",\"item\":\"https:\/\/cilinapoj.si\/sl_si\/trgovina\/\"},{\"@type\":\"ListItem\",\"position\":3,\"name\":\"Malinina senca &#8211; JAM\"}]},{\"@type\":\"WebSite\",\"@id\":\"https:\/\/cilinapoj.si\/sl_si\/#website\",\"url\":\"https:\/\/cilinapoj.si\/sl_si\/\",\"name\":\"\u010cilinapoj.si - \u010cili z okusom\",\"description\":\"Opojni izdelki iz \u010dilija\",\"publisher\":{\"@id\":\"https:\/\/cilinapoj.si\/sl_si\/#organization\"},\"potentialAction\":[{\"@type\":\"SearchAction\",\"target\":{\"@type\":\"EntryPoint\",\"urlTemplate\":\"https:\/\/cilinapoj.si\/sl_si\/?s={search_term_string}\"},\"query-input\":{\"@type\":\"PropertyValueSpecification\",\"valueRequired\":true,\"valueName\":\"search_term_string\"}}],\"inLanguage\":\"de-DE\"},{\"@type\":\"Organization\",\"@id\":\"https:\/\/cilinapoj.si\/sl_si\/#organization\",\"name\":\"\u010cili Napoj\",\"url\":\"https:\/\/cilinapoj.si\/sl_si\/\",\"logo\":{\"@type\":\"ImageObject\",\"inLanguage\":\"de-DE\",\"@id\":\"https:\/\/cilinapoj.si\/sl_si\/#\/schema\/logo\/image\/\",\"url\":\"https:\/\/cilinapoj.si\/wp-content\/uploads\/2022\/06\/cropped-android-chrome-512x512-2.png\",\"contentUrl\":\"https:\/\/cilinapoj.si\/wp-content\/uploads\/2022\/06\/cropped-android-chrome-512x512-2.png\",\"width\":512,\"height\":512,\"caption\":\"\u010cili Napoj\"},\"image\":{\"@id\":\"https:\/\/cilinapoj.si\/sl_si\/#\/schema\/logo\/image\/\"},\"sameAs\":[\"https:\/\/www.facebook.com\/cilinapoj\"]}]}<\/script>\n<!-- \/ Yoast SEO plugin. -->","yoast_head_json":{"title":"Malinina marmelada \u2013 Malinina senca | \u010cili Napoj","description":"Malinina marmelada z visokim dele\u017eem malin in polnim sadnim okusom. Popolna za zajtrk, sladice ali kot dodatek k siru, k mesu.","robots":{"index":"index","follow":"follow","max-snippet":"max-snippet:-1","max-image-preview":"max-image-preview:large","max-video-preview":"max-video-preview:-1"},"canonical":"https:\/\/cilinapoj.si\/de\/produkt\/malinina-marmelada\/","og_locale":"de_DE","og_type":"article","og_title":"Malinina marmelada \u2013 Malinina senca | \u010cili Napoj","og_description":"Malinina marmelada z visokim dele\u017eem malin in polnim sadnim okusom. Popolna za zajtrk, sladice ali kot dodatek k siru, k mesu.","og_url":"https:\/\/cilinapoj.si\/de\/produkt\/malinina-marmelada\/","og_site_name":"\u010cilinapoj.si - \u010cili z okusom","article_publisher":"https:\/\/www.facebook.com\/cilinapoj","article_modified_time":"2026-04-02T05:42:50+00:00","og_image":[{"width":1000,"height":667,"url":"https:\/\/cilinapoj.si\/wp-content\/uploads\/2026\/04\/Malinina_senca_SLO.jpg","type":"image\/jpeg"}],"twitter_card":"summary_large_image","twitter_misc":{"Gesch\u00e4tzte Lesezeit":"2 Minuten"},"schema":{"@context":"https:\/\/schema.org","@graph":[{"@type":"WebPage","@id":"https:\/\/cilinapoj.si\/izdelek\/malinina-marmelada\/","url":"https:\/\/cilinapoj.si\/izdelek\/malinina-marmelada\/","name":"Malinina marmelada \u2013 Malinina senca | \u010cili Napoj","isPartOf":{"@id":"https:\/\/cilinapoj.si\/sl_si\/#website"},"primaryImageOfPage":{"@id":"https:\/\/cilinapoj.si\/izdelek\/malinina-marmelada\/#primaryimage"},"image":{"@id":"https:\/\/cilinapoj.si\/izdelek\/malinina-marmelada\/#primaryimage"},"thumbnailUrl":"https:\/\/cilinapoj.si\/wp-content\/uploads\/2026\/04\/Malinina_senca_SLO.jpg","datePublished":"2025-10-16T04:14:57+00:00","dateModified":"2026-04-02T05:42:50+00:00","description":"Malinina marmelada z visokim dele\u017eem malin in polnim sadnim okusom. Popolna za zajtrk, sladice ali kot dodatek k siru, k mesu.","breadcrumb":{"@id":"https:\/\/cilinapoj.si\/izdelek\/malinina-marmelada\/#breadcrumb"},"inLanguage":"de-DE","potentialAction":[{"@type":"ReadAction","target":["https:\/\/cilinapoj.si\/izdelek\/malinina-marmelada\/"]}]},{"@type":"ImageObject","inLanguage":"de-DE","@id":"https:\/\/cilinapoj.si\/izdelek\/malinina-marmelada\/#primaryimage","url":"https:\/\/cilinapoj.si\/wp-content\/uploads\/2026\/04\/Malinina_senca_SLO.jpg","contentUrl":"https:\/\/cilinapoj.si\/wp-content\/uploads\/2026\/04\/Malinina_senca_SLO.jpg","width":1000,"height":667},{"@type":"BreadcrumbList","@id":"https:\/\/cilinapoj.si\/izdelek\/malinina-marmelada\/#breadcrumb","itemListElement":[{"@type":"ListItem","position":1,"name":"Home","item":"https:\/\/cilinapoj.si\/"},{"@type":"ListItem","position":2,"name":"Trgovina","item":"https:\/\/cilinapoj.si\/sl_si\/trgovina\/"},{"@type":"ListItem","position":3,"name":"Malinina senca &#8211; JAM"}]},{"@type":"WebSite","@id":"https:\/\/cilinapoj.si\/sl_si\/#website","url":"https:\/\/cilinapoj.si\/sl_si\/","name":"\u010cilinapoj.si - \u010cili z okusom","description":"Opojni izdelki iz \u010dilija","publisher":{"@id":"https:\/\/cilinapoj.si\/sl_si\/#organization"},"potentialAction":[{"@type":"SearchAction","target":{"@type":"EntryPoint","urlTemplate":"https:\/\/cilinapoj.si\/sl_si\/?s={search_term_string}"},"query-input":{"@type":"PropertyValueSpecification","valueRequired":true,"valueName":"search_term_string"}}],"inLanguage":"de-DE"},{"@type":"Organization","@id":"https:\/\/cilinapoj.si\/sl_si\/#organization","name":"\u010cili Napoj","url":"https:\/\/cilinapoj.si\/sl_si\/","logo":{"@type":"ImageObject","inLanguage":"de-DE","@id":"https:\/\/cilinapoj.si\/sl_si\/#\/schema\/logo\/image\/","url":"https:\/\/cilinapoj.si\/wp-content\/uploads\/2022\/06\/cropped-android-chrome-512x512-2.png","contentUrl":"https:\/\/cilinapoj.si\/wp-content\/uploads\/2022\/06\/cropped-android-chrome-512x512-2.png","width":512,"height":512,"caption":"\u010cili Napoj"},"image":{"@id":"https:\/\/cilinapoj.si\/sl_si\/#\/schema\/logo\/image\/"},"sameAs":["https:\/\/www.facebook.com\/cilinapoj"]}]}},"_links":{"self":[{"href":"https:\/\/cilinapoj.si\/de\/wp-json\/wp\/v2\/product\/5774"}],"collection":[{"href":"https:\/\/cilinapoj.si\/de\/wp-json\/wp\/v2\/product"}],"about":[{"href":"https:\/\/cilinapoj.si\/de\/wp-json\/wp\/v2\/types\/product"}],"replies":[{"embeddable":true,"href":"https:\/\/cilinapoj.si\/de\/wp-json\/wp\/v2\/comments?post=5774"}],"wp:featuredmedia":[{"embeddable":true,"href":"https:\/\/cilinapoj.si\/de\/wp-json\/wp\/v2\/media\/6100"}],"wp:attachment":[{"href":"https:\/\/cilinapoj.si\/de\/wp-json\/wp\/v2\/media?parent=5774"}],"wp:term":[{"taxonomy":"product_cat","embeddable":true,"href":"https:\/\/cilinapoj.si\/de\/wp-json\/wp\/v2\/product_cat?post=5774"},{"taxonomy":"product_tag","embeddable":true,"href":"https:\/\/cilinapoj.si\/de\/wp-json\/wp\/v2\/product_tag?post=5774"}],"curies":[{"name":"wp","href":"https:\/\/api.w.org\/{rel}","templated":true}]}}