{"id":5462,"date":"2025-02-28T12:38:42","date_gmt":"2025-02-28T12:38:42","guid":{"rendered":"https:\/\/cilinapoj.si\/?post_type=product&#038;p=5462"},"modified":"2025-05-17T11:39:16","modified_gmt":"2025-05-17T11:39:16","slug":"eko-cili-kosmici-grobo-mleti-zelo-pekoci-carolina-reaper","status":"publish","type":"product","link":"https:\/\/cilinapoj.si\/de\/produkt\/eko-cili-kosmici-grobo-mleti-zelo-pekoci-carolina-reaper\/","title":{"rendered":"BIO CHILI FLOCKEN  - Sehr scharf"},"content":{"rendered":"<p><strong>POSU\u0160ENI , GROBO MLETI EKOLO\u0160KI \u010cILI &#8211; \u010cILI KOSMI\u010cI<\/strong><\/p>\n<p>Im Beutel finden sie <strong>najbolj aromati\u010dnih posu\u0161enih zelo peko\u010dih sort \u010dilija<\/strong>Wir haben sie unter der Celestrina Sonne \u2600\ufe0fgezuchtet, die jeder Frucht <strong>ein Intensives Aroma und wunderbare Scharfe gibt.<\/strong><\/p>\n<p><strong>Wir bauen unsere eigenen Chilischoten an<\/strong>, <strong>aus BIO Chili Samen,<\/strong>\u00a0die Setzlinge und die Fr\u00fcchte pflegen wir sorgsam. <strong>.<\/strong>Sie werden bei einer optimalen Temperatur von bis zu 45 Grad Celsius getrocknet, wodurch ihre Eigenschaften erhalten bleiben <strong>urspr\u00fcngliches Aroma und perfekte Sch\u00e4rfe<\/strong>.<\/p>\n<p>Chili Flocken <strong>konnen praktisch \u00fcberall verwendet werden.<\/strong>Wir verwenden sie beim Kochen; <strong>zum Marinieren von Fleisch<\/strong>, zelenjave. Par kosmi\u010dev v juhe ali prikuhe dvigne jed na novi aromati\u010dno &#8211; pikanten nivo. <strong>Sie k\u00f6nnen die Menge und den Hitzegrad selbst bestimmen.<\/strong>.<\/p>\n<p><em>Netto: 10g<\/em><\/p>\n<p>Der Beutel enth\u00e4lt verschiedene Chilisorten, von denen wir folgende hervorheben: Trinidad Moruga Scorpion, Bhut Jolokia, <strong>Carolina Reaper<\/strong> .<\/p>\n<p><em>Sestavine: 100% ekolo\u0161ki, grobo mleti \u010dili. Brez dodanih aditivov in sredstev proti strjevanju. Shranjujte na suhem mestu in po uporabi zip &#8211; vre\u010dko dobro zaprite.<\/em><\/p>\n<p><img loading=\"lazy\" decoding=\"async\" class=\"alignnone wp-image-5458\" src=\"https:\/\/cilinapoj.si\/wp-content\/uploads\/2025\/02\/BIO1-286x300.png\" alt=\"\" width=\"102\" height=\"107\" \/><\/p>\n<p><em>Sch\u00e4rfe: 10\/10 <\/em><\/p>\n<p><em><strong>POZOR, \u010cILIJI SO ZELO &#8211; EKSTREMNO PEKO\u010cI!<\/strong><\/em><\/p>\n<p><span style=\"font-size: 17px;\"><strong>Lassen Sie sich nicht vom geringen Gewicht t\u00e4uschen, die T\u00fcte enth\u00e4lt biologisch angebauten Chili mit einer festen Konsistenz!<\/strong><\/span><\/p>\n<p><img loading=\"lazy\" decoding=\"async\" class=\"alignnone wp-image-5459\" src=\"https:\/\/cilinapoj.si\/wp-content\/uploads\/2025\/02\/EKO1-273x300.png\" alt=\"\" width=\"104\" height=\"114\" \/><\/p>","protected":false},"excerpt":{"rendered":"<p><strong>POSU\u0160ENI , GROBO MLETI EKOLO\u0160KI \u010cILI &#8211; \u010cILI KOSMI\u010cI<\/strong><\/p>\n<p>Im Beutel finden sie <strong>unsere sehr scharfe Chili Sorten.<\/strong>Wir haben sie unter der Celestrina Sonne \u2600\ufe0fgezuchtet, die jeder Frucht <strong>ein Intensives Aroma und wunderbare Scharfe gibt.<\/strong><\/p>\n<p><img loading=\"lazy\" decoding=\"async\" class=\"alignnone wp-image-5459\" src=\"https:\/\/cilinapoj.si\/wp-content\/uploads\/2025\/02\/EKO1-273x300.png\" alt=\"\" width=\"67\" height=\"74\" \/> <img loading=\"lazy\" decoding=\"async\" class=\"alignnone wp-image-5458\" src=\"https:\/\/cilinapoj.si\/wp-content\/uploads\/2025\/02\/BIO1-286x300.png\" alt=\"\" width=\"67\" height=\"70\" \/><\/p>","protected":false},"featured_media":5452,"comment_status":"open","ping_status":"closed","template":"","meta":[],"product_cat":[101],"product_tag":[],"yoast_head":"<!-- This site is optimized with the Yoast SEO plugin v23.5 - https:\/\/yoast.com\/wordpress\/plugins\/seo\/ -->\n<title>EKO \u010cILI KOSMI\u010cI - zelo peko\u010de - \u010cilinapoj.si - \u010cili z okusom<\/title>\n<meta name=\"description\" content=\"\u010cili kosmi\u010di, flakes, suhi \u010dili, eko, carolina reaper\" \/>\n<meta name=\"robots\" content=\"index, follow, max-snippet:-1, max-image-preview:large, max-video-preview:-1\" \/>\n<link rel=\"canonical\" href=\"https:\/\/cilinapoj.si\/de\/produkt\/eko-cili-kosmici-grobo-mleti-zelo-pekoci-carolina-reaper\/\" \/>\n<meta property=\"og:locale\" content=\"de_DE\" \/>\n<meta property=\"og:type\" content=\"article\" \/>\n<meta property=\"og:title\" content=\"EKO \u010cILI KOSMI\u010cI - zelo peko\u010de - \u010cilinapoj.si - \u010cili z okusom\" \/>\n<meta property=\"og:description\" content=\"\u010cili kosmi\u010di, flakes, suhi \u010dili, eko, carolina reaper\" \/>\n<meta property=\"og:url\" content=\"https:\/\/cilinapoj.si\/de\/produkt\/eko-cili-kosmici-grobo-mleti-zelo-pekoci-carolina-reaper\/\" \/>\n<meta property=\"og:site_name\" content=\"\u010cilinapoj.si - \u010cili z okusom\" \/>\n<meta property=\"article:publisher\" content=\"https:\/\/www.facebook.com\/cilinapoj\" \/>\n<meta property=\"article:modified_time\" content=\"2025-05-17T11:39:16+00:00\" \/>\n<meta property=\"og:image\" content=\"https:\/\/cilinapoj.si\/wp-content\/uploads\/2025\/02\/1740744386198.png\" \/>\n\t<meta property=\"og:image:width\" content=\"1365\" \/>\n\t<meta property=\"og:image:height\" content=\"2048\" \/>\n\t<meta property=\"og:image:type\" content=\"image\/png\" \/>\n<meta name=\"twitter:card\" content=\"summary_large_image\" \/>\n<meta name=\"twitter:label1\" content=\"Gesch\u00e4tzte Lesezeit\" \/>\n\t<meta name=\"twitter:data1\" content=\"2 Minuten\" \/>\n<script type=\"application\/ld+json\" class=\"yoast-schema-graph\">{\"@context\":\"https:\/\/schema.org\",\"@graph\":[{\"@type\":\"WebPage\",\"@id\":\"https:\/\/cilinapoj.si\/izdelek\/eko-cili-kosmici-grobo-mleti-zelo-pekoci-carolina-reaper\/\",\"url\":\"https:\/\/cilinapoj.si\/izdelek\/eko-cili-kosmici-grobo-mleti-zelo-pekoci-carolina-reaper\/\",\"name\":\"EKO \u010cILI KOSMI\u010cI - zelo peko\u010de - \u010cilinapoj.si - \u010cili z okusom\",\"isPartOf\":{\"@id\":\"https:\/\/cilinapoj.si\/sl_si\/#website\"},\"primaryImageOfPage\":{\"@id\":\"https:\/\/cilinapoj.si\/izdelek\/eko-cili-kosmici-grobo-mleti-zelo-pekoci-carolina-reaper\/#primaryimage\"},\"image\":{\"@id\":\"https:\/\/cilinapoj.si\/izdelek\/eko-cili-kosmici-grobo-mleti-zelo-pekoci-carolina-reaper\/#primaryimage\"},\"thumbnailUrl\":\"https:\/\/cilinapoj.si\/wp-content\/uploads\/2025\/02\/1740744386198.png\",\"datePublished\":\"2025-02-28T12:38:42+00:00\",\"dateModified\":\"2025-05-17T11:39:16+00:00\",\"description\":\"\u010cili kosmi\u010di, flakes, suhi \u010dili, eko, carolina reaper\",\"breadcrumb\":{\"@id\":\"https:\/\/cilinapoj.si\/izdelek\/eko-cili-kosmici-grobo-mleti-zelo-pekoci-carolina-reaper\/#breadcrumb\"},\"inLanguage\":\"de-DE\",\"potentialAction\":[{\"@type\":\"ReadAction\",\"target\":[\"https:\/\/cilinapoj.si\/izdelek\/eko-cili-kosmici-grobo-mleti-zelo-pekoci-carolina-reaper\/\"]}]},{\"@type\":\"ImageObject\",\"inLanguage\":\"de-DE\",\"@id\":\"https:\/\/cilinapoj.si\/izdelek\/eko-cili-kosmici-grobo-mleti-zelo-pekoci-carolina-reaper\/#primaryimage\",\"url\":\"https:\/\/cilinapoj.si\/wp-content\/uploads\/2025\/02\/1740744386198.png\",\"contentUrl\":\"https:\/\/cilinapoj.si\/wp-content\/uploads\/2025\/02\/1740744386198.png\",\"width\":1365,\"height\":2048},{\"@type\":\"BreadcrumbList\",\"@id\":\"https:\/\/cilinapoj.si\/izdelek\/eko-cili-kosmici-grobo-mleti-zelo-pekoci-carolina-reaper\/#breadcrumb\",\"itemListElement\":[{\"@type\":\"ListItem\",\"position\":1,\"name\":\"Home\",\"item\":\"https:\/\/cilinapoj.si\/\"},{\"@type\":\"ListItem\",\"position\":2,\"name\":\"Trgovina\",\"item\":\"https:\/\/cilinapoj.si\/sl_si\/trgovina\/\"},{\"@type\":\"ListItem\",\"position\":3,\"name\":\"EKO \u010cILI KOSMI\u010cI &#8211; zelo peko\u010de\"}]},{\"@type\":\"WebSite\",\"@id\":\"https:\/\/cilinapoj.si\/sl_si\/#website\",\"url\":\"https:\/\/cilinapoj.si\/sl_si\/\",\"name\":\"\u010cilinapoj.si - \u010cili z okusom\",\"description\":\"Opojni izdelki iz \u010dilija\",\"publisher\":{\"@id\":\"https:\/\/cilinapoj.si\/sl_si\/#organization\"},\"potentialAction\":[{\"@type\":\"SearchAction\",\"target\":{\"@type\":\"EntryPoint\",\"urlTemplate\":\"https:\/\/cilinapoj.si\/sl_si\/?s={search_term_string}\"},\"query-input\":{\"@type\":\"PropertyValueSpecification\",\"valueRequired\":true,\"valueName\":\"search_term_string\"}}],\"inLanguage\":\"de-DE\"},{\"@type\":\"Organization\",\"@id\":\"https:\/\/cilinapoj.si\/sl_si\/#organization\",\"name\":\"\u010cili Napoj\",\"url\":\"https:\/\/cilinapoj.si\/sl_si\/\",\"logo\":{\"@type\":\"ImageObject\",\"inLanguage\":\"de-DE\",\"@id\":\"https:\/\/cilinapoj.si\/sl_si\/#\/schema\/logo\/image\/\",\"url\":\"https:\/\/cilinapoj.si\/wp-content\/uploads\/2022\/06\/cropped-android-chrome-512x512-2.png\",\"contentUrl\":\"https:\/\/cilinapoj.si\/wp-content\/uploads\/2022\/06\/cropped-android-chrome-512x512-2.png\",\"width\":512,\"height\":512,\"caption\":\"\u010cili Napoj\"},\"image\":{\"@id\":\"https:\/\/cilinapoj.si\/sl_si\/#\/schema\/logo\/image\/\"},\"sameAs\":[\"https:\/\/www.facebook.com\/cilinapoj\"]}]}<\/script>\n<!-- \/ Yoast SEO plugin. -->","yoast_head_json":{"title":"EKO \u010cILI KOSMI\u010cI - zelo peko\u010de - \u010cilinapoj.si - \u010cili z okusom","description":"\u010cili kosmi\u010di, flakes, suhi \u010dili, eko, carolina reaper","robots":{"index":"index","follow":"follow","max-snippet":"max-snippet:-1","max-image-preview":"max-image-preview:large","max-video-preview":"max-video-preview:-1"},"canonical":"https:\/\/cilinapoj.si\/de\/produkt\/eko-cili-kosmici-grobo-mleti-zelo-pekoci-carolina-reaper\/","og_locale":"de_DE","og_type":"article","og_title":"EKO \u010cILI KOSMI\u010cI - zelo peko\u010de - \u010cilinapoj.si - \u010cili z okusom","og_description":"\u010cili kosmi\u010di, flakes, suhi \u010dili, eko, carolina reaper","og_url":"https:\/\/cilinapoj.si\/de\/produkt\/eko-cili-kosmici-grobo-mleti-zelo-pekoci-carolina-reaper\/","og_site_name":"\u010cilinapoj.si - \u010cili z okusom","article_publisher":"https:\/\/www.facebook.com\/cilinapoj","article_modified_time":"2025-05-17T11:39:16+00:00","og_image":[{"width":1365,"height":2048,"url":"https:\/\/cilinapoj.si\/wp-content\/uploads\/2025\/02\/1740744386198.png","type":"image\/png"}],"twitter_card":"summary_large_image","twitter_misc":{"Gesch\u00e4tzte Lesezeit":"2 Minuten"},"schema":{"@context":"https:\/\/schema.org","@graph":[{"@type":"WebPage","@id":"https:\/\/cilinapoj.si\/izdelek\/eko-cili-kosmici-grobo-mleti-zelo-pekoci-carolina-reaper\/","url":"https:\/\/cilinapoj.si\/izdelek\/eko-cili-kosmici-grobo-mleti-zelo-pekoci-carolina-reaper\/","name":"EKO \u010cILI KOSMI\u010cI - zelo peko\u010de - \u010cilinapoj.si - \u010cili z okusom","isPartOf":{"@id":"https:\/\/cilinapoj.si\/sl_si\/#website"},"primaryImageOfPage":{"@id":"https:\/\/cilinapoj.si\/izdelek\/eko-cili-kosmici-grobo-mleti-zelo-pekoci-carolina-reaper\/#primaryimage"},"image":{"@id":"https:\/\/cilinapoj.si\/izdelek\/eko-cili-kosmici-grobo-mleti-zelo-pekoci-carolina-reaper\/#primaryimage"},"thumbnailUrl":"https:\/\/cilinapoj.si\/wp-content\/uploads\/2025\/02\/1740744386198.png","datePublished":"2025-02-28T12:38:42+00:00","dateModified":"2025-05-17T11:39:16+00:00","description":"\u010cili kosmi\u010di, flakes, suhi \u010dili, eko, carolina reaper","breadcrumb":{"@id":"https:\/\/cilinapoj.si\/izdelek\/eko-cili-kosmici-grobo-mleti-zelo-pekoci-carolina-reaper\/#breadcrumb"},"inLanguage":"de-DE","potentialAction":[{"@type":"ReadAction","target":["https:\/\/cilinapoj.si\/izdelek\/eko-cili-kosmici-grobo-mleti-zelo-pekoci-carolina-reaper\/"]}]},{"@type":"ImageObject","inLanguage":"de-DE","@id":"https:\/\/cilinapoj.si\/izdelek\/eko-cili-kosmici-grobo-mleti-zelo-pekoci-carolina-reaper\/#primaryimage","url":"https:\/\/cilinapoj.si\/wp-content\/uploads\/2025\/02\/1740744386198.png","contentUrl":"https:\/\/cilinapoj.si\/wp-content\/uploads\/2025\/02\/1740744386198.png","width":1365,"height":2048},{"@type":"BreadcrumbList","@id":"https:\/\/cilinapoj.si\/izdelek\/eko-cili-kosmici-grobo-mleti-zelo-pekoci-carolina-reaper\/#breadcrumb","itemListElement":[{"@type":"ListItem","position":1,"name":"Home","item":"https:\/\/cilinapoj.si\/"},{"@type":"ListItem","position":2,"name":"Trgovina","item":"https:\/\/cilinapoj.si\/sl_si\/trgovina\/"},{"@type":"ListItem","position":3,"name":"EKO \u010cILI KOSMI\u010cI &#8211; zelo peko\u010de"}]},{"@type":"WebSite","@id":"https:\/\/cilinapoj.si\/sl_si\/#website","url":"https:\/\/cilinapoj.si\/sl_si\/","name":"\u010cilinapoj.si - \u010cili z okusom","description":"Opojni izdelki iz \u010dilija","publisher":{"@id":"https:\/\/cilinapoj.si\/sl_si\/#organization"},"potentialAction":[{"@type":"SearchAction","target":{"@type":"EntryPoint","urlTemplate":"https:\/\/cilinapoj.si\/sl_si\/?s={search_term_string}"},"query-input":{"@type":"PropertyValueSpecification","valueRequired":true,"valueName":"search_term_string"}}],"inLanguage":"de-DE"},{"@type":"Organization","@id":"https:\/\/cilinapoj.si\/sl_si\/#organization","name":"\u010cili Napoj","url":"https:\/\/cilinapoj.si\/sl_si\/","logo":{"@type":"ImageObject","inLanguage":"de-DE","@id":"https:\/\/cilinapoj.si\/sl_si\/#\/schema\/logo\/image\/","url":"https:\/\/cilinapoj.si\/wp-content\/uploads\/2022\/06\/cropped-android-chrome-512x512-2.png","contentUrl":"https:\/\/cilinapoj.si\/wp-content\/uploads\/2022\/06\/cropped-android-chrome-512x512-2.png","width":512,"height":512,"caption":"\u010cili Napoj"},"image":{"@id":"https:\/\/cilinapoj.si\/sl_si\/#\/schema\/logo\/image\/"},"sameAs":["https:\/\/www.facebook.com\/cilinapoj"]}]}},"_links":{"self":[{"href":"https:\/\/cilinapoj.si\/de\/wp-json\/wp\/v2\/product\/5462"}],"collection":[{"href":"https:\/\/cilinapoj.si\/de\/wp-json\/wp\/v2\/product"}],"about":[{"href":"https:\/\/cilinapoj.si\/de\/wp-json\/wp\/v2\/types\/product"}],"replies":[{"embeddable":true,"href":"https:\/\/cilinapoj.si\/de\/wp-json\/wp\/v2\/comments?post=5462"}],"wp:featuredmedia":[{"embeddable":true,"href":"https:\/\/cilinapoj.si\/de\/wp-json\/wp\/v2\/media\/5452"}],"wp:attachment":[{"href":"https:\/\/cilinapoj.si\/de\/wp-json\/wp\/v2\/media?parent=5462"}],"wp:term":[{"taxonomy":"product_cat","embeddable":true,"href":"https:\/\/cilinapoj.si\/de\/wp-json\/wp\/v2\/product_cat?post=5462"},{"taxonomy":"product_tag","embeddable":true,"href":"https:\/\/cilinapoj.si\/de\/wp-json\/wp\/v2\/product_tag?post=5462"}],"curies":[{"name":"wp","href":"https:\/\/api.w.org\/{rel}","templated":true}]}}