{"id":4468,"date":"2023-03-14T19:58:36","date_gmt":"2023-03-14T19:58:36","guid":{"rendered":"https:\/\/cilinapoj.si\/?post_type=product&#038;p=4468"},"modified":"2026-03-31T05:29:24","modified_gmt":"2026-03-31T05:29:24","slug":"bishops-crown-skofovska-kapa","status":"publish","type":"product","link":"https:\/\/cilinapoj.si\/de\/produkt\/bishops-crown-skofovska-kapa\/","title":{"rendered":"Bishop\u2019s Crown \u2013 \u0160kofovska kapa"},"content":{"rendered":"<p>Bishop\u2019s Crown je edinstvena \u010dili paprika s prepoznavno obliko, ki spominja na \u0161kofovsko krono ali zvon\u010dek. Njeni plodovi so svetlo zeleni in ob zorenju prehajajo v \u017eivahno rde\u010do barvo. Okus je sladkast in rahlo sadni, z blagim do zmernim nivojem peko\u010dnosti, ki se giblje med 5.000 in 30.000 SHU. Rastlina je zelo rodovitna in lahko dose\u017ee vi\u0161ino do 120 cm, pri ugodnih pogojih pa \u0161e ve\u010d. Zaradi svoje edinstvene oblike je priljubljena tako za kulinari\u010dne kot dekorativne namene. Uporablja se sve\u017ea v solatah, polnjena ali kot dodatek omakam in marinadam. Spada v vrsto <em data-start=\"570\" data-end=\"589\">Capsicum baccatum<\/em> in je priljubljena med ljubitelji blagih do srednje peko\u010dih \u010dilijev.<\/p>\n<p>Manj peko\u010de.<\/p>\n<p>SHU: 5.000 &#8211; 20.000<\/p>\n<p>&nbsp;<\/p>\n<p>Sadike so EKOLO\u0160KE pridelave.<img loading=\"lazy\" decoding=\"async\" class=\"alignnone  wp-image-5459\" src=\"https:\/\/cilinapoj.si\/wp-content\/uploads\/2025\/02\/EKO1-273x300.png\" alt=\"\" width=\"109\" height=\"120\" \/><\/p>","protected":false},"excerpt":{"rendered":"<p><span class=\"x1xsqp64 xiy17q3 x1o6pynw x19co3pv xdj266r xcwd3tp xat24cr x39eecv x2b8uid\" data-testid=\"emoji\"><span class=\"xexx8yu xn5pp95 x18d9i69 x2fxd7x x1yqt14a x1bhl96m\">\u2757\ufe0fSadike se ne po\u0161iljajo po po\u0161ti. Ob pla\u010dilu se izvede rezervacija. Prevzem je mo\u017een na Kmetiji Legnar. \u2757\ufe0f<\/span><\/span><\/p>","protected":false},"featured_media":4497,"comment_status":"open","ping_status":"closed","template":"","meta":[],"product_cat":[305],"product_tag":[],"yoast_head":"<!-- This site is optimized with the Yoast SEO plugin v23.5 - https:\/\/yoast.com\/wordpress\/plugins\/seo\/ -->\n<title>Bishop\u2019s Crown \u2013 \u0160kofovska kapa - \u010cilinapoj.si - \u010cili z okusom<\/title>\n<meta name=\"robots\" content=\"index, follow, max-snippet:-1, max-image-preview:large, max-video-preview:-1\" \/>\n<link rel=\"canonical\" href=\"https:\/\/cilinapoj.si\/de\/produkt\/bishops-crown-skofovska-kapa\/\" \/>\n<meta property=\"og:locale\" content=\"de_DE\" \/>\n<meta property=\"og:type\" content=\"article\" \/>\n<meta property=\"og:title\" content=\"Bishop\u2019s Crown \u2013 \u0160kofovska kapa - \u010cilinapoj.si - \u010cili z okusom\" \/>\n<meta property=\"og:description\" content=\"\u2757\ufe0fSadike se ne po\u0161iljajo po po\u0161ti. Ob pla\u010dilu se izvede rezervacija. Prevzem je mo\u017een na Kmetiji Legnar. \u2757\ufe0f\" \/>\n<meta property=\"og:url\" content=\"https:\/\/cilinapoj.si\/de\/produkt\/bishops-crown-skofovska-kapa\/\" \/>\n<meta property=\"og:site_name\" content=\"\u010cilinapoj.si - \u010cili z okusom\" \/>\n<meta property=\"article:publisher\" content=\"https:\/\/www.facebook.com\/cilinapoj\" \/>\n<meta property=\"article:modified_time\" content=\"2026-03-31T05:29:24+00:00\" \/>\n<meta property=\"og:image\" content=\"https:\/\/cilinapoj.si\/wp-content\/uploads\/2023\/03\/DSC09155.jpg\" \/>\n\t<meta property=\"og:image:width\" content=\"800\" \/>\n\t<meta property=\"og:image:height\" content=\"600\" \/>\n\t<meta property=\"og:image:type\" content=\"image\/jpeg\" \/>\n<meta name=\"twitter:card\" content=\"summary_large_image\" \/>\n<meta name=\"twitter:label1\" content=\"Gesch\u00e4tzte Lesezeit\" \/>\n\t<meta name=\"twitter:data1\" content=\"2 Minuten\" \/>\n<script type=\"application\/ld+json\" class=\"yoast-schema-graph\">{\"@context\":\"https:\/\/schema.org\",\"@graph\":[{\"@type\":\"WebPage\",\"@id\":\"https:\/\/cilinapoj.si\/izdelek\/bishops-crown-skofovska-kapa\/\",\"url\":\"https:\/\/cilinapoj.si\/izdelek\/bishops-crown-skofovska-kapa\/\",\"name\":\"Bishop\u2019s Crown \u2013 \u0160kofovska kapa - \u010cilinapoj.si - \u010cili z okusom\",\"isPartOf\":{\"@id\":\"https:\/\/cilinapoj.si\/sl_si\/#website\"},\"primaryImageOfPage\":{\"@id\":\"https:\/\/cilinapoj.si\/izdelek\/bishops-crown-skofovska-kapa\/#primaryimage\"},\"image\":{\"@id\":\"https:\/\/cilinapoj.si\/izdelek\/bishops-crown-skofovska-kapa\/#primaryimage\"},\"thumbnailUrl\":\"https:\/\/cilinapoj.si\/wp-content\/uploads\/2023\/03\/DSC09155.jpg\",\"datePublished\":\"2023-03-14T19:58:36+00:00\",\"dateModified\":\"2026-03-31T05:29:24+00:00\",\"breadcrumb\":{\"@id\":\"https:\/\/cilinapoj.si\/izdelek\/bishops-crown-skofovska-kapa\/#breadcrumb\"},\"inLanguage\":\"de-DE\",\"potentialAction\":[{\"@type\":\"ReadAction\",\"target\":[\"https:\/\/cilinapoj.si\/izdelek\/bishops-crown-skofovska-kapa\/\"]}]},{\"@type\":\"ImageObject\",\"inLanguage\":\"de-DE\",\"@id\":\"https:\/\/cilinapoj.si\/izdelek\/bishops-crown-skofovska-kapa\/#primaryimage\",\"url\":\"https:\/\/cilinapoj.si\/wp-content\/uploads\/2023\/03\/DSC09155.jpg\",\"contentUrl\":\"https:\/\/cilinapoj.si\/wp-content\/uploads\/2023\/03\/DSC09155.jpg\",\"width\":800,\"height\":600},{\"@type\":\"BreadcrumbList\",\"@id\":\"https:\/\/cilinapoj.si\/izdelek\/bishops-crown-skofovska-kapa\/#breadcrumb\",\"itemListElement\":[{\"@type\":\"ListItem\",\"position\":1,\"name\":\"Home\",\"item\":\"https:\/\/cilinapoj.si\/\"},{\"@type\":\"ListItem\",\"position\":2,\"name\":\"Trgovina\",\"item\":\"https:\/\/cilinapoj.si\/sl_si\/trgovina\/\"},{\"@type\":\"ListItem\",\"position\":3,\"name\":\"Bishop\u2019s Crown \u2013 \u0160kofovska kapa\"}]},{\"@type\":\"WebSite\",\"@id\":\"https:\/\/cilinapoj.si\/sl_si\/#website\",\"url\":\"https:\/\/cilinapoj.si\/sl_si\/\",\"name\":\"\u010cilinapoj.si - \u010cili z okusom\",\"description\":\"Opojni izdelki iz \u010dilija\",\"publisher\":{\"@id\":\"https:\/\/cilinapoj.si\/sl_si\/#organization\"},\"potentialAction\":[{\"@type\":\"SearchAction\",\"target\":{\"@type\":\"EntryPoint\",\"urlTemplate\":\"https:\/\/cilinapoj.si\/sl_si\/?s={search_term_string}\"},\"query-input\":{\"@type\":\"PropertyValueSpecification\",\"valueRequired\":true,\"valueName\":\"search_term_string\"}}],\"inLanguage\":\"de-DE\"},{\"@type\":\"Organization\",\"@id\":\"https:\/\/cilinapoj.si\/sl_si\/#organization\",\"name\":\"\u010cili Napoj\",\"url\":\"https:\/\/cilinapoj.si\/sl_si\/\",\"logo\":{\"@type\":\"ImageObject\",\"inLanguage\":\"de-DE\",\"@id\":\"https:\/\/cilinapoj.si\/sl_si\/#\/schema\/logo\/image\/\",\"url\":\"https:\/\/cilinapoj.si\/wp-content\/uploads\/2022\/06\/cropped-android-chrome-512x512-2.png\",\"contentUrl\":\"https:\/\/cilinapoj.si\/wp-content\/uploads\/2022\/06\/cropped-android-chrome-512x512-2.png\",\"width\":512,\"height\":512,\"caption\":\"\u010cili Napoj\"},\"image\":{\"@id\":\"https:\/\/cilinapoj.si\/sl_si\/#\/schema\/logo\/image\/\"},\"sameAs\":[\"https:\/\/www.facebook.com\/cilinapoj\"]}]}<\/script>\n<!-- \/ Yoast SEO plugin. -->","yoast_head_json":{"title":"Bishop\u2019s Crown \u2013 \u0160kofovska kapa - \u010cilinapoj.si - \u010cili z okusom","robots":{"index":"index","follow":"follow","max-snippet":"max-snippet:-1","max-image-preview":"max-image-preview:large","max-video-preview":"max-video-preview:-1"},"canonical":"https:\/\/cilinapoj.si\/de\/produkt\/bishops-crown-skofovska-kapa\/","og_locale":"de_DE","og_type":"article","og_title":"Bishop\u2019s Crown \u2013 \u0160kofovska kapa - \u010cilinapoj.si - \u010cili z okusom","og_description":"\u2757\ufe0fSadike se ne po\u0161iljajo po po\u0161ti. Ob pla\u010dilu se izvede rezervacija. Prevzem je mo\u017een na Kmetiji Legnar. \u2757\ufe0f","og_url":"https:\/\/cilinapoj.si\/de\/produkt\/bishops-crown-skofovska-kapa\/","og_site_name":"\u010cilinapoj.si - \u010cili z okusom","article_publisher":"https:\/\/www.facebook.com\/cilinapoj","article_modified_time":"2026-03-31T05:29:24+00:00","og_image":[{"width":800,"height":600,"url":"https:\/\/cilinapoj.si\/wp-content\/uploads\/2023\/03\/DSC09155.jpg","type":"image\/jpeg"}],"twitter_card":"summary_large_image","twitter_misc":{"Gesch\u00e4tzte Lesezeit":"2 Minuten"},"schema":{"@context":"https:\/\/schema.org","@graph":[{"@type":"WebPage","@id":"https:\/\/cilinapoj.si\/izdelek\/bishops-crown-skofovska-kapa\/","url":"https:\/\/cilinapoj.si\/izdelek\/bishops-crown-skofovska-kapa\/","name":"Bishop\u2019s Crown \u2013 \u0160kofovska kapa - \u010cilinapoj.si - \u010cili z okusom","isPartOf":{"@id":"https:\/\/cilinapoj.si\/sl_si\/#website"},"primaryImageOfPage":{"@id":"https:\/\/cilinapoj.si\/izdelek\/bishops-crown-skofovska-kapa\/#primaryimage"},"image":{"@id":"https:\/\/cilinapoj.si\/izdelek\/bishops-crown-skofovska-kapa\/#primaryimage"},"thumbnailUrl":"https:\/\/cilinapoj.si\/wp-content\/uploads\/2023\/03\/DSC09155.jpg","datePublished":"2023-03-14T19:58:36+00:00","dateModified":"2026-03-31T05:29:24+00:00","breadcrumb":{"@id":"https:\/\/cilinapoj.si\/izdelek\/bishops-crown-skofovska-kapa\/#breadcrumb"},"inLanguage":"de-DE","potentialAction":[{"@type":"ReadAction","target":["https:\/\/cilinapoj.si\/izdelek\/bishops-crown-skofovska-kapa\/"]}]},{"@type":"ImageObject","inLanguage":"de-DE","@id":"https:\/\/cilinapoj.si\/izdelek\/bishops-crown-skofovska-kapa\/#primaryimage","url":"https:\/\/cilinapoj.si\/wp-content\/uploads\/2023\/03\/DSC09155.jpg","contentUrl":"https:\/\/cilinapoj.si\/wp-content\/uploads\/2023\/03\/DSC09155.jpg","width":800,"height":600},{"@type":"BreadcrumbList","@id":"https:\/\/cilinapoj.si\/izdelek\/bishops-crown-skofovska-kapa\/#breadcrumb","itemListElement":[{"@type":"ListItem","position":1,"name":"Home","item":"https:\/\/cilinapoj.si\/"},{"@type":"ListItem","position":2,"name":"Trgovina","item":"https:\/\/cilinapoj.si\/sl_si\/trgovina\/"},{"@type":"ListItem","position":3,"name":"Bishop\u2019s Crown \u2013 \u0160kofovska kapa"}]},{"@type":"WebSite","@id":"https:\/\/cilinapoj.si\/sl_si\/#website","url":"https:\/\/cilinapoj.si\/sl_si\/","name":"\u010cilinapoj.si - \u010cili z okusom","description":"Opojni izdelki iz \u010dilija","publisher":{"@id":"https:\/\/cilinapoj.si\/sl_si\/#organization"},"potentialAction":[{"@type":"SearchAction","target":{"@type":"EntryPoint","urlTemplate":"https:\/\/cilinapoj.si\/sl_si\/?s={search_term_string}"},"query-input":{"@type":"PropertyValueSpecification","valueRequired":true,"valueName":"search_term_string"}}],"inLanguage":"de-DE"},{"@type":"Organization","@id":"https:\/\/cilinapoj.si\/sl_si\/#organization","name":"\u010cili Napoj","url":"https:\/\/cilinapoj.si\/sl_si\/","logo":{"@type":"ImageObject","inLanguage":"de-DE","@id":"https:\/\/cilinapoj.si\/sl_si\/#\/schema\/logo\/image\/","url":"https:\/\/cilinapoj.si\/wp-content\/uploads\/2022\/06\/cropped-android-chrome-512x512-2.png","contentUrl":"https:\/\/cilinapoj.si\/wp-content\/uploads\/2022\/06\/cropped-android-chrome-512x512-2.png","width":512,"height":512,"caption":"\u010cili Napoj"},"image":{"@id":"https:\/\/cilinapoj.si\/sl_si\/#\/schema\/logo\/image\/"},"sameAs":["https:\/\/www.facebook.com\/cilinapoj"]}]}},"_links":{"self":[{"href":"https:\/\/cilinapoj.si\/de\/wp-json\/wp\/v2\/product\/4468"}],"collection":[{"href":"https:\/\/cilinapoj.si\/de\/wp-json\/wp\/v2\/product"}],"about":[{"href":"https:\/\/cilinapoj.si\/de\/wp-json\/wp\/v2\/types\/product"}],"replies":[{"embeddable":true,"href":"https:\/\/cilinapoj.si\/de\/wp-json\/wp\/v2\/comments?post=4468"}],"wp:featuredmedia":[{"embeddable":true,"href":"https:\/\/cilinapoj.si\/de\/wp-json\/wp\/v2\/media\/4497"}],"wp:attachment":[{"href":"https:\/\/cilinapoj.si\/de\/wp-json\/wp\/v2\/media?parent=4468"}],"wp:term":[{"taxonomy":"product_cat","embeddable":true,"href":"https:\/\/cilinapoj.si\/de\/wp-json\/wp\/v2\/product_cat?post=4468"},{"taxonomy":"product_tag","embeddable":true,"href":"https:\/\/cilinapoj.si\/de\/wp-json\/wp\/v2\/product_tag?post=4468"}],"curies":[{"name":"wp","href":"https:\/\/api.w.org\/{rel}","templated":true}]}}