{"id":4198,"date":"2022-08-04T19:34:34","date_gmt":"2022-08-04T19:34:34","guid":{"rendered":"https:\/\/cilinapoj.si\/?post_type=product&#038;p=4198"},"modified":"2025-03-27T19:04:04","modified_gmt":"2025-03-27T19:04:04","slug":"majica-napoj","status":"publish","type":"product","link":"https:\/\/cilinapoj.si\/de\/produkt\/majica-napoj\/","title":{"rendered":"T-SHIRT Napoj"},"content":{"rendered":"<div>Kvalitetna, bomba\u017ena moderna T-shirt majica.<\/div>\n<div>Majica je oblikovana posebej za vas, simpatizerje \u010dilija!<\/div>\n<div><\/div>\n<div>Priporo\u010damo uporabo kjerkoli, \u0161e posebej na raznih dogodkih, kjer boste pritegnili vro\u010de poglede! \ud83d\ude42<\/div>\n<div><\/div>\n<div>Material: 100% bomba\u017e<\/div>","protected":false},"excerpt":{"rendered":"<p>Kvalitetna, bomba\u017ena moderna T-shirt majica. Majica je oblikovana posebej za vas, simpatizerje \u010dilija! Priporo\u010damo uporabo kjerkoli, \u0161e posebej na raznih dogodkih, kjer boste pritegnili vro\u010de poglede! \ud83d\ude42 Material: 100% bomba\u017e<\/p>","protected":false},"featured_media":4203,"comment_status":"open","ping_status":"closed","template":"","meta":[],"product_cat":[73],"product_tag":[],"yoast_head":"<!-- This site is optimized with the Yoast SEO plugin v23.5 - https:\/\/yoast.com\/wordpress\/plugins\/seo\/ -->\n<title>T-SHIRT Napoj - \u010cilinapoj.si - \u010cili z okusom<\/title>\n<meta name=\"robots\" content=\"index, follow, max-snippet:-1, max-image-preview:large, max-video-preview:-1\" \/>\n<link rel=\"canonical\" href=\"https:\/\/cilinapoj.si\/de\/produkt\/majica-napoj\/\" \/>\n<meta property=\"og:locale\" content=\"de_DE\" \/>\n<meta property=\"og:type\" content=\"article\" \/>\n<meta property=\"og:title\" content=\"T-SHIRT Napoj - \u010cilinapoj.si - \u010cili z okusom\" \/>\n<meta property=\"og:description\" content=\"Kvalitetna, bomba\u017ena moderna T-shirt majica. Majica je oblikovana posebej za vas, simpatizerje \u010dilija! Priporo\u010damo uporabo kjerkoli, \u0161e posebej na raznih dogodkih, kjer boste pritegnili vro\u010de poglede! \ud83d\ude42 Material: 100% bomba\u017e\" \/>\n<meta property=\"og:url\" content=\"https:\/\/cilinapoj.si\/de\/produkt\/majica-napoj\/\" \/>\n<meta property=\"og:site_name\" content=\"\u010cilinapoj.si - \u010cili z okusom\" \/>\n<meta property=\"article:publisher\" content=\"https:\/\/www.facebook.com\/cilinapoj\" \/>\n<meta property=\"article:modified_time\" content=\"2025-03-27T19:04:04+00:00\" \/>\n<meta property=\"og:image\" content=\"https:\/\/cilinapoj.si\/wp-content\/uploads\/2022\/08\/Majica-napoj-scaled.jpg\" \/>\n\t<meta property=\"og:image:width\" content=\"2560\" \/>\n\t<meta property=\"og:image:height\" content=\"1920\" \/>\n\t<meta property=\"og:image:type\" content=\"image\/jpeg\" \/>\n<meta name=\"twitter:card\" content=\"summary_large_image\" \/>\n<meta name=\"twitter:label1\" content=\"Gesch\u00e4tzte Lesezeit\" \/>\n\t<meta name=\"twitter:data1\" content=\"1 Minute\" \/>\n<script type=\"application\/ld+json\" class=\"yoast-schema-graph\">{\"@context\":\"https:\/\/schema.org\",\"@graph\":[{\"@type\":\"WebPage\",\"@id\":\"https:\/\/cilinapoj.si\/izdelek\/majica-napoj\/\",\"url\":\"https:\/\/cilinapoj.si\/izdelek\/majica-napoj\/\",\"name\":\"T-SHIRT Napoj - \u010cilinapoj.si - \u010cili z okusom\",\"isPartOf\":{\"@id\":\"https:\/\/cilinapoj.si\/sl_si\/#website\"},\"primaryImageOfPage\":{\"@id\":\"https:\/\/cilinapoj.si\/izdelek\/majica-napoj\/#primaryimage\"},\"image\":{\"@id\":\"https:\/\/cilinapoj.si\/izdelek\/majica-napoj\/#primaryimage\"},\"thumbnailUrl\":\"https:\/\/cilinapoj.si\/wp-content\/uploads\/2022\/08\/Majica-napoj-scaled.jpg\",\"datePublished\":\"2022-08-04T19:34:34+00:00\",\"dateModified\":\"2025-03-27T19:04:04+00:00\",\"breadcrumb\":{\"@id\":\"https:\/\/cilinapoj.si\/izdelek\/majica-napoj\/#breadcrumb\"},\"inLanguage\":\"de-DE\",\"potentialAction\":[{\"@type\":\"ReadAction\",\"target\":[\"https:\/\/cilinapoj.si\/izdelek\/majica-napoj\/\"]}]},{\"@type\":\"ImageObject\",\"inLanguage\":\"de-DE\",\"@id\":\"https:\/\/cilinapoj.si\/izdelek\/majica-napoj\/#primaryimage\",\"url\":\"https:\/\/cilinapoj.si\/wp-content\/uploads\/2022\/08\/Majica-napoj-scaled.jpg\",\"contentUrl\":\"https:\/\/cilinapoj.si\/wp-content\/uploads\/2022\/08\/Majica-napoj-scaled.jpg\",\"width\":2560,\"height\":1920},{\"@type\":\"BreadcrumbList\",\"@id\":\"https:\/\/cilinapoj.si\/izdelek\/majica-napoj\/#breadcrumb\",\"itemListElement\":[{\"@type\":\"ListItem\",\"position\":1,\"name\":\"Home\",\"item\":\"https:\/\/cilinapoj.si\/\"},{\"@type\":\"ListItem\",\"position\":2,\"name\":\"Trgovina\",\"item\":\"https:\/\/cilinapoj.si\/sl_si\/trgovina\/\"},{\"@type\":\"ListItem\",\"position\":3,\"name\":\"T-SHIRT Napoj\"}]},{\"@type\":\"WebSite\",\"@id\":\"https:\/\/cilinapoj.si\/sl_si\/#website\",\"url\":\"https:\/\/cilinapoj.si\/sl_si\/\",\"name\":\"\u010cilinapoj.si - \u010cili z okusom\",\"description\":\"Opojni izdelki iz \u010dilija\",\"publisher\":{\"@id\":\"https:\/\/cilinapoj.si\/sl_si\/#organization\"},\"potentialAction\":[{\"@type\":\"SearchAction\",\"target\":{\"@type\":\"EntryPoint\",\"urlTemplate\":\"https:\/\/cilinapoj.si\/sl_si\/?s={search_term_string}\"},\"query-input\":{\"@type\":\"PropertyValueSpecification\",\"valueRequired\":true,\"valueName\":\"search_term_string\"}}],\"inLanguage\":\"de-DE\"},{\"@type\":\"Organization\",\"@id\":\"https:\/\/cilinapoj.si\/sl_si\/#organization\",\"name\":\"\u010cili Napoj\",\"url\":\"https:\/\/cilinapoj.si\/sl_si\/\",\"logo\":{\"@type\":\"ImageObject\",\"inLanguage\":\"de-DE\",\"@id\":\"https:\/\/cilinapoj.si\/sl_si\/#\/schema\/logo\/image\/\",\"url\":\"https:\/\/cilinapoj.si\/wp-content\/uploads\/2022\/06\/cropped-android-chrome-512x512-2.png\",\"contentUrl\":\"https:\/\/cilinapoj.si\/wp-content\/uploads\/2022\/06\/cropped-android-chrome-512x512-2.png\",\"width\":512,\"height\":512,\"caption\":\"\u010cili Napoj\"},\"image\":{\"@id\":\"https:\/\/cilinapoj.si\/sl_si\/#\/schema\/logo\/image\/\"},\"sameAs\":[\"https:\/\/www.facebook.com\/cilinapoj\"]}]}<\/script>\n<!-- \/ Yoast SEO plugin. -->","yoast_head_json":{"title":"T-SHIRT Napoj - \u010cilinapoj.si - \u010cili z okusom","robots":{"index":"index","follow":"follow","max-snippet":"max-snippet:-1","max-image-preview":"max-image-preview:large","max-video-preview":"max-video-preview:-1"},"canonical":"https:\/\/cilinapoj.si\/de\/produkt\/majica-napoj\/","og_locale":"de_DE","og_type":"article","og_title":"T-SHIRT Napoj - \u010cilinapoj.si - \u010cili z okusom","og_description":"Kvalitetna, bomba\u017ena moderna T-shirt majica. Majica je oblikovana posebej za vas, simpatizerje \u010dilija! Priporo\u010damo uporabo kjerkoli, \u0161e posebej na raznih dogodkih, kjer boste pritegnili vro\u010de poglede! \ud83d\ude42 Material: 100% bomba\u017e","og_url":"https:\/\/cilinapoj.si\/de\/produkt\/majica-napoj\/","og_site_name":"\u010cilinapoj.si - \u010cili z okusom","article_publisher":"https:\/\/www.facebook.com\/cilinapoj","article_modified_time":"2025-03-27T19:04:04+00:00","og_image":[{"width":2560,"height":1920,"url":"https:\/\/cilinapoj.si\/wp-content\/uploads\/2022\/08\/Majica-napoj-scaled.jpg","type":"image\/jpeg"}],"twitter_card":"summary_large_image","twitter_misc":{"Gesch\u00e4tzte Lesezeit":"1 Minute"},"schema":{"@context":"https:\/\/schema.org","@graph":[{"@type":"WebPage","@id":"https:\/\/cilinapoj.si\/izdelek\/majica-napoj\/","url":"https:\/\/cilinapoj.si\/izdelek\/majica-napoj\/","name":"T-SHIRT Napoj - \u010cilinapoj.si - \u010cili z okusom","isPartOf":{"@id":"https:\/\/cilinapoj.si\/sl_si\/#website"},"primaryImageOfPage":{"@id":"https:\/\/cilinapoj.si\/izdelek\/majica-napoj\/#primaryimage"},"image":{"@id":"https:\/\/cilinapoj.si\/izdelek\/majica-napoj\/#primaryimage"},"thumbnailUrl":"https:\/\/cilinapoj.si\/wp-content\/uploads\/2022\/08\/Majica-napoj-scaled.jpg","datePublished":"2022-08-04T19:34:34+00:00","dateModified":"2025-03-27T19:04:04+00:00","breadcrumb":{"@id":"https:\/\/cilinapoj.si\/izdelek\/majica-napoj\/#breadcrumb"},"inLanguage":"de-DE","potentialAction":[{"@type":"ReadAction","target":["https:\/\/cilinapoj.si\/izdelek\/majica-napoj\/"]}]},{"@type":"ImageObject","inLanguage":"de-DE","@id":"https:\/\/cilinapoj.si\/izdelek\/majica-napoj\/#primaryimage","url":"https:\/\/cilinapoj.si\/wp-content\/uploads\/2022\/08\/Majica-napoj-scaled.jpg","contentUrl":"https:\/\/cilinapoj.si\/wp-content\/uploads\/2022\/08\/Majica-napoj-scaled.jpg","width":2560,"height":1920},{"@type":"BreadcrumbList","@id":"https:\/\/cilinapoj.si\/izdelek\/majica-napoj\/#breadcrumb","itemListElement":[{"@type":"ListItem","position":1,"name":"Home","item":"https:\/\/cilinapoj.si\/"},{"@type":"ListItem","position":2,"name":"Trgovina","item":"https:\/\/cilinapoj.si\/sl_si\/trgovina\/"},{"@type":"ListItem","position":3,"name":"T-SHIRT Napoj"}]},{"@type":"WebSite","@id":"https:\/\/cilinapoj.si\/sl_si\/#website","url":"https:\/\/cilinapoj.si\/sl_si\/","name":"\u010cilinapoj.si - \u010cili z okusom","description":"Opojni izdelki iz \u010dilija","publisher":{"@id":"https:\/\/cilinapoj.si\/sl_si\/#organization"},"potentialAction":[{"@type":"SearchAction","target":{"@type":"EntryPoint","urlTemplate":"https:\/\/cilinapoj.si\/sl_si\/?s={search_term_string}"},"query-input":{"@type":"PropertyValueSpecification","valueRequired":true,"valueName":"search_term_string"}}],"inLanguage":"de-DE"},{"@type":"Organization","@id":"https:\/\/cilinapoj.si\/sl_si\/#organization","name":"\u010cili Napoj","url":"https:\/\/cilinapoj.si\/sl_si\/","logo":{"@type":"ImageObject","inLanguage":"de-DE","@id":"https:\/\/cilinapoj.si\/sl_si\/#\/schema\/logo\/image\/","url":"https:\/\/cilinapoj.si\/wp-content\/uploads\/2022\/06\/cropped-android-chrome-512x512-2.png","contentUrl":"https:\/\/cilinapoj.si\/wp-content\/uploads\/2022\/06\/cropped-android-chrome-512x512-2.png","width":512,"height":512,"caption":"\u010cili Napoj"},"image":{"@id":"https:\/\/cilinapoj.si\/sl_si\/#\/schema\/logo\/image\/"},"sameAs":["https:\/\/www.facebook.com\/cilinapoj"]}]}},"_links":{"self":[{"href":"https:\/\/cilinapoj.si\/de\/wp-json\/wp\/v2\/product\/4198"}],"collection":[{"href":"https:\/\/cilinapoj.si\/de\/wp-json\/wp\/v2\/product"}],"about":[{"href":"https:\/\/cilinapoj.si\/de\/wp-json\/wp\/v2\/types\/product"}],"replies":[{"embeddable":true,"href":"https:\/\/cilinapoj.si\/de\/wp-json\/wp\/v2\/comments?post=4198"}],"wp:featuredmedia":[{"embeddable":true,"href":"https:\/\/cilinapoj.si\/de\/wp-json\/wp\/v2\/media\/4203"}],"wp:attachment":[{"href":"https:\/\/cilinapoj.si\/de\/wp-json\/wp\/v2\/media?parent=4198"}],"wp:term":[{"taxonomy":"product_cat","embeddable":true,"href":"https:\/\/cilinapoj.si\/de\/wp-json\/wp\/v2\/product_cat?post=4198"},{"taxonomy":"product_tag","embeddable":true,"href":"https:\/\/cilinapoj.si\/de\/wp-json\/wp\/v2\/product_tag?post=4198"}],"curies":[{"name":"wp","href":"https:\/\/api.w.org\/{rel}","templated":true}]}}