{"id":2568,"date":"2022-05-09T15:12:39","date_gmt":"2022-05-09T15:12:39","guid":{"rendered":"http:\/\/cilinapoj.si\/?post_type=product&#038;p=2568"},"modified":"2024-12-19T06:58:20","modified_gmt":"2024-12-19T06:58:20","slug":"prazena-bucna-semena-s-cilijem-in-soljo","status":"publish","type":"product","link":"https:\/\/cilinapoj.si\/de\/produkt\/prazena-bucna-semena-s-cilijem-in-soljo\/","title":{"rendered":"Ger\u00f6stete K\u00fcrbiskerne mit Chili und Salz"},"content":{"rendered":"<p>Posu\u0161ena bu\u010dna semena po\u010dasi pra\u017eimo in kontrolirano dvigujemo temperaturo. Ko zasli\u0161imo prvi pok bu\u010dnega semena, jih posujemo z izbranim \u010dili posipom. Ta je sestavljen iz najbolj aromati\u010dnih posu\u0161enih \u010dilijev. Vse skupaj oplemenitimo s \u0161\u010depcem Piranske morske soli.<\/p>\n<p>Neto koli\u010dina: 125g<\/p>\n<p>Sch\u00e4rfe: 1\/3<\/p>\n<p>Sestavine: bu\u010dna semena 95%, sol 4%, \u010dili 1%<\/p>","protected":false},"excerpt":{"rendered":"<div class=\"wpb_text_column wpb_content_element\">\n<div class=\"wpb_wrapper\">\n<div class=\"gs\">\n<div class=\"\">\n<div id=\":o6\" class=\"ii gt\">\n<div id=\":o5\" class=\"a3s aXjCH\">\n<div dir=\"auto\">\n<div dir=\"auto\">\n<div class=\"gs\">\n<div class=\"\">\n<div id=\":o6\" class=\"ii gt\">\n<div id=\":o5\" class=\"a3s aXjCH\">\n<div dir=\"auto\">\n<div dir=\"auto\">\n<p>Eine neue scharfe K\u00fcrbis-Chili-Revolution!<\/p>\n<p>Einzigartige ger\u00f6stete K\u00fcrbiskerne mit einem Touch von Chili und einer Prise Salz.<\/p>\n<p>Sie eignen sich als Snack, Zusatz zu Speisen oder als Dekoration.<\/p>\n<p>Wir empfehlen sie besonders mit einem k\u00fchlen Getr\u00e4nk in Begleitung von Freunden.\ud83d\ude42<\/p>\n<\/div>\n<\/div>\n<\/div>\n<\/div>\n<\/div>\n<\/div>\n<\/div>\n<\/div>\n<\/div>\n<\/div>\n<\/div>\n<\/div>\n<\/div>\n<\/div>","protected":false},"featured_media":3296,"comment_status":"open","ping_status":"closed","template":"","meta":[],"product_cat":[179],"product_tag":[],"yoast_head":"<!-- This site is optimized with the Yoast SEO plugin v23.5 - https:\/\/yoast.com\/wordpress\/plugins\/seo\/ -->\n<title>Pra\u017eena bu\u010dna semena s \u010dilijem in soljo - \u010cilinapoj.si - \u010cili z okusom<\/title>\n<meta name=\"robots\" content=\"index, follow, max-snippet:-1, max-image-preview:large, max-video-preview:-1\" \/>\n<link rel=\"canonical\" href=\"https:\/\/cilinapoj.si\/de\/produkt\/prazena-bucna-semena-s-cilijem-in-soljo\/\" \/>\n<meta property=\"og:locale\" content=\"de_DE\" \/>\n<meta property=\"og:type\" content=\"article\" \/>\n<meta property=\"og:title\" content=\"Pra\u017eena bu\u010dna semena s \u010dilijem in soljo - \u010cilinapoj.si - \u010cili z okusom\" \/>\n<meta property=\"og:description\" content=\"Nova bu\u010dno peko\u010da revolucija!  Edinstvena pra\u017eena bu\u010dna semena z dotikom \u010dilija in \u0161\u010depcem soli.  U\u017eivajte v grizljanju \u010dili bu\u010dnih semen.  \u0160e posebej jih priporo\u010damo ob pivu v dru\u017ebi prijateljev.\" \/>\n<meta property=\"og:url\" content=\"https:\/\/cilinapoj.si\/de\/produkt\/prazena-bucna-semena-s-cilijem-in-soljo\/\" \/>\n<meta property=\"og:site_name\" content=\"\u010cilinapoj.si - \u010cili z okusom\" \/>\n<meta property=\"article:publisher\" content=\"https:\/\/www.facebook.com\/cilinapoj\" \/>\n<meta property=\"article:modified_time\" content=\"2024-12-19T06:58:20+00:00\" \/>\n<meta property=\"og:image\" content=\"https:\/\/cilinapoj.si\/wp-content\/uploads\/2022\/05\/Bucna-Semena-Napoj-scaled.jpg\" \/>\n\t<meta property=\"og:image:width\" content=\"2560\" \/>\n\t<meta property=\"og:image:height\" content=\"1707\" \/>\n\t<meta property=\"og:image:type\" content=\"image\/jpeg\" \/>\n<meta name=\"twitter:card\" content=\"summary_large_image\" \/>\n<meta name=\"twitter:label1\" content=\"Gesch\u00e4tzte Lesezeit\" \/>\n\t<meta name=\"twitter:data1\" content=\"1 Minute\" \/>\n<script type=\"application\/ld+json\" class=\"yoast-schema-graph\">{\"@context\":\"https:\/\/schema.org\",\"@graph\":[{\"@type\":\"WebPage\",\"@id\":\"https:\/\/cilinapoj.si\/izdelek\/prazena-bucna-semena-s-cilijem-in-soljo\/\",\"url\":\"https:\/\/cilinapoj.si\/izdelek\/prazena-bucna-semena-s-cilijem-in-soljo\/\",\"name\":\"Pra\u017eena bu\u010dna semena s \u010dilijem in soljo - \u010cilinapoj.si - \u010cili z okusom\",\"isPartOf\":{\"@id\":\"https:\/\/cilinapoj.si\/sl_si\/#website\"},\"primaryImageOfPage\":{\"@id\":\"https:\/\/cilinapoj.si\/izdelek\/prazena-bucna-semena-s-cilijem-in-soljo\/#primaryimage\"},\"image\":{\"@id\":\"https:\/\/cilinapoj.si\/izdelek\/prazena-bucna-semena-s-cilijem-in-soljo\/#primaryimage\"},\"thumbnailUrl\":\"https:\/\/cilinapoj.si\/wp-content\/uploads\/2022\/05\/Bucna-Semena-Napoj-scaled.jpg\",\"datePublished\":\"2022-05-09T15:12:39+00:00\",\"dateModified\":\"2024-12-19T06:58:20+00:00\",\"breadcrumb\":{\"@id\":\"https:\/\/cilinapoj.si\/izdelek\/prazena-bucna-semena-s-cilijem-in-soljo\/#breadcrumb\"},\"inLanguage\":\"de-DE\",\"potentialAction\":[{\"@type\":\"ReadAction\",\"target\":[\"https:\/\/cilinapoj.si\/izdelek\/prazena-bucna-semena-s-cilijem-in-soljo\/\"]}]},{\"@type\":\"ImageObject\",\"inLanguage\":\"de-DE\",\"@id\":\"https:\/\/cilinapoj.si\/izdelek\/prazena-bucna-semena-s-cilijem-in-soljo\/#primaryimage\",\"url\":\"https:\/\/cilinapoj.si\/wp-content\/uploads\/2022\/05\/Bucna-Semena-Napoj-scaled.jpg\",\"contentUrl\":\"https:\/\/cilinapoj.si\/wp-content\/uploads\/2022\/05\/Bucna-Semena-Napoj-scaled.jpg\",\"width\":2560,\"height\":1707,\"caption\":\"Bucna Semena Napoj\"},{\"@type\":\"BreadcrumbList\",\"@id\":\"https:\/\/cilinapoj.si\/izdelek\/prazena-bucna-semena-s-cilijem-in-soljo\/#breadcrumb\",\"itemListElement\":[{\"@type\":\"ListItem\",\"position\":1,\"name\":\"Home\",\"item\":\"https:\/\/cilinapoj.si\/\"},{\"@type\":\"ListItem\",\"position\":2,\"name\":\"Trgovina\",\"item\":\"https:\/\/cilinapoj.si\/sl_si\/trgovina\/\"},{\"@type\":\"ListItem\",\"position\":3,\"name\":\"Pra\u017eena bu\u010dna semena s \u010dilijem in soljo\"}]},{\"@type\":\"WebSite\",\"@id\":\"https:\/\/cilinapoj.si\/sl_si\/#website\",\"url\":\"https:\/\/cilinapoj.si\/sl_si\/\",\"name\":\"\u010cilinapoj.si - \u010cili z okusom\",\"description\":\"Opojni izdelki iz \u010dilija\",\"publisher\":{\"@id\":\"https:\/\/cilinapoj.si\/sl_si\/#organization\"},\"potentialAction\":[{\"@type\":\"SearchAction\",\"target\":{\"@type\":\"EntryPoint\",\"urlTemplate\":\"https:\/\/cilinapoj.si\/sl_si\/?s={search_term_string}\"},\"query-input\":{\"@type\":\"PropertyValueSpecification\",\"valueRequired\":true,\"valueName\":\"search_term_string\"}}],\"inLanguage\":\"de-DE\"},{\"@type\":\"Organization\",\"@id\":\"https:\/\/cilinapoj.si\/sl_si\/#organization\",\"name\":\"\u010cili Napoj\",\"url\":\"https:\/\/cilinapoj.si\/sl_si\/\",\"logo\":{\"@type\":\"ImageObject\",\"inLanguage\":\"de-DE\",\"@id\":\"https:\/\/cilinapoj.si\/sl_si\/#\/schema\/logo\/image\/\",\"url\":\"https:\/\/cilinapoj.si\/wp-content\/uploads\/2022\/06\/cropped-android-chrome-512x512-2.png\",\"contentUrl\":\"https:\/\/cilinapoj.si\/wp-content\/uploads\/2022\/06\/cropped-android-chrome-512x512-2.png\",\"width\":512,\"height\":512,\"caption\":\"\u010cili Napoj\"},\"image\":{\"@id\":\"https:\/\/cilinapoj.si\/sl_si\/#\/schema\/logo\/image\/\"},\"sameAs\":[\"https:\/\/www.facebook.com\/cilinapoj\"]}]}<\/script>\n<!-- \/ Yoast SEO plugin. -->","yoast_head_json":{"title":"Pra\u017eena bu\u010dna semena s \u010dilijem in soljo - \u010cilinapoj.si - \u010cili z okusom","robots":{"index":"index","follow":"follow","max-snippet":"max-snippet:-1","max-image-preview":"max-image-preview:large","max-video-preview":"max-video-preview:-1"},"canonical":"https:\/\/cilinapoj.si\/de\/produkt\/prazena-bucna-semena-s-cilijem-in-soljo\/","og_locale":"de_DE","og_type":"article","og_title":"Pra\u017eena bu\u010dna semena s \u010dilijem in soljo - \u010cilinapoj.si - \u010cili z okusom","og_description":"Nova bu\u010dno peko\u010da revolucija!  Edinstvena pra\u017eena bu\u010dna semena z dotikom \u010dilija in \u0161\u010depcem soli.  U\u017eivajte v grizljanju \u010dili bu\u010dnih semen.  \u0160e posebej jih priporo\u010damo ob pivu v dru\u017ebi prijateljev.","og_url":"https:\/\/cilinapoj.si\/de\/produkt\/prazena-bucna-semena-s-cilijem-in-soljo\/","og_site_name":"\u010cilinapoj.si - \u010cili z okusom","article_publisher":"https:\/\/www.facebook.com\/cilinapoj","article_modified_time":"2024-12-19T06:58:20+00:00","og_image":[{"width":2560,"height":1707,"url":"https:\/\/cilinapoj.si\/wp-content\/uploads\/2022\/05\/Bucna-Semena-Napoj-scaled.jpg","type":"image\/jpeg"}],"twitter_card":"summary_large_image","twitter_misc":{"Gesch\u00e4tzte Lesezeit":"1 Minute"},"schema":{"@context":"https:\/\/schema.org","@graph":[{"@type":"WebPage","@id":"https:\/\/cilinapoj.si\/izdelek\/prazena-bucna-semena-s-cilijem-in-soljo\/","url":"https:\/\/cilinapoj.si\/izdelek\/prazena-bucna-semena-s-cilijem-in-soljo\/","name":"Pra\u017eena bu\u010dna semena s \u010dilijem in soljo - \u010cilinapoj.si - \u010cili z okusom","isPartOf":{"@id":"https:\/\/cilinapoj.si\/sl_si\/#website"},"primaryImageOfPage":{"@id":"https:\/\/cilinapoj.si\/izdelek\/prazena-bucna-semena-s-cilijem-in-soljo\/#primaryimage"},"image":{"@id":"https:\/\/cilinapoj.si\/izdelek\/prazena-bucna-semena-s-cilijem-in-soljo\/#primaryimage"},"thumbnailUrl":"https:\/\/cilinapoj.si\/wp-content\/uploads\/2022\/05\/Bucna-Semena-Napoj-scaled.jpg","datePublished":"2022-05-09T15:12:39+00:00","dateModified":"2024-12-19T06:58:20+00:00","breadcrumb":{"@id":"https:\/\/cilinapoj.si\/izdelek\/prazena-bucna-semena-s-cilijem-in-soljo\/#breadcrumb"},"inLanguage":"de-DE","potentialAction":[{"@type":"ReadAction","target":["https:\/\/cilinapoj.si\/izdelek\/prazena-bucna-semena-s-cilijem-in-soljo\/"]}]},{"@type":"ImageObject","inLanguage":"de-DE","@id":"https:\/\/cilinapoj.si\/izdelek\/prazena-bucna-semena-s-cilijem-in-soljo\/#primaryimage","url":"https:\/\/cilinapoj.si\/wp-content\/uploads\/2022\/05\/Bucna-Semena-Napoj-scaled.jpg","contentUrl":"https:\/\/cilinapoj.si\/wp-content\/uploads\/2022\/05\/Bucna-Semena-Napoj-scaled.jpg","width":2560,"height":1707,"caption":"Bucna Semena Napoj"},{"@type":"BreadcrumbList","@id":"https:\/\/cilinapoj.si\/izdelek\/prazena-bucna-semena-s-cilijem-in-soljo\/#breadcrumb","itemListElement":[{"@type":"ListItem","position":1,"name":"Home","item":"https:\/\/cilinapoj.si\/"},{"@type":"ListItem","position":2,"name":"Trgovina","item":"https:\/\/cilinapoj.si\/sl_si\/trgovina\/"},{"@type":"ListItem","position":3,"name":"Pra\u017eena bu\u010dna semena s \u010dilijem in soljo"}]},{"@type":"WebSite","@id":"https:\/\/cilinapoj.si\/sl_si\/#website","url":"https:\/\/cilinapoj.si\/sl_si\/","name":"\u010cilinapoj.si - \u010cili z okusom","description":"Opojni izdelki iz \u010dilija","publisher":{"@id":"https:\/\/cilinapoj.si\/sl_si\/#organization"},"potentialAction":[{"@type":"SearchAction","target":{"@type":"EntryPoint","urlTemplate":"https:\/\/cilinapoj.si\/sl_si\/?s={search_term_string}"},"query-input":{"@type":"PropertyValueSpecification","valueRequired":true,"valueName":"search_term_string"}}],"inLanguage":"de-DE"},{"@type":"Organization","@id":"https:\/\/cilinapoj.si\/sl_si\/#organization","name":"\u010cili Napoj","url":"https:\/\/cilinapoj.si\/sl_si\/","logo":{"@type":"ImageObject","inLanguage":"de-DE","@id":"https:\/\/cilinapoj.si\/sl_si\/#\/schema\/logo\/image\/","url":"https:\/\/cilinapoj.si\/wp-content\/uploads\/2022\/06\/cropped-android-chrome-512x512-2.png","contentUrl":"https:\/\/cilinapoj.si\/wp-content\/uploads\/2022\/06\/cropped-android-chrome-512x512-2.png","width":512,"height":512,"caption":"\u010cili Napoj"},"image":{"@id":"https:\/\/cilinapoj.si\/sl_si\/#\/schema\/logo\/image\/"},"sameAs":["https:\/\/www.facebook.com\/cilinapoj"]}]}},"_links":{"self":[{"href":"https:\/\/cilinapoj.si\/de\/wp-json\/wp\/v2\/product\/2568"}],"collection":[{"href":"https:\/\/cilinapoj.si\/de\/wp-json\/wp\/v2\/product"}],"about":[{"href":"https:\/\/cilinapoj.si\/de\/wp-json\/wp\/v2\/types\/product"}],"replies":[{"embeddable":true,"href":"https:\/\/cilinapoj.si\/de\/wp-json\/wp\/v2\/comments?post=2568"}],"wp:featuredmedia":[{"embeddable":true,"href":"https:\/\/cilinapoj.si\/de\/wp-json\/wp\/v2\/media\/3296"}],"wp:attachment":[{"href":"https:\/\/cilinapoj.si\/de\/wp-json\/wp\/v2\/media?parent=2568"}],"wp:term":[{"taxonomy":"product_cat","embeddable":true,"href":"https:\/\/cilinapoj.si\/de\/wp-json\/wp\/v2\/product_cat?post=2568"},{"taxonomy":"product_tag","embeddable":true,"href":"https:\/\/cilinapoj.si\/de\/wp-json\/wp\/v2\/product_tag?post=2568"}],"curies":[{"name":"wp","href":"https:\/\/api.w.org\/{rel}","templated":true}]}}