{"id":2421,"date":"2022-05-06T16:48:12","date_gmt":"2022-05-06T16:48:12","guid":{"rendered":"http:\/\/cilinapoj.si\/?post_type=product&#038;p=2421"},"modified":"2025-09-05T04:32:11","modified_gmt":"2025-09-05T04:32:11","slug":"pecena-orehova-jedrca","status":"publish","type":"product","link":"https:\/\/cilinapoj.si\/de\/produkt\/pecena-orehova-jedrca\/","title":{"rendered":"Karamellisierte Waln\u00fcsse mit Chili"},"content":{"rendered":"<div class=\"wpb_text_column wpb_content_element\">\n<div class=\"wpb_wrapper\">\n<p data-renderer-start-pos=\"389\"><strong data-renderer-mark=\"true\">Karamellisierte s\u00fc\u00dfe und w\u00fcrzige Waln\u00fcss<\/strong><\/p>\n<h5 data-renderer-start-pos=\"425\"><em data-renderer-mark=\"true\">**LIMITED EDITION**<\/em><\/h5>\n<p data-renderer-start-pos=\"447\">Unsere Baume haben uns viele gesunde und wunderbare Walnusskerne gegeben. Celestrina Walnusse wachsen auf einem sch\u00f6nen H\u00fcgel mit Blick auf die Chili-Plantage. Flirten mit Waln\u00fcssen und Chilischoten f\u00fchrte zu einem neuen Produkt.Die festen, gesunden K\u00f6rner mischten sich mit dem Chili. Wir f\u00fcgten ein wenig braunen Zucker und eine Prise Zimt hinzu, um einen magischen Feiertags-Touch zu erzielen.<\/p>\n<p data-renderer-start-pos=\"766\"><strong data-renderer-mark=\"true\">Interessiert am Walnusspfad?<\/strong><\/p>\n<p data-renderer-start-pos=\"790\">Unsere Waln\u00fcsse sind \"wild\", was bedeutet, dass sie nur mit Hilfe der Natur wachsen und sich entwickeln. Wenn sie reiche Fr\u00fcchte tragen, sind wir \u00e4u\u00dferst gl\u00fccklich und heben alle Walnusse auf. Wenn nicht, entfernen wir die Bl\u00e4tter unter den B\u00e4umen und lassen sie \u00fcber den Winter ruhen. Wir behandeln Waln\u00fcsse oder B\u00e4ume nicht mit irgendetwas, wie erw\u00e4hnt, wir \u00fcberlassen alles der Natur. Durch diese Definition k\u00f6nnen wir sagen, dass sie organisch, nat\u00fcrlich mit einer gro\u00dfen Menge an Vitaminen und Mineralstoffen sind. Waln\u00fcsse sind auch eine gro\u00dfartige Quelle f\u00fcr Omega-3-Fetts\u00e4uren.<\/p>\n<p data-renderer-start-pos=\"1215\">Perfektes Geschenk oder als Snack. Wir haben sie bereits gegen Chips getauscht.<\/p>\n<p data-renderer-start-pos=\"1287\"><strong data-renderer-mark=\"true\">Geeignet f\u00fcr milde Chili Genie\u00dfer\ud83d\ude42<\/strong><\/p>\n<p data-renderer-start-pos=\"1336\">Zutaten: Walnusse kerne, brauner Zucker, Zimt, Chili.<\/p>\n<p data-renderer-start-pos=\"1385\">Netto: 80g<\/p>\n<p data-renderer-start-pos=\"1401\">Sch\u00e4rfe: 1\/3<\/p>\n<\/div>\n<\/div>","protected":false},"excerpt":{"rendered":"<div class=\"wpb_text_column wpb_content_element\">\n<div class=\"wpb_wrapper\">\n<p data-renderer-start-pos=\"57\">Karamelizirani sladko &#8211; peko\u010di orehi so dokazano prigrizek, ki ga takoj zmanjka. Doma\u010da orehova jedrca smo potopili v di\u0161e\u010do sladkorno zmes z dodanim \u010dili posipom. Pra\u017eenje v pe\u010dici pa jim doda karameliziranost in hrustljavost. Okusi se pove\u017eejo in se stopijo v va\u0161ih ustih.<\/p>\n<p data-renderer-start-pos=\"57\">Waln\u00fcsse sind eine tolle Kombination mit unserem Hajcer!<\/p>\n<\/div>\n<\/div>","protected":false},"featured_media":2423,"comment_status":"open","ping_status":"closed","template":"","meta":[],"product_cat":[73],"product_tag":[],"yoast_head":"<!-- This site is optimized with the Yoast SEO plugin v23.5 - https:\/\/yoast.com\/wordpress\/plugins\/seo\/ -->\n<title>Karamelizirani orehi s \u010dilijem - \u010cilinapoj.si - \u010cili z okusom<\/title>\n<meta name=\"robots\" content=\"index, follow, max-snippet:-1, max-image-preview:large, max-video-preview:-1\" \/>\n<link rel=\"canonical\" href=\"https:\/\/cilinapoj.si\/de\/produkt\/pecena-orehova-jedrca\/\" \/>\n<meta property=\"og:locale\" content=\"de_DE\" \/>\n<meta property=\"og:type\" content=\"article\" \/>\n<meta property=\"og:title\" content=\"Karamelizirani orehi s \u010dilijem - \u010cilinapoj.si - \u010cili z okusom\" \/>\n<meta property=\"og:description\" content=\"Karamelizirani sladko - peko\u010di orehi so dokazano prigrizek, ki ga takoj zmanjka. Doma\u010da orehova jedrca smo potopili v di\u0161e\u010do sladkorno zmes z dodanim \u010dili posipom. Pra\u017eenje v pe\u010dici pa jim doda karameliziranost in hrustljavost. Okusi se pove\u017eejo in se stopijo v va\u0161ih ustih. Orehi so super kombinacija z na\u0161im Hajcerjem!\" \/>\n<meta property=\"og:url\" content=\"https:\/\/cilinapoj.si\/de\/produkt\/pecena-orehova-jedrca\/\" \/>\n<meta property=\"og:site_name\" content=\"\u010cilinapoj.si - \u010cili z okusom\" \/>\n<meta property=\"article:publisher\" content=\"https:\/\/www.facebook.com\/cilinapoj\" \/>\n<meta property=\"article:modified_time\" content=\"2025-09-05T04:32:11+00:00\" \/>\n<meta property=\"og:image\" content=\"https:\/\/cilinapoj.si\/wp-content\/uploads\/2022\/05\/1646684628152.jpeg\" \/>\n\t<meta property=\"og:image:width\" content=\"1368\" \/>\n\t<meta property=\"og:image:height\" content=\"912\" \/>\n\t<meta property=\"og:image:type\" content=\"image\/jpeg\" \/>\n<meta name=\"twitter:card\" content=\"summary_large_image\" \/>\n<meta name=\"twitter:label1\" content=\"Gesch\u00e4tzte Lesezeit\" \/>\n\t<meta name=\"twitter:data1\" content=\"2 Minuten\" \/>\n<script type=\"application\/ld+json\" class=\"yoast-schema-graph\">{\"@context\":\"https:\/\/schema.org\",\"@graph\":[{\"@type\":\"WebPage\",\"@id\":\"https:\/\/cilinapoj.si\/izdelek\/pecena-orehova-jedrca\/\",\"url\":\"https:\/\/cilinapoj.si\/izdelek\/pecena-orehova-jedrca\/\",\"name\":\"Karamelizirani orehi s \u010dilijem - \u010cilinapoj.si - \u010cili z okusom\",\"isPartOf\":{\"@id\":\"https:\/\/cilinapoj.si\/sl_si\/#website\"},\"primaryImageOfPage\":{\"@id\":\"https:\/\/cilinapoj.si\/izdelek\/pecena-orehova-jedrca\/#primaryimage\"},\"image\":{\"@id\":\"https:\/\/cilinapoj.si\/izdelek\/pecena-orehova-jedrca\/#primaryimage\"},\"thumbnailUrl\":\"https:\/\/cilinapoj.si\/wp-content\/uploads\/2022\/05\/1646684628152.jpeg\",\"datePublished\":\"2022-05-06T16:48:12+00:00\",\"dateModified\":\"2025-09-05T04:32:11+00:00\",\"breadcrumb\":{\"@id\":\"https:\/\/cilinapoj.si\/izdelek\/pecena-orehova-jedrca\/#breadcrumb\"},\"inLanguage\":\"de-DE\",\"potentialAction\":[{\"@type\":\"ReadAction\",\"target\":[\"https:\/\/cilinapoj.si\/izdelek\/pecena-orehova-jedrca\/\"]}]},{\"@type\":\"ImageObject\",\"inLanguage\":\"de-DE\",\"@id\":\"https:\/\/cilinapoj.si\/izdelek\/pecena-orehova-jedrca\/#primaryimage\",\"url\":\"https:\/\/cilinapoj.si\/wp-content\/uploads\/2022\/05\/1646684628152.jpeg\",\"contentUrl\":\"https:\/\/cilinapoj.si\/wp-content\/uploads\/2022\/05\/1646684628152.jpeg\",\"width\":1368,\"height\":912,\"caption\":\"Peko\u010da orehova jedrca\"},{\"@type\":\"BreadcrumbList\",\"@id\":\"https:\/\/cilinapoj.si\/izdelek\/pecena-orehova-jedrca\/#breadcrumb\",\"itemListElement\":[{\"@type\":\"ListItem\",\"position\":1,\"name\":\"Home\",\"item\":\"https:\/\/cilinapoj.si\/\"},{\"@type\":\"ListItem\",\"position\":2,\"name\":\"Trgovina\",\"item\":\"https:\/\/cilinapoj.si\/sl_si\/trgovina\/\"},{\"@type\":\"ListItem\",\"position\":3,\"name\":\"Karamelizirani orehi s \u010dilijem\"}]},{\"@type\":\"WebSite\",\"@id\":\"https:\/\/cilinapoj.si\/sl_si\/#website\",\"url\":\"https:\/\/cilinapoj.si\/sl_si\/\",\"name\":\"\u010cilinapoj.si - \u010cili z okusom\",\"description\":\"Opojni izdelki iz \u010dilija\",\"publisher\":{\"@id\":\"https:\/\/cilinapoj.si\/sl_si\/#organization\"},\"potentialAction\":[{\"@type\":\"SearchAction\",\"target\":{\"@type\":\"EntryPoint\",\"urlTemplate\":\"https:\/\/cilinapoj.si\/sl_si\/?s={search_term_string}\"},\"query-input\":{\"@type\":\"PropertyValueSpecification\",\"valueRequired\":true,\"valueName\":\"search_term_string\"}}],\"inLanguage\":\"de-DE\"},{\"@type\":\"Organization\",\"@id\":\"https:\/\/cilinapoj.si\/sl_si\/#organization\",\"name\":\"\u010cili Napoj\",\"url\":\"https:\/\/cilinapoj.si\/sl_si\/\",\"logo\":{\"@type\":\"ImageObject\",\"inLanguage\":\"de-DE\",\"@id\":\"https:\/\/cilinapoj.si\/sl_si\/#\/schema\/logo\/image\/\",\"url\":\"https:\/\/cilinapoj.si\/wp-content\/uploads\/2022\/06\/cropped-android-chrome-512x512-2.png\",\"contentUrl\":\"https:\/\/cilinapoj.si\/wp-content\/uploads\/2022\/06\/cropped-android-chrome-512x512-2.png\",\"width\":512,\"height\":512,\"caption\":\"\u010cili Napoj\"},\"image\":{\"@id\":\"https:\/\/cilinapoj.si\/sl_si\/#\/schema\/logo\/image\/\"},\"sameAs\":[\"https:\/\/www.facebook.com\/cilinapoj\"]}]}<\/script>\n<!-- \/ Yoast SEO plugin. -->","yoast_head_json":{"title":"Karamelizirani orehi s \u010dilijem - \u010cilinapoj.si - \u010cili z okusom","robots":{"index":"index","follow":"follow","max-snippet":"max-snippet:-1","max-image-preview":"max-image-preview:large","max-video-preview":"max-video-preview:-1"},"canonical":"https:\/\/cilinapoj.si\/de\/produkt\/pecena-orehova-jedrca\/","og_locale":"de_DE","og_type":"article","og_title":"Karamelizirani orehi s \u010dilijem - \u010cilinapoj.si - \u010cili z okusom","og_description":"Karamelizirani sladko - peko\u010di orehi so dokazano prigrizek, ki ga takoj zmanjka. Doma\u010da orehova jedrca smo potopili v di\u0161e\u010do sladkorno zmes z dodanim \u010dili posipom. Pra\u017eenje v pe\u010dici pa jim doda karameliziranost in hrustljavost. Okusi se pove\u017eejo in se stopijo v va\u0161ih ustih. Orehi so super kombinacija z na\u0161im Hajcerjem!","og_url":"https:\/\/cilinapoj.si\/de\/produkt\/pecena-orehova-jedrca\/","og_site_name":"\u010cilinapoj.si - \u010cili z okusom","article_publisher":"https:\/\/www.facebook.com\/cilinapoj","article_modified_time":"2025-09-05T04:32:11+00:00","og_image":[{"width":1368,"height":912,"url":"https:\/\/cilinapoj.si\/wp-content\/uploads\/2022\/05\/1646684628152.jpeg","type":"image\/jpeg"}],"twitter_card":"summary_large_image","twitter_misc":{"Gesch\u00e4tzte Lesezeit":"2 Minuten"},"schema":{"@context":"https:\/\/schema.org","@graph":[{"@type":"WebPage","@id":"https:\/\/cilinapoj.si\/izdelek\/pecena-orehova-jedrca\/","url":"https:\/\/cilinapoj.si\/izdelek\/pecena-orehova-jedrca\/","name":"Karamelizirani orehi s \u010dilijem - \u010cilinapoj.si - \u010cili z okusom","isPartOf":{"@id":"https:\/\/cilinapoj.si\/sl_si\/#website"},"primaryImageOfPage":{"@id":"https:\/\/cilinapoj.si\/izdelek\/pecena-orehova-jedrca\/#primaryimage"},"image":{"@id":"https:\/\/cilinapoj.si\/izdelek\/pecena-orehova-jedrca\/#primaryimage"},"thumbnailUrl":"https:\/\/cilinapoj.si\/wp-content\/uploads\/2022\/05\/1646684628152.jpeg","datePublished":"2022-05-06T16:48:12+00:00","dateModified":"2025-09-05T04:32:11+00:00","breadcrumb":{"@id":"https:\/\/cilinapoj.si\/izdelek\/pecena-orehova-jedrca\/#breadcrumb"},"inLanguage":"de-DE","potentialAction":[{"@type":"ReadAction","target":["https:\/\/cilinapoj.si\/izdelek\/pecena-orehova-jedrca\/"]}]},{"@type":"ImageObject","inLanguage":"de-DE","@id":"https:\/\/cilinapoj.si\/izdelek\/pecena-orehova-jedrca\/#primaryimage","url":"https:\/\/cilinapoj.si\/wp-content\/uploads\/2022\/05\/1646684628152.jpeg","contentUrl":"https:\/\/cilinapoj.si\/wp-content\/uploads\/2022\/05\/1646684628152.jpeg","width":1368,"height":912,"caption":"Peko\u010da orehova jedrca"},{"@type":"BreadcrumbList","@id":"https:\/\/cilinapoj.si\/izdelek\/pecena-orehova-jedrca\/#breadcrumb","itemListElement":[{"@type":"ListItem","position":1,"name":"Home","item":"https:\/\/cilinapoj.si\/"},{"@type":"ListItem","position":2,"name":"Trgovina","item":"https:\/\/cilinapoj.si\/sl_si\/trgovina\/"},{"@type":"ListItem","position":3,"name":"Karamelizirani orehi s \u010dilijem"}]},{"@type":"WebSite","@id":"https:\/\/cilinapoj.si\/sl_si\/#website","url":"https:\/\/cilinapoj.si\/sl_si\/","name":"\u010cilinapoj.si - \u010cili z okusom","description":"Opojni izdelki iz \u010dilija","publisher":{"@id":"https:\/\/cilinapoj.si\/sl_si\/#organization"},"potentialAction":[{"@type":"SearchAction","target":{"@type":"EntryPoint","urlTemplate":"https:\/\/cilinapoj.si\/sl_si\/?s={search_term_string}"},"query-input":{"@type":"PropertyValueSpecification","valueRequired":true,"valueName":"search_term_string"}}],"inLanguage":"de-DE"},{"@type":"Organization","@id":"https:\/\/cilinapoj.si\/sl_si\/#organization","name":"\u010cili Napoj","url":"https:\/\/cilinapoj.si\/sl_si\/","logo":{"@type":"ImageObject","inLanguage":"de-DE","@id":"https:\/\/cilinapoj.si\/sl_si\/#\/schema\/logo\/image\/","url":"https:\/\/cilinapoj.si\/wp-content\/uploads\/2022\/06\/cropped-android-chrome-512x512-2.png","contentUrl":"https:\/\/cilinapoj.si\/wp-content\/uploads\/2022\/06\/cropped-android-chrome-512x512-2.png","width":512,"height":512,"caption":"\u010cili Napoj"},"image":{"@id":"https:\/\/cilinapoj.si\/sl_si\/#\/schema\/logo\/image\/"},"sameAs":["https:\/\/www.facebook.com\/cilinapoj"]}]}},"_links":{"self":[{"href":"https:\/\/cilinapoj.si\/de\/wp-json\/wp\/v2\/product\/2421"}],"collection":[{"href":"https:\/\/cilinapoj.si\/de\/wp-json\/wp\/v2\/product"}],"about":[{"href":"https:\/\/cilinapoj.si\/de\/wp-json\/wp\/v2\/types\/product"}],"replies":[{"embeddable":true,"href":"https:\/\/cilinapoj.si\/de\/wp-json\/wp\/v2\/comments?post=2421"}],"wp:featuredmedia":[{"embeddable":true,"href":"https:\/\/cilinapoj.si\/de\/wp-json\/wp\/v2\/media\/2423"}],"wp:attachment":[{"href":"https:\/\/cilinapoj.si\/de\/wp-json\/wp\/v2\/media?parent=2421"}],"wp:term":[{"taxonomy":"product_cat","embeddable":true,"href":"https:\/\/cilinapoj.si\/de\/wp-json\/wp\/v2\/product_cat?post=2421"},{"taxonomy":"product_tag","embeddable":true,"href":"https:\/\/cilinapoj.si\/de\/wp-json\/wp\/v2\/product_tag?post=2421"}],"curies":[{"name":"wp","href":"https:\/\/api.w.org\/{rel}","templated":true}]}}