{"id":2410,"date":"2022-05-06T12:11:45","date_gmt":"2022-05-06T12:11:45","guid":{"rendered":"http:\/\/cilinapoj.si\/?post_type=product&#038;p=2410"},"modified":"2025-02-28T12:04:32","modified_gmt":"2025-02-28T12:04:32","slug":"cili-na-cili-stopnja-1","status":"publish","type":"product","link":"https:\/\/cilinapoj.si\/de\/produkt\/cili-na-cili-stopnja-1\/","title":{"rendered":"Chili auf Chili - 1"},"content":{"rendered":"<p>Chili auf Chili ist eine einzigartige Pulvermischung mit 100% Chili. Das Pulver ist fein gemahlen,was eine gleichm\u00e4\u00dfige Geschmacksverteilung als Erg\u00e4nzung zu den Gerichten bringt. Das Pulver enthalt min. 5 Sorten Chili. Jedes Pulver ist ein Unikat.<\/p>\n<p>\u010cili na \u010dili &#8211; stopnja 1\u00a0je tako sestavljen iz naslednjih sort: Bishop&#8217;s Crown (\u0161kofovska kapa), Cayenne Red, Fireflame, Chupetino, Jalapeno in drugi (odvisno od sezone).<\/p>\n<p>In ein handgef\u00fclltes Reagenzglas werden 8 g trockenes Chili gestreut.<\/p>\n<p>Neto: 8g<\/p>\n<p>Zutaten: 100% trockene Chilis, ohne Zusatzstoffe, Salz oder andere Zusatzstoffe.<\/p>\n<p>Sch\u00e4rfe: 1\/3<\/p>\n<p>Chili Pulver kann erh\u00e4rten, da dies ein normaler Prozess der Verfestigung des \u00d6ls (Capsaicin) ist.<\/p>\n<p>&nbsp;<\/p>","protected":false},"excerpt":{"rendered":"<p>\u010cili na \u010dili je edinstvena me\u0161anica 100% suhega \u010dilija. Posip je fino mlet, kar zagotavlja enakovredno porazdelitev okusa, kot dodatka k jedem. V vsaki epruvetki se skriva vsaj 5 razli\u010dnih sort \u010dilija, ki so polnjeni po slojih, ro\u010dno. Tako je vsaka epruvetka svoj unikat! \u010cili na \u010dili &#8211; stopnja 1\u00a0je tako sestavljen iz naslednjih sort: [&hellip;]<\/p>","protected":false},"featured_media":3647,"comment_status":"open","ping_status":"closed","template":"","meta":[],"product_cat":[101],"product_tag":[],"yoast_head":"<!-- This site is optimized with the Yoast SEO plugin v23.5 - https:\/\/yoast.com\/wordpress\/plugins\/seo\/ -->\n<title>\u010cili na \u010dili - stopnja 1 - \u010cilinapoj.si - \u010cili z okusom<\/title>\n<meta name=\"robots\" content=\"index, follow, max-snippet:-1, max-image-preview:large, max-video-preview:-1\" \/>\n<link rel=\"canonical\" href=\"https:\/\/cilinapoj.si\/de\/produkt\/cili-na-cili-stopnja-1\/\" \/>\n<meta property=\"og:locale\" content=\"de_DE\" \/>\n<meta property=\"og:type\" content=\"article\" \/>\n<meta property=\"og:title\" content=\"\u010cili na \u010dili - stopnja 1 - \u010cilinapoj.si - \u010cili z okusom\" \/>\n<meta property=\"og:description\" content=\"\u010cili na \u010dili je edinstvena me\u0161anica 100% suhega \u010dilija. Posip je fino mlet, kar zagotavlja enakovredno porazdelitev okusa, kot dodatka k jedem. V vsaki epruvetki se skriva vsaj 5 razli\u010dnih sort \u010dilija, ki so polnjeni po slojih, ro\u010dno. Tako je vsaka epruvetka svoj unikat! \u010cili na \u010dili &#8211; stopnja 1\u00a0je tako sestavljen iz naslednjih sort: [&hellip;]\" \/>\n<meta property=\"og:url\" content=\"https:\/\/cilinapoj.si\/de\/produkt\/cili-na-cili-stopnja-1\/\" \/>\n<meta property=\"og:site_name\" content=\"\u010cilinapoj.si - \u010cili z okusom\" \/>\n<meta property=\"article:publisher\" content=\"https:\/\/www.facebook.com\/cilinapoj\" \/>\n<meta property=\"article:modified_time\" content=\"2025-02-28T12:04:32+00:00\" \/>\n<meta property=\"og:image\" content=\"https:\/\/cilinapoj.si\/wp-content\/uploads\/2022\/05\/Magicni-Cili-Posip-1-Cili-Napoj.jpg\" \/>\n\t<meta property=\"og:image:width\" content=\"1500\" \/>\n\t<meta property=\"og:image:height\" content=\"1000\" \/>\n\t<meta property=\"og:image:type\" content=\"image\/jpeg\" \/>\n<meta name=\"twitter:card\" content=\"summary_large_image\" \/>\n<meta name=\"twitter:label1\" content=\"Gesch\u00e4tzte Lesezeit\" \/>\n\t<meta name=\"twitter:data1\" content=\"1 Minute\" \/>\n<script type=\"application\/ld+json\" class=\"yoast-schema-graph\">{\"@context\":\"https:\/\/schema.org\",\"@graph\":[{\"@type\":\"WebPage\",\"@id\":\"https:\/\/cilinapoj.si\/izdelek\/cili-na-cili-stopnja-1\/\",\"url\":\"https:\/\/cilinapoj.si\/izdelek\/cili-na-cili-stopnja-1\/\",\"name\":\"\u010cili na \u010dili - stopnja 1 - \u010cilinapoj.si - \u010cili z okusom\",\"isPartOf\":{\"@id\":\"https:\/\/cilinapoj.si\/sl_si\/#website\"},\"primaryImageOfPage\":{\"@id\":\"https:\/\/cilinapoj.si\/izdelek\/cili-na-cili-stopnja-1\/#primaryimage\"},\"image\":{\"@id\":\"https:\/\/cilinapoj.si\/izdelek\/cili-na-cili-stopnja-1\/#primaryimage\"},\"thumbnailUrl\":\"https:\/\/cilinapoj.si\/wp-content\/uploads\/2022\/05\/Magicni-Cili-Posip-1-Cili-Napoj.jpg\",\"datePublished\":\"2022-05-06T12:11:45+00:00\",\"dateModified\":\"2025-02-28T12:04:32+00:00\",\"breadcrumb\":{\"@id\":\"https:\/\/cilinapoj.si\/izdelek\/cili-na-cili-stopnja-1\/#breadcrumb\"},\"inLanguage\":\"de-DE\",\"potentialAction\":[{\"@type\":\"ReadAction\",\"target\":[\"https:\/\/cilinapoj.si\/izdelek\/cili-na-cili-stopnja-1\/\"]}]},{\"@type\":\"ImageObject\",\"inLanguage\":\"de-DE\",\"@id\":\"https:\/\/cilinapoj.si\/izdelek\/cili-na-cili-stopnja-1\/#primaryimage\",\"url\":\"https:\/\/cilinapoj.si\/wp-content\/uploads\/2022\/05\/Magicni-Cili-Posip-1-Cili-Napoj.jpg\",\"contentUrl\":\"https:\/\/cilinapoj.si\/wp-content\/uploads\/2022\/05\/Magicni-Cili-Posip-1-Cili-Napoj.jpg\",\"width\":1500,\"height\":1000,\"caption\":\"Magicni Cili Posip 1 Cili Napoj\"},{\"@type\":\"BreadcrumbList\",\"@id\":\"https:\/\/cilinapoj.si\/izdelek\/cili-na-cili-stopnja-1\/#breadcrumb\",\"itemListElement\":[{\"@type\":\"ListItem\",\"position\":1,\"name\":\"Home\",\"item\":\"https:\/\/cilinapoj.si\/\"},{\"@type\":\"ListItem\",\"position\":2,\"name\":\"Trgovina\",\"item\":\"https:\/\/cilinapoj.si\/sl_si\/trgovina\/\"},{\"@type\":\"ListItem\",\"position\":3,\"name\":\"\u010cili na \u010dili &#8211; stopnja 1\"}]},{\"@type\":\"WebSite\",\"@id\":\"https:\/\/cilinapoj.si\/sl_si\/#website\",\"url\":\"https:\/\/cilinapoj.si\/sl_si\/\",\"name\":\"\u010cilinapoj.si - \u010cili z okusom\",\"description\":\"Opojni izdelki iz \u010dilija\",\"publisher\":{\"@id\":\"https:\/\/cilinapoj.si\/sl_si\/#organization\"},\"potentialAction\":[{\"@type\":\"SearchAction\",\"target\":{\"@type\":\"EntryPoint\",\"urlTemplate\":\"https:\/\/cilinapoj.si\/sl_si\/?s={search_term_string}\"},\"query-input\":{\"@type\":\"PropertyValueSpecification\",\"valueRequired\":true,\"valueName\":\"search_term_string\"}}],\"inLanguage\":\"de-DE\"},{\"@type\":\"Organization\",\"@id\":\"https:\/\/cilinapoj.si\/sl_si\/#organization\",\"name\":\"\u010cili Napoj\",\"url\":\"https:\/\/cilinapoj.si\/sl_si\/\",\"logo\":{\"@type\":\"ImageObject\",\"inLanguage\":\"de-DE\",\"@id\":\"https:\/\/cilinapoj.si\/sl_si\/#\/schema\/logo\/image\/\",\"url\":\"https:\/\/cilinapoj.si\/wp-content\/uploads\/2022\/06\/cropped-android-chrome-512x512-2.png\",\"contentUrl\":\"https:\/\/cilinapoj.si\/wp-content\/uploads\/2022\/06\/cropped-android-chrome-512x512-2.png\",\"width\":512,\"height\":512,\"caption\":\"\u010cili Napoj\"},\"image\":{\"@id\":\"https:\/\/cilinapoj.si\/sl_si\/#\/schema\/logo\/image\/\"},\"sameAs\":[\"https:\/\/www.facebook.com\/cilinapoj\"]}]}<\/script>\n<!-- \/ Yoast SEO plugin. -->","yoast_head_json":{"title":"\u010cili na \u010dili - stopnja 1 - \u010cilinapoj.si - \u010cili z okusom","robots":{"index":"index","follow":"follow","max-snippet":"max-snippet:-1","max-image-preview":"max-image-preview:large","max-video-preview":"max-video-preview:-1"},"canonical":"https:\/\/cilinapoj.si\/de\/produkt\/cili-na-cili-stopnja-1\/","og_locale":"de_DE","og_type":"article","og_title":"\u010cili na \u010dili - stopnja 1 - \u010cilinapoj.si - \u010cili z okusom","og_description":"\u010cili na \u010dili je edinstvena me\u0161anica 100% suhega \u010dilija. Posip je fino mlet, kar zagotavlja enakovredno porazdelitev okusa, kot dodatka k jedem. V vsaki epruvetki se skriva vsaj 5 razli\u010dnih sort \u010dilija, ki so polnjeni po slojih, ro\u010dno. Tako je vsaka epruvetka svoj unikat! \u010cili na \u010dili &#8211; stopnja 1\u00a0je tako sestavljen iz naslednjih sort: [&hellip;]","og_url":"https:\/\/cilinapoj.si\/de\/produkt\/cili-na-cili-stopnja-1\/","og_site_name":"\u010cilinapoj.si - \u010cili z okusom","article_publisher":"https:\/\/www.facebook.com\/cilinapoj","article_modified_time":"2025-02-28T12:04:32+00:00","og_image":[{"width":1500,"height":1000,"url":"https:\/\/cilinapoj.si\/wp-content\/uploads\/2022\/05\/Magicni-Cili-Posip-1-Cili-Napoj.jpg","type":"image\/jpeg"}],"twitter_card":"summary_large_image","twitter_misc":{"Gesch\u00e4tzte Lesezeit":"1 Minute"},"schema":{"@context":"https:\/\/schema.org","@graph":[{"@type":"WebPage","@id":"https:\/\/cilinapoj.si\/izdelek\/cili-na-cili-stopnja-1\/","url":"https:\/\/cilinapoj.si\/izdelek\/cili-na-cili-stopnja-1\/","name":"\u010cili na \u010dili - stopnja 1 - \u010cilinapoj.si - \u010cili z okusom","isPartOf":{"@id":"https:\/\/cilinapoj.si\/sl_si\/#website"},"primaryImageOfPage":{"@id":"https:\/\/cilinapoj.si\/izdelek\/cili-na-cili-stopnja-1\/#primaryimage"},"image":{"@id":"https:\/\/cilinapoj.si\/izdelek\/cili-na-cili-stopnja-1\/#primaryimage"},"thumbnailUrl":"https:\/\/cilinapoj.si\/wp-content\/uploads\/2022\/05\/Magicni-Cili-Posip-1-Cili-Napoj.jpg","datePublished":"2022-05-06T12:11:45+00:00","dateModified":"2025-02-28T12:04:32+00:00","breadcrumb":{"@id":"https:\/\/cilinapoj.si\/izdelek\/cili-na-cili-stopnja-1\/#breadcrumb"},"inLanguage":"de-DE","potentialAction":[{"@type":"ReadAction","target":["https:\/\/cilinapoj.si\/izdelek\/cili-na-cili-stopnja-1\/"]}]},{"@type":"ImageObject","inLanguage":"de-DE","@id":"https:\/\/cilinapoj.si\/izdelek\/cili-na-cili-stopnja-1\/#primaryimage","url":"https:\/\/cilinapoj.si\/wp-content\/uploads\/2022\/05\/Magicni-Cili-Posip-1-Cili-Napoj.jpg","contentUrl":"https:\/\/cilinapoj.si\/wp-content\/uploads\/2022\/05\/Magicni-Cili-Posip-1-Cili-Napoj.jpg","width":1500,"height":1000,"caption":"Magicni Cili Posip 1 Cili Napoj"},{"@type":"BreadcrumbList","@id":"https:\/\/cilinapoj.si\/izdelek\/cili-na-cili-stopnja-1\/#breadcrumb","itemListElement":[{"@type":"ListItem","position":1,"name":"Home","item":"https:\/\/cilinapoj.si\/"},{"@type":"ListItem","position":2,"name":"Trgovina","item":"https:\/\/cilinapoj.si\/sl_si\/trgovina\/"},{"@type":"ListItem","position":3,"name":"\u010cili na \u010dili &#8211; stopnja 1"}]},{"@type":"WebSite","@id":"https:\/\/cilinapoj.si\/sl_si\/#website","url":"https:\/\/cilinapoj.si\/sl_si\/","name":"\u010cilinapoj.si - \u010cili z okusom","description":"Opojni izdelki iz \u010dilija","publisher":{"@id":"https:\/\/cilinapoj.si\/sl_si\/#organization"},"potentialAction":[{"@type":"SearchAction","target":{"@type":"EntryPoint","urlTemplate":"https:\/\/cilinapoj.si\/sl_si\/?s={search_term_string}"},"query-input":{"@type":"PropertyValueSpecification","valueRequired":true,"valueName":"search_term_string"}}],"inLanguage":"de-DE"},{"@type":"Organization","@id":"https:\/\/cilinapoj.si\/sl_si\/#organization","name":"\u010cili Napoj","url":"https:\/\/cilinapoj.si\/sl_si\/","logo":{"@type":"ImageObject","inLanguage":"de-DE","@id":"https:\/\/cilinapoj.si\/sl_si\/#\/schema\/logo\/image\/","url":"https:\/\/cilinapoj.si\/wp-content\/uploads\/2022\/06\/cropped-android-chrome-512x512-2.png","contentUrl":"https:\/\/cilinapoj.si\/wp-content\/uploads\/2022\/06\/cropped-android-chrome-512x512-2.png","width":512,"height":512,"caption":"\u010cili Napoj"},"image":{"@id":"https:\/\/cilinapoj.si\/sl_si\/#\/schema\/logo\/image\/"},"sameAs":["https:\/\/www.facebook.com\/cilinapoj"]}]}},"_links":{"self":[{"href":"https:\/\/cilinapoj.si\/de\/wp-json\/wp\/v2\/product\/2410"}],"collection":[{"href":"https:\/\/cilinapoj.si\/de\/wp-json\/wp\/v2\/product"}],"about":[{"href":"https:\/\/cilinapoj.si\/de\/wp-json\/wp\/v2\/types\/product"}],"replies":[{"embeddable":true,"href":"https:\/\/cilinapoj.si\/de\/wp-json\/wp\/v2\/comments?post=2410"}],"wp:featuredmedia":[{"embeddable":true,"href":"https:\/\/cilinapoj.si\/de\/wp-json\/wp\/v2\/media\/3647"}],"wp:attachment":[{"href":"https:\/\/cilinapoj.si\/de\/wp-json\/wp\/v2\/media?parent=2410"}],"wp:term":[{"taxonomy":"product_cat","embeddable":true,"href":"https:\/\/cilinapoj.si\/de\/wp-json\/wp\/v2\/product_cat?post=2410"},{"taxonomy":"product_tag","embeddable":true,"href":"https:\/\/cilinapoj.si\/de\/wp-json\/wp\/v2\/product_tag?post=2410"}],"curies":[{"name":"wp","href":"https:\/\/api.w.org\/{rel}","templated":true}]}}