{"id":2307,"date":"2022-05-04T18:43:26","date_gmt":"2022-05-04T18:43:26","guid":{"rendered":"http:\/\/cilinapoj.si\/?post_type=product&#038;p=2307"},"modified":"2025-11-03T06:46:20","modified_gmt":"2025-11-03T06:46:20","slug":"darilni-komplet-omak-napoj","status":"publish","type":"product","link":"https:\/\/cilinapoj.si\/de\/produkt\/darilni-komplet-omak-napoj\/","title":{"rendered":"NAPOJ Set"},"content":{"rendered":"<div class=\"wpb_text_column wpb_content_element\">\n<div class=\"wpb_wrapper\">\n<div dir=\"auto\">\n<p>Set beinhaltet 3 Saucen:<\/p>\n<p><strong>Rote Wangen<\/strong><\/p>\n<p>Die Sauce Rote Wangen war unsere erste Chilisauce. Sie besteht aus Chilis Jalapeno und Bishop Crown. Um einen st\u00e4rken Sch\u00e4rfegeschmack zu erreichen, haben wir noch Habanero Red hinzugef\u00fcgt. Beim probieren der Saucen kann man sofort den Chili schmecken.<\/p>\n<div class=\"wpb_text_column wpb_content_element\">\n<div class=\"wpb_wrapper\">\n<p><strong>Diese Sauce hat eine Sch\u00e4rfe von 1\/3.<\/strong><br \/>\nEine universell einsetzbare Sauce!<\/p>\n<\/div>\n<\/div>\n<p><strong>Gelbfieber<\/strong><\/p>\n<div class=\"wpb_text_column wpb_content_element\">\n<div class=\"wpb_wrapper\">\n<p>Die Idee f\u00fcr die Kreation der Sauce Gelbfieber wurde durch den t\u00e4glichen Genuss von Aji Lemon geboren. Dieser Chili hat eine ausgepr\u00e4gte Zitrusnote. So hatten wir keine andere Wahl, als ihn in eine Napoj Sauce zu verwandeln. Der Sauce haben wir dann noch Monkey Face hinzugef\u00fcgt. Das endg\u00fcltige Aroma wird durch die Sch\u00e4rfe der Chilis Naga Yellow und Habanero Yellow abgerundet. Die Mischung von Aromen wurde zus\u00e4tzlich mit einer Prise frischen Ingwer verfeinert.<\/p>\n<p><strong>Diese Sauce hat eine Sch\u00e4rfe von 2\/3<\/strong><br \/>\nPasst zum verschiedenen asiatischen Gerichten, Fisch, Huhn, Reis oder Exotisch-Tropischen Essen.<\/p>\n<\/div>\n<p><strong>Tr\u00e4nende Augen<\/strong><\/p>\n<div class=\"wpb_text_column wpb_content_element\">\n<div class=\"wpb_wrapper\">\n<p>Tr\u00e4nende Augen bekommt man beim Verzehr der sch\u00e4rfsten Chilis. F\u00fcr diese Sauce haben wir Moruga Chocolate, Jolokia Brown und Carolina Reaoer verwendet. Diese Chilis werden von Experten \"Nuklear Chilis\" genant, da die meisten den Wert 1 Millioen Skoville \u00fcberschreiten. Keine Sorge, die Sauce ist problemlos essbar, da sie auf BBQ-Art gemacht wurde. Wir haben noch den Chili Numex Big Jim, der 8 Stunden lang mir lansam schwelendem Pflaumenholz ger\u00e4uchert w\u00fcrde, hinzugef\u00fcgt. Die R\u00e4uchertemperatur ist dabei nicht h\u00f6her als 60 Grad. Durch langsames R\u00e4uchern haben wir die Chilifrische beibehalten und ein fruchtiges R\u00e4ucheraroma hinzugef\u00fcgt.<\/p>\n<p><strong>Diese Sauce hat eine Sch\u00e4rfe von 3\/3.<\/strong><br \/>\nDie perfekte Fleisch Sauce, zum Grill, Gulasch, Steaks oder Schnitzel.<\/p>\n<\/div>\n<\/div>\n<\/div>\n<\/div>\n<\/div>\n<\/div>","protected":false},"excerpt":{"rendered":"<p>Komplet 3 omak v darilni embala\u017ei.<\/p>","protected":false},"featured_media":5827,"comment_status":"open","ping_status":"closed","template":"","meta":[],"product_cat":[67],"product_tag":[],"yoast_head":"<!-- This site is optimized with the Yoast SEO plugin v23.5 - https:\/\/yoast.com\/wordpress\/plugins\/seo\/ -->\n<title>Darilni komplet omak NAPOJ - \u010cilinapoj.si - \u010cili z okusom<\/title>\n<meta name=\"robots\" content=\"index, follow, max-snippet:-1, max-image-preview:large, max-video-preview:-1\" \/>\n<link rel=\"canonical\" href=\"https:\/\/cilinapoj.si\/de\/produkt\/darilni-komplet-omak-napoj\/\" \/>\n<meta property=\"og:locale\" content=\"de_DE\" \/>\n<meta property=\"og:type\" content=\"article\" \/>\n<meta property=\"og:title\" content=\"Darilni komplet omak NAPOJ - \u010cilinapoj.si - \u010cili z okusom\" \/>\n<meta property=\"og:description\" content=\"Komplet 3 omak v darilni embala\u017ei.\" \/>\n<meta property=\"og:url\" content=\"https:\/\/cilinapoj.si\/de\/produkt\/darilni-komplet-omak-napoj\/\" \/>\n<meta property=\"og:site_name\" content=\"\u010cilinapoj.si - \u010cili z okusom\" \/>\n<meta property=\"article:publisher\" content=\"https:\/\/www.facebook.com\/cilinapoj\" \/>\n<meta property=\"article:modified_time\" content=\"2025-11-03T06:46:20+00:00\" \/>\n<meta property=\"og:image\" content=\"https:\/\/cilinapoj.si\/wp-content\/uploads\/2025\/11\/1757605045347_tris_dar-scaled.jpg\" \/>\n\t<meta property=\"og:image:width\" content=\"2560\" \/>\n\t<meta property=\"og:image:height\" content=\"1707\" \/>\n\t<meta property=\"og:image:type\" content=\"image\/jpeg\" \/>\n<meta name=\"twitter:card\" content=\"summary_large_image\" \/>\n<meta name=\"twitter:label1\" content=\"Gesch\u00e4tzte Lesezeit\" \/>\n\t<meta name=\"twitter:data1\" content=\"2 Minuten\" \/>\n<script type=\"application\/ld+json\" class=\"yoast-schema-graph\">{\"@context\":\"https:\/\/schema.org\",\"@graph\":[{\"@type\":\"WebPage\",\"@id\":\"https:\/\/cilinapoj.si\/izdelek\/darilni-komplet-omak-napoj\/\",\"url\":\"https:\/\/cilinapoj.si\/izdelek\/darilni-komplet-omak-napoj\/\",\"name\":\"Darilni komplet omak NAPOJ - \u010cilinapoj.si - \u010cili z okusom\",\"isPartOf\":{\"@id\":\"https:\/\/cilinapoj.si\/sl_si\/#website\"},\"primaryImageOfPage\":{\"@id\":\"https:\/\/cilinapoj.si\/izdelek\/darilni-komplet-omak-napoj\/#primaryimage\"},\"image\":{\"@id\":\"https:\/\/cilinapoj.si\/izdelek\/darilni-komplet-omak-napoj\/#primaryimage\"},\"thumbnailUrl\":\"https:\/\/cilinapoj.si\/wp-content\/uploads\/2025\/11\/1757605045347_tris_dar-scaled.jpg\",\"datePublished\":\"2022-05-04T18:43:26+00:00\",\"dateModified\":\"2025-11-03T06:46:20+00:00\",\"breadcrumb\":{\"@id\":\"https:\/\/cilinapoj.si\/izdelek\/darilni-komplet-omak-napoj\/#breadcrumb\"},\"inLanguage\":\"de-DE\",\"potentialAction\":[{\"@type\":\"ReadAction\",\"target\":[\"https:\/\/cilinapoj.si\/izdelek\/darilni-komplet-omak-napoj\/\"]}]},{\"@type\":\"ImageObject\",\"inLanguage\":\"de-DE\",\"@id\":\"https:\/\/cilinapoj.si\/izdelek\/darilni-komplet-omak-napoj\/#primaryimage\",\"url\":\"https:\/\/cilinapoj.si\/wp-content\/uploads\/2025\/11\/1757605045347_tris_dar-scaled.jpg\",\"contentUrl\":\"https:\/\/cilinapoj.si\/wp-content\/uploads\/2025\/11\/1757605045347_tris_dar-scaled.jpg\",\"width\":2560,\"height\":1707},{\"@type\":\"BreadcrumbList\",\"@id\":\"https:\/\/cilinapoj.si\/izdelek\/darilni-komplet-omak-napoj\/#breadcrumb\",\"itemListElement\":[{\"@type\":\"ListItem\",\"position\":1,\"name\":\"Home\",\"item\":\"https:\/\/cilinapoj.si\/\"},{\"@type\":\"ListItem\",\"position\":2,\"name\":\"Trgovina\",\"item\":\"https:\/\/cilinapoj.si\/sl_si\/trgovina\/\"},{\"@type\":\"ListItem\",\"position\":3,\"name\":\"Darilni komplet omak NAPOJ\"}]},{\"@type\":\"WebSite\",\"@id\":\"https:\/\/cilinapoj.si\/sl_si\/#website\",\"url\":\"https:\/\/cilinapoj.si\/sl_si\/\",\"name\":\"\u010cilinapoj.si - \u010cili z okusom\",\"description\":\"Opojni izdelki iz \u010dilija\",\"publisher\":{\"@id\":\"https:\/\/cilinapoj.si\/sl_si\/#organization\"},\"potentialAction\":[{\"@type\":\"SearchAction\",\"target\":{\"@type\":\"EntryPoint\",\"urlTemplate\":\"https:\/\/cilinapoj.si\/sl_si\/?s={search_term_string}\"},\"query-input\":{\"@type\":\"PropertyValueSpecification\",\"valueRequired\":true,\"valueName\":\"search_term_string\"}}],\"inLanguage\":\"de-DE\"},{\"@type\":\"Organization\",\"@id\":\"https:\/\/cilinapoj.si\/sl_si\/#organization\",\"name\":\"\u010cili Napoj\",\"url\":\"https:\/\/cilinapoj.si\/sl_si\/\",\"logo\":{\"@type\":\"ImageObject\",\"inLanguage\":\"de-DE\",\"@id\":\"https:\/\/cilinapoj.si\/sl_si\/#\/schema\/logo\/image\/\",\"url\":\"https:\/\/cilinapoj.si\/wp-content\/uploads\/2022\/06\/cropped-android-chrome-512x512-2.png\",\"contentUrl\":\"https:\/\/cilinapoj.si\/wp-content\/uploads\/2022\/06\/cropped-android-chrome-512x512-2.png\",\"width\":512,\"height\":512,\"caption\":\"\u010cili Napoj\"},\"image\":{\"@id\":\"https:\/\/cilinapoj.si\/sl_si\/#\/schema\/logo\/image\/\"},\"sameAs\":[\"https:\/\/www.facebook.com\/cilinapoj\"]}]}<\/script>\n<!-- \/ Yoast SEO plugin. -->","yoast_head_json":{"title":"Darilni komplet omak NAPOJ - \u010cilinapoj.si - \u010cili z okusom","robots":{"index":"index","follow":"follow","max-snippet":"max-snippet:-1","max-image-preview":"max-image-preview:large","max-video-preview":"max-video-preview:-1"},"canonical":"https:\/\/cilinapoj.si\/de\/produkt\/darilni-komplet-omak-napoj\/","og_locale":"de_DE","og_type":"article","og_title":"Darilni komplet omak NAPOJ - \u010cilinapoj.si - \u010cili z okusom","og_description":"Komplet 3 omak v darilni embala\u017ei.","og_url":"https:\/\/cilinapoj.si\/de\/produkt\/darilni-komplet-omak-napoj\/","og_site_name":"\u010cilinapoj.si - \u010cili z okusom","article_publisher":"https:\/\/www.facebook.com\/cilinapoj","article_modified_time":"2025-11-03T06:46:20+00:00","og_image":[{"width":2560,"height":1707,"url":"https:\/\/cilinapoj.si\/wp-content\/uploads\/2025\/11\/1757605045347_tris_dar-scaled.jpg","type":"image\/jpeg"}],"twitter_card":"summary_large_image","twitter_misc":{"Gesch\u00e4tzte Lesezeit":"2 Minuten"},"schema":{"@context":"https:\/\/schema.org","@graph":[{"@type":"WebPage","@id":"https:\/\/cilinapoj.si\/izdelek\/darilni-komplet-omak-napoj\/","url":"https:\/\/cilinapoj.si\/izdelek\/darilni-komplet-omak-napoj\/","name":"Darilni komplet omak NAPOJ - \u010cilinapoj.si - \u010cili z okusom","isPartOf":{"@id":"https:\/\/cilinapoj.si\/sl_si\/#website"},"primaryImageOfPage":{"@id":"https:\/\/cilinapoj.si\/izdelek\/darilni-komplet-omak-napoj\/#primaryimage"},"image":{"@id":"https:\/\/cilinapoj.si\/izdelek\/darilni-komplet-omak-napoj\/#primaryimage"},"thumbnailUrl":"https:\/\/cilinapoj.si\/wp-content\/uploads\/2025\/11\/1757605045347_tris_dar-scaled.jpg","datePublished":"2022-05-04T18:43:26+00:00","dateModified":"2025-11-03T06:46:20+00:00","breadcrumb":{"@id":"https:\/\/cilinapoj.si\/izdelek\/darilni-komplet-omak-napoj\/#breadcrumb"},"inLanguage":"de-DE","potentialAction":[{"@type":"ReadAction","target":["https:\/\/cilinapoj.si\/izdelek\/darilni-komplet-omak-napoj\/"]}]},{"@type":"ImageObject","inLanguage":"de-DE","@id":"https:\/\/cilinapoj.si\/izdelek\/darilni-komplet-omak-napoj\/#primaryimage","url":"https:\/\/cilinapoj.si\/wp-content\/uploads\/2025\/11\/1757605045347_tris_dar-scaled.jpg","contentUrl":"https:\/\/cilinapoj.si\/wp-content\/uploads\/2025\/11\/1757605045347_tris_dar-scaled.jpg","width":2560,"height":1707},{"@type":"BreadcrumbList","@id":"https:\/\/cilinapoj.si\/izdelek\/darilni-komplet-omak-napoj\/#breadcrumb","itemListElement":[{"@type":"ListItem","position":1,"name":"Home","item":"https:\/\/cilinapoj.si\/"},{"@type":"ListItem","position":2,"name":"Trgovina","item":"https:\/\/cilinapoj.si\/sl_si\/trgovina\/"},{"@type":"ListItem","position":3,"name":"Darilni komplet omak NAPOJ"}]},{"@type":"WebSite","@id":"https:\/\/cilinapoj.si\/sl_si\/#website","url":"https:\/\/cilinapoj.si\/sl_si\/","name":"\u010cilinapoj.si - \u010cili z okusom","description":"Opojni izdelki iz \u010dilija","publisher":{"@id":"https:\/\/cilinapoj.si\/sl_si\/#organization"},"potentialAction":[{"@type":"SearchAction","target":{"@type":"EntryPoint","urlTemplate":"https:\/\/cilinapoj.si\/sl_si\/?s={search_term_string}"},"query-input":{"@type":"PropertyValueSpecification","valueRequired":true,"valueName":"search_term_string"}}],"inLanguage":"de-DE"},{"@type":"Organization","@id":"https:\/\/cilinapoj.si\/sl_si\/#organization","name":"\u010cili Napoj","url":"https:\/\/cilinapoj.si\/sl_si\/","logo":{"@type":"ImageObject","inLanguage":"de-DE","@id":"https:\/\/cilinapoj.si\/sl_si\/#\/schema\/logo\/image\/","url":"https:\/\/cilinapoj.si\/wp-content\/uploads\/2022\/06\/cropped-android-chrome-512x512-2.png","contentUrl":"https:\/\/cilinapoj.si\/wp-content\/uploads\/2022\/06\/cropped-android-chrome-512x512-2.png","width":512,"height":512,"caption":"\u010cili Napoj"},"image":{"@id":"https:\/\/cilinapoj.si\/sl_si\/#\/schema\/logo\/image\/"},"sameAs":["https:\/\/www.facebook.com\/cilinapoj"]}]}},"_links":{"self":[{"href":"https:\/\/cilinapoj.si\/de\/wp-json\/wp\/v2\/product\/2307"}],"collection":[{"href":"https:\/\/cilinapoj.si\/de\/wp-json\/wp\/v2\/product"}],"about":[{"href":"https:\/\/cilinapoj.si\/de\/wp-json\/wp\/v2\/types\/product"}],"replies":[{"embeddable":true,"href":"https:\/\/cilinapoj.si\/de\/wp-json\/wp\/v2\/comments?post=2307"}],"wp:featuredmedia":[{"embeddable":true,"href":"https:\/\/cilinapoj.si\/de\/wp-json\/wp\/v2\/media\/5827"}],"wp:attachment":[{"href":"https:\/\/cilinapoj.si\/de\/wp-json\/wp\/v2\/media?parent=2307"}],"wp:term":[{"taxonomy":"product_cat","embeddable":true,"href":"https:\/\/cilinapoj.si\/de\/wp-json\/wp\/v2\/product_cat?post=2307"},{"taxonomy":"product_tag","embeddable":true,"href":"https:\/\/cilinapoj.si\/de\/wp-json\/wp\/v2\/product_tag?post=2307"}],"curies":[{"name":"wp","href":"https:\/\/api.w.org\/{rel}","templated":true}]}}