{"id":2297,"date":"2022-05-04T18:37:06","date_gmt":"2022-05-04T18:37:06","guid":{"rendered":"http:\/\/cilinapoj.si\/?post_type=product&#038;p=2297"},"modified":"2024-11-18T06:55:40","modified_gmt":"2024-11-18T06:55:40","slug":"bucno-olje-s-cilijem-izbrani-magicni-cili-posip","status":"publish","type":"product","link":"https:\/\/cilinapoj.si\/de\/produkt\/bucno-olje-s-cilijem-izbrani-magicni-cili-posip\/","title":{"rendered":"Kern\u00f6l mit Chili + magisches Chili Pulver"},"content":{"rendered":"<p>Dein eigener Chili Paket<\/p>\n<p><strong>K\u00fcrbiskern \u00d6l mit Chili 100 ml<\/strong><br \/>\nEine neue scharfe K\u00fcrbis-Chili-Revolution!<br \/>\nDie K\u00fcrbiskerne der heimischen Sorte Gleisdorf werden zuerst gemahlen, dann werden Wasser und Salz hinzuzugef\u00fcgt. Die Mischung wird so lange geknetet, dass sich das \u00d6l freizusetzen beginnt. Dies ist ein Zeichen daf\u00fcr, dass die Mischung r\u00f6stbereit ist. Die Besonderheit des R\u00f6stens in der Bel\u0161ak-\u00d6lm\u00fchle besteht darin, dass sie immer noch das traditionelle Verfahren des R\u00f6stens mit Holz verwenden, das die entsprechende Temperatur aufrechtzuerhalten erm\u00f6glicht. Die Temperaturkontrolle ist der Schl\u00fcsselfaktor; es ist wichtig, dass das gesamte Wasser verdampft, damit wir uns beim R\u00f6sten der Temperatur von 115 \u00b0C n\u00e4hern k\u00f6nnen. Die ger\u00f6stete Masse wird dann zusammengepresst und in den Endphasen wird noch der aromatische Chili Habanero Chocolate hinzugef\u00fcgt. Auf diese Weise erhalten wir 100%iges steirisches K\u00fcrbiskern\u00f6l mit einem Hauch von scharfen Celestrina-Chilis. Das \u00d6l ist dunkel, schwarz oder gr\u00fcn, dick und aromatisch.<br \/>\nNetto: 100ml<\/p>\n<p><strong>Magisches Chili Pulver - von Stuffe 1 bis 3<\/strong><\/p>\n<p>Unikate Chillipulver<\/p>\n<p>Eine neue scharfe Revolution. Vermischen Sie die Schichten und genie\u00dfen Sie die Magie von Chiliflocken. Die Flocken bestehen zu 100% aus trockenen gemahlenen Chilis. Die Eprovette ist handgef\u00fcllt und so ein Unikat. Ihnen stehen drei verschieden Sch\u00e4rfegrade zur Verf\u00fcgung.<\/p>\n<p>Neto: 8g<\/p>","protected":false},"excerpt":{"rendered":"<div dir=\"auto\">\n<p>Die Auswahl ist deins!<\/p>\n<p>Sie w\u00e4hlen das Paket aus!<\/p>\n<\/div>\n<p>100% Kern\u00f6l mit Chili in einem Geschenkepaket mit Chili Pulver.<\/p>","protected":false},"featured_media":3291,"comment_status":"open","ping_status":"closed","template":"","meta":[],"product_cat":[67],"product_tag":[],"yoast_head":"<!-- This site is optimized with the Yoast SEO plugin v23.5 - https:\/\/yoast.com\/wordpress\/plugins\/seo\/ -->\n<title>Bu\u010dno olje s \u010dilijem + izbrani magi\u010dni \u010dili posip - \u010cilinapoj.si - \u010cili z okusom<\/title>\n<meta name=\"robots\" content=\"index, follow, max-snippet:-1, max-image-preview:large, max-video-preview:-1\" \/>\n<link rel=\"canonical\" href=\"https:\/\/cilinapoj.si\/de\/produkt\/bucno-olje-s-cilijem-izbrani-magicni-cili-posip\/\" \/>\n<meta property=\"og:locale\" content=\"de_DE\" \/>\n<meta property=\"og:type\" content=\"article\" \/>\n<meta property=\"og:title\" content=\"Bu\u010dno olje s \u010dilijem + izbrani magi\u010dni \u010dili posip - \u010cilinapoj.si - \u010cili z okusom\" \/>\n<meta property=\"og:description\" content=\"IZBOR je tvoj! Kako bo\u0161 \u201copremil\u201d darilni paket?  Ti izbere\u0161, zapakiramo in po\u0161ljemo mi!   100% Bu\u010dno olje s \u010dilijem v darilni embala\u017ei z magi\u010dnim \u010dili posipom, ki ga izbere\u0161 sam(a).\" \/>\n<meta property=\"og:url\" content=\"https:\/\/cilinapoj.si\/de\/produkt\/bucno-olje-s-cilijem-izbrani-magicni-cili-posip\/\" \/>\n<meta property=\"og:site_name\" content=\"\u010cilinapoj.si - \u010cili z okusom\" \/>\n<meta property=\"article:publisher\" content=\"https:\/\/www.facebook.com\/cilinapoj\" \/>\n<meta property=\"article:modified_time\" content=\"2024-11-18T06:55:40+00:00\" \/>\n<meta property=\"og:image\" content=\"https:\/\/cilinapoj.si\/wp-content\/uploads\/2022\/05\/Bucno-Olje-S-Cilijem.jpg\" \/>\n\t<meta property=\"og:image:width\" content=\"1618\" \/>\n\t<meta property=\"og:image:height\" content=\"1079\" \/>\n\t<meta property=\"og:image:type\" content=\"image\/jpeg\" \/>\n<meta name=\"twitter:card\" content=\"summary_large_image\" \/>\n<meta name=\"twitter:label1\" content=\"Gesch\u00e4tzte Lesezeit\" \/>\n\t<meta name=\"twitter:data1\" content=\"1 Minute\" \/>\n<script type=\"application\/ld+json\" class=\"yoast-schema-graph\">{\"@context\":\"https:\/\/schema.org\",\"@graph\":[{\"@type\":\"WebPage\",\"@id\":\"https:\/\/cilinapoj.si\/sl_si\/izdelek\/bucno-olje-s-cilijem-izbrani-magicni-cili-posip\/\",\"url\":\"https:\/\/cilinapoj.si\/sl_si\/izdelek\/bucno-olje-s-cilijem-izbrani-magicni-cili-posip\/\",\"name\":\"Bu\u010dno olje s \u010dilijem + izbrani magi\u010dni \u010dili posip - \u010cilinapoj.si - \u010cili z okusom\",\"isPartOf\":{\"@id\":\"https:\/\/cilinapoj.si\/sl_si\/#website\"},\"primaryImageOfPage\":{\"@id\":\"https:\/\/cilinapoj.si\/sl_si\/izdelek\/bucno-olje-s-cilijem-izbrani-magicni-cili-posip\/#primaryimage\"},\"image\":{\"@id\":\"https:\/\/cilinapoj.si\/sl_si\/izdelek\/bucno-olje-s-cilijem-izbrani-magicni-cili-posip\/#primaryimage\"},\"thumbnailUrl\":\"https:\/\/cilinapoj.si\/wp-content\/uploads\/2022\/05\/Bucno-Olje-S-Cilijem.jpg\",\"datePublished\":\"2022-05-04T18:37:06+00:00\",\"dateModified\":\"2024-11-18T06:55:40+00:00\",\"breadcrumb\":{\"@id\":\"https:\/\/cilinapoj.si\/sl_si\/izdelek\/bucno-olje-s-cilijem-izbrani-magicni-cili-posip\/#breadcrumb\"},\"inLanguage\":\"de-DE\",\"potentialAction\":[{\"@type\":\"ReadAction\",\"target\":[\"https:\/\/cilinapoj.si\/sl_si\/izdelek\/bucno-olje-s-cilijem-izbrani-magicni-cili-posip\/\"]}]},{\"@type\":\"ImageObject\",\"inLanguage\":\"de-DE\",\"@id\":\"https:\/\/cilinapoj.si\/sl_si\/izdelek\/bucno-olje-s-cilijem-izbrani-magicni-cili-posip\/#primaryimage\",\"url\":\"https:\/\/cilinapoj.si\/wp-content\/uploads\/2022\/05\/Bucno-Olje-S-Cilijem.jpg\",\"contentUrl\":\"https:\/\/cilinapoj.si\/wp-content\/uploads\/2022\/05\/Bucno-Olje-S-Cilijem.jpg\",\"width\":1618,\"height\":1079,\"caption\":\"Bu\u010dno Olje S \u010cilijem Napoj\"},{\"@type\":\"BreadcrumbList\",\"@id\":\"https:\/\/cilinapoj.si\/sl_si\/izdelek\/bucno-olje-s-cilijem-izbrani-magicni-cili-posip\/#breadcrumb\",\"itemListElement\":[{\"@type\":\"ListItem\",\"position\":1,\"name\":\"Home\",\"item\":\"https:\/\/cilinapoj.si\/\"},{\"@type\":\"ListItem\",\"position\":2,\"name\":\"Trgovina\",\"item\":\"https:\/\/cilinapoj.si\/sl_si\/trgovina\/\"},{\"@type\":\"ListItem\",\"position\":3,\"name\":\"Bu\u010dno olje s \u010dilijem + izbrani magi\u010dni \u010dili posip\"}]},{\"@type\":\"WebSite\",\"@id\":\"https:\/\/cilinapoj.si\/sl_si\/#website\",\"url\":\"https:\/\/cilinapoj.si\/sl_si\/\",\"name\":\"\u010cilinapoj.si - \u010cili z okusom\",\"description\":\"Opojni izdelki iz \u010dilija\",\"publisher\":{\"@id\":\"https:\/\/cilinapoj.si\/sl_si\/#organization\"},\"potentialAction\":[{\"@type\":\"SearchAction\",\"target\":{\"@type\":\"EntryPoint\",\"urlTemplate\":\"https:\/\/cilinapoj.si\/sl_si\/?s={search_term_string}\"},\"query-input\":{\"@type\":\"PropertyValueSpecification\",\"valueRequired\":true,\"valueName\":\"search_term_string\"}}],\"inLanguage\":\"de-DE\"},{\"@type\":\"Organization\",\"@id\":\"https:\/\/cilinapoj.si\/sl_si\/#organization\",\"name\":\"\u010cili Napoj\",\"url\":\"https:\/\/cilinapoj.si\/sl_si\/\",\"logo\":{\"@type\":\"ImageObject\",\"inLanguage\":\"de-DE\",\"@id\":\"https:\/\/cilinapoj.si\/sl_si\/#\/schema\/logo\/image\/\",\"url\":\"https:\/\/cilinapoj.si\/wp-content\/uploads\/2022\/06\/cropped-android-chrome-512x512-2.png\",\"contentUrl\":\"https:\/\/cilinapoj.si\/wp-content\/uploads\/2022\/06\/cropped-android-chrome-512x512-2.png\",\"width\":512,\"height\":512,\"caption\":\"\u010cili Napoj\"},\"image\":{\"@id\":\"https:\/\/cilinapoj.si\/sl_si\/#\/schema\/logo\/image\/\"},\"sameAs\":[\"https:\/\/www.facebook.com\/cilinapoj\"]}]}<\/script>\n<!-- \/ Yoast SEO plugin. -->","yoast_head_json":{"title":"Bu\u010dno olje s \u010dilijem + izbrani magi\u010dni \u010dili posip - \u010cilinapoj.si - \u010cili z okusom","robots":{"index":"index","follow":"follow","max-snippet":"max-snippet:-1","max-image-preview":"max-image-preview:large","max-video-preview":"max-video-preview:-1"},"canonical":"https:\/\/cilinapoj.si\/de\/produkt\/bucno-olje-s-cilijem-izbrani-magicni-cili-posip\/","og_locale":"de_DE","og_type":"article","og_title":"Bu\u010dno olje s \u010dilijem + izbrani magi\u010dni \u010dili posip - \u010cilinapoj.si - \u010cili z okusom","og_description":"IZBOR je tvoj! Kako bo\u0161 \u201copremil\u201d darilni paket?  Ti izbere\u0161, zapakiramo in po\u0161ljemo mi!   100% Bu\u010dno olje s \u010dilijem v darilni embala\u017ei z magi\u010dnim \u010dili posipom, ki ga izbere\u0161 sam(a).","og_url":"https:\/\/cilinapoj.si\/de\/produkt\/bucno-olje-s-cilijem-izbrani-magicni-cili-posip\/","og_site_name":"\u010cilinapoj.si - \u010cili z okusom","article_publisher":"https:\/\/www.facebook.com\/cilinapoj","article_modified_time":"2024-11-18T06:55:40+00:00","og_image":[{"width":1618,"height":1079,"url":"https:\/\/cilinapoj.si\/wp-content\/uploads\/2022\/05\/Bucno-Olje-S-Cilijem.jpg","type":"image\/jpeg"}],"twitter_card":"summary_large_image","twitter_misc":{"Gesch\u00e4tzte Lesezeit":"1 Minute"},"schema":{"@context":"https:\/\/schema.org","@graph":[{"@type":"WebPage","@id":"https:\/\/cilinapoj.si\/sl_si\/izdelek\/bucno-olje-s-cilijem-izbrani-magicni-cili-posip\/","url":"https:\/\/cilinapoj.si\/sl_si\/izdelek\/bucno-olje-s-cilijem-izbrani-magicni-cili-posip\/","name":"Bu\u010dno olje s \u010dilijem + izbrani magi\u010dni \u010dili posip - \u010cilinapoj.si - \u010cili z okusom","isPartOf":{"@id":"https:\/\/cilinapoj.si\/sl_si\/#website"},"primaryImageOfPage":{"@id":"https:\/\/cilinapoj.si\/sl_si\/izdelek\/bucno-olje-s-cilijem-izbrani-magicni-cili-posip\/#primaryimage"},"image":{"@id":"https:\/\/cilinapoj.si\/sl_si\/izdelek\/bucno-olje-s-cilijem-izbrani-magicni-cili-posip\/#primaryimage"},"thumbnailUrl":"https:\/\/cilinapoj.si\/wp-content\/uploads\/2022\/05\/Bucno-Olje-S-Cilijem.jpg","datePublished":"2022-05-04T18:37:06+00:00","dateModified":"2024-11-18T06:55:40+00:00","breadcrumb":{"@id":"https:\/\/cilinapoj.si\/sl_si\/izdelek\/bucno-olje-s-cilijem-izbrani-magicni-cili-posip\/#breadcrumb"},"inLanguage":"de-DE","potentialAction":[{"@type":"ReadAction","target":["https:\/\/cilinapoj.si\/sl_si\/izdelek\/bucno-olje-s-cilijem-izbrani-magicni-cili-posip\/"]}]},{"@type":"ImageObject","inLanguage":"de-DE","@id":"https:\/\/cilinapoj.si\/sl_si\/izdelek\/bucno-olje-s-cilijem-izbrani-magicni-cili-posip\/#primaryimage","url":"https:\/\/cilinapoj.si\/wp-content\/uploads\/2022\/05\/Bucno-Olje-S-Cilijem.jpg","contentUrl":"https:\/\/cilinapoj.si\/wp-content\/uploads\/2022\/05\/Bucno-Olje-S-Cilijem.jpg","width":1618,"height":1079,"caption":"Bu\u010dno Olje S \u010cilijem Napoj"},{"@type":"BreadcrumbList","@id":"https:\/\/cilinapoj.si\/sl_si\/izdelek\/bucno-olje-s-cilijem-izbrani-magicni-cili-posip\/#breadcrumb","itemListElement":[{"@type":"ListItem","position":1,"name":"Home","item":"https:\/\/cilinapoj.si\/"},{"@type":"ListItem","position":2,"name":"Trgovina","item":"https:\/\/cilinapoj.si\/sl_si\/trgovina\/"},{"@type":"ListItem","position":3,"name":"Bu\u010dno olje s \u010dilijem + izbrani magi\u010dni \u010dili posip"}]},{"@type":"WebSite","@id":"https:\/\/cilinapoj.si\/sl_si\/#website","url":"https:\/\/cilinapoj.si\/sl_si\/","name":"\u010cilinapoj.si - \u010cili z okusom","description":"Opojni izdelki iz \u010dilija","publisher":{"@id":"https:\/\/cilinapoj.si\/sl_si\/#organization"},"potentialAction":[{"@type":"SearchAction","target":{"@type":"EntryPoint","urlTemplate":"https:\/\/cilinapoj.si\/sl_si\/?s={search_term_string}"},"query-input":{"@type":"PropertyValueSpecification","valueRequired":true,"valueName":"search_term_string"}}],"inLanguage":"de-DE"},{"@type":"Organization","@id":"https:\/\/cilinapoj.si\/sl_si\/#organization","name":"\u010cili Napoj","url":"https:\/\/cilinapoj.si\/sl_si\/","logo":{"@type":"ImageObject","inLanguage":"de-DE","@id":"https:\/\/cilinapoj.si\/sl_si\/#\/schema\/logo\/image\/","url":"https:\/\/cilinapoj.si\/wp-content\/uploads\/2022\/06\/cropped-android-chrome-512x512-2.png","contentUrl":"https:\/\/cilinapoj.si\/wp-content\/uploads\/2022\/06\/cropped-android-chrome-512x512-2.png","width":512,"height":512,"caption":"\u010cili Napoj"},"image":{"@id":"https:\/\/cilinapoj.si\/sl_si\/#\/schema\/logo\/image\/"},"sameAs":["https:\/\/www.facebook.com\/cilinapoj"]}]}},"_links":{"self":[{"href":"https:\/\/cilinapoj.si\/de\/wp-json\/wp\/v2\/product\/2297"}],"collection":[{"href":"https:\/\/cilinapoj.si\/de\/wp-json\/wp\/v2\/product"}],"about":[{"href":"https:\/\/cilinapoj.si\/de\/wp-json\/wp\/v2\/types\/product"}],"replies":[{"embeddable":true,"href":"https:\/\/cilinapoj.si\/de\/wp-json\/wp\/v2\/comments?post=2297"}],"wp:featuredmedia":[{"embeddable":true,"href":"https:\/\/cilinapoj.si\/de\/wp-json\/wp\/v2\/media\/3291"}],"wp:attachment":[{"href":"https:\/\/cilinapoj.si\/de\/wp-json\/wp\/v2\/media?parent=2297"}],"wp:term":[{"taxonomy":"product_cat","embeddable":true,"href":"https:\/\/cilinapoj.si\/de\/wp-json\/wp\/v2\/product_cat?post=2297"},{"taxonomy":"product_tag","embeddable":true,"href":"https:\/\/cilinapoj.si\/de\/wp-json\/wp\/v2\/product_tag?post=2297"}],"curies":[{"name":"wp","href":"https:\/\/api.w.org\/{rel}","templated":true}]}}