{"id":2175,"date":"2022-05-02T11:36:49","date_gmt":"2022-05-02T11:36:49","guid":{"rendered":"http:\/\/cilinapoj.si\/?post_type=product&#038;p=2175"},"modified":"2026-03-26T07:20:52","modified_gmt":"2026-03-26T07:20:52","slug":"rumena-cili-omaka","status":"publish","type":"product","link":"https:\/\/cilinapoj.si\/de\/produkt\/rumena-cili-omaka\/","title":{"rendered":"Gelbfieber"},"content":{"rendered":"<p data-renderer-start-pos=\"321\"><strong>GREAT TASTE AWARD 2020<\/strong><\/p>\n<p data-renderer-start-pos=\"321\"><strong>Goldmedaille Das beste vom Bauern 2022<\/strong><\/p>\n<p data-renderer-start-pos=\"391\">Die Idee f\u00fcr die Kreation der Sauce Gelbfieber wurde durch den t\u00e4glichen Genuss von Aji Lemon geboren. Dieser Chili hat eine ausgepr\u00e4gte Zitrusnote. So hatten wir keine andere Wahl, als ihn in eine Napoj Sauce zu verwandeln. Der Sauce haben wir dann noch Monkey Face hinzugef\u00fcgt. Das endg\u00fcltige Aroma wird durch die Sch\u00e4rfe der Chilis Naga Yellow und Habanero Yellow abgerundet. Die Mischung von Aromen wurde zus\u00e4tzlich mit einer Prise frischen Ingwer verfeinert.<\/p>\n<p data-renderer-start-pos=\"785\">Omaka ima jakost\u00a0 (5\/10).<\/p>\n<p data-renderer-start-pos=\"785\">Es kann mit verschiedenen asiatischen Gerichten, Currys kombiniert werden, es passt auch gut zu Fisch, H\u00fchnchen und verschiedenen Risottos.<\/p>\n<p data-renderer-start-pos=\"915\">Neto 105 ml<\/p>\n<p data-renderer-start-pos=\"937\">Zutaten:<\/p>\n<ul>\n<li data-renderer-start-pos=\"937\">Paprika<\/li>\n<li data-renderer-start-pos=\"937\">\u010dili (Aji Lemon Drop, Naga Yellow, Monkey Face, Fatalii Yellow, Habanero yellow)<\/li>\n<li data-renderer-start-pos=\"937\">Zwiebeln<\/li>\n<li data-renderer-start-pos=\"937\">Zucker<\/li>\n<li data-renderer-start-pos=\"937\">Weinbrandessig<\/li>\n<li data-renderer-start-pos=\"937\">Knoblauch<\/li>\n<li data-renderer-start-pos=\"937\">Ingwer<\/li>\n<li data-renderer-start-pos=\"937\">Salz<\/li>\n<li data-renderer-start-pos=\"937\">Zitrone<\/li>\n<li data-renderer-start-pos=\"937\">Wasser<\/li>\n<\/ul>\n<p data-renderer-start-pos=\"1088\">Gluten free, Vegan.\u00a0 <img loading=\"lazy\" decoding=\"async\" class=\"alignnone size-full wp-image-3703\" src=\"http:\/\/cilinapoj.si\/wp-content\/uploads\/2022\/05\/unnamed.png\" alt=\"\" width=\"161\" height=\"68\" \/><\/p>","protected":false},"excerpt":{"rendered":"<p data-renderer-start-pos=\"27\">Rumena mrzlica je posebna, sve\u017ea omaka. Vkuhali smo aromati\u010dno &#8211; citrus \u010dilije rumene barve -Aji Lemon drop. Tako smo dobili izrazito citrus &#8211; sadno noto, brez dodanega sadja! Za priokus dodamo na\u0161 doma\u010di eko ingver. Popolna omaka za jedi z ri\u017eem, azijsko hrano ali jedi s pi\u0161\u010dancem.<\/p>\n<p data-renderer-start-pos=\"27\"><img loading=\"lazy\" decoding=\"async\" class=\"wp-image-3215\" src=\"https:\/\/cilinapoj.si\/wp-content\/uploads\/2022\/06\/dobrote.png\" alt=\"Dobrote slovenskih kmetij\" width=\"96\" height=\"95\" \/><img loading=\"lazy\" decoding=\"async\" class=\"wp-image-3213\" src=\"https:\/\/cilinapoj.si\/wp-content\/uploads\/2022\/06\/gt_2.png\" alt=\"Great taste 2 star\" width=\"100\" height=\"100\" \/><\/p>\n<p data-renderer-start-pos=\"1088\">","protected":false},"featured_media":5780,"comment_status":"open","ping_status":"closed","template":"","meta":[],"product_cat":[66],"product_tag":[],"yoast_head":"<!-- This site is optimized with the Yoast SEO plugin v23.5 - https:\/\/yoast.com\/wordpress\/plugins\/seo\/ -->\n<title>Rumena \u010dili omaka \u2013 Rumena mrzlica | \u010cili Napoj<\/title>\n<meta name=\"description\" content=\"Aromati\u010dna rumena \u010dili omaka s sve\u017eim okusom in uravnote\u017eeno peko\u010dino. Popolna za pi\u0161\u010danca, ribe in lahke jedi.\" \/>\n<meta name=\"robots\" content=\"index, follow, max-snippet:-1, max-image-preview:large, max-video-preview:-1\" \/>\n<link rel=\"canonical\" href=\"https:\/\/cilinapoj.si\/de\/produkt\/rumena-cili-omaka\/\" \/>\n<meta property=\"og:locale\" content=\"de_DE\" \/>\n<meta property=\"og:type\" content=\"article\" \/>\n<meta property=\"og:title\" content=\"Rumena \u010dili omaka \u2013 Rumena mrzlica | \u010cili Napoj\" \/>\n<meta property=\"og:description\" content=\"Aromati\u010dna rumena \u010dili omaka s sve\u017eim okusom in uravnote\u017eeno peko\u010dino. Popolna za pi\u0161\u010danca, ribe in lahke jedi.\" \/>\n<meta property=\"og:url\" content=\"https:\/\/cilinapoj.si\/de\/produkt\/rumena-cili-omaka\/\" \/>\n<meta property=\"og:site_name\" content=\"\u010cilinapoj.si - \u010cili z okusom\" \/>\n<meta property=\"article:publisher\" content=\"https:\/\/www.facebook.com\/cilinapoj\" \/>\n<meta property=\"article:modified_time\" content=\"2026-03-26T07:20:52+00:00\" \/>\n<meta property=\"og:image\" content=\"https:\/\/cilinapoj.si\/wp-content\/uploads\/2025\/10\/Rumena_mrzlica_SLO.jpg\" \/>\n\t<meta property=\"og:image:width\" content=\"1000\" \/>\n\t<meta property=\"og:image:height\" content=\"667\" \/>\n\t<meta property=\"og:image:type\" content=\"image\/jpeg\" \/>\n<meta name=\"twitter:card\" content=\"summary_large_image\" \/>\n<meta name=\"twitter:label1\" content=\"Gesch\u00e4tzte Lesezeit\" \/>\n\t<meta name=\"twitter:data1\" content=\"2 Minuten\" \/>\n<script type=\"application\/ld+json\" class=\"yoast-schema-graph\">{\"@context\":\"https:\/\/schema.org\",\"@graph\":[{\"@type\":\"WebPage\",\"@id\":\"https:\/\/cilinapoj.si\/izdelek\/rumena-cili-omaka\/\",\"url\":\"https:\/\/cilinapoj.si\/izdelek\/rumena-cili-omaka\/\",\"name\":\"Rumena \u010dili omaka \u2013 Rumena mrzlica | \u010cili Napoj\",\"isPartOf\":{\"@id\":\"https:\/\/cilinapoj.si\/sl_si\/#website\"},\"primaryImageOfPage\":{\"@id\":\"https:\/\/cilinapoj.si\/izdelek\/rumena-cili-omaka\/#primaryimage\"},\"image\":{\"@id\":\"https:\/\/cilinapoj.si\/izdelek\/rumena-cili-omaka\/#primaryimage\"},\"thumbnailUrl\":\"https:\/\/cilinapoj.si\/wp-content\/uploads\/2025\/10\/Rumena_mrzlica_SLO.jpg\",\"datePublished\":\"2022-05-02T11:36:49+00:00\",\"dateModified\":\"2026-03-26T07:20:52+00:00\",\"description\":\"Aromati\u010dna rumena \u010dili omaka s sve\u017eim okusom in uravnote\u017eeno peko\u010dino. Popolna za pi\u0161\u010danca, ribe in lahke jedi.\",\"breadcrumb\":{\"@id\":\"https:\/\/cilinapoj.si\/izdelek\/rumena-cili-omaka\/#breadcrumb\"},\"inLanguage\":\"de-DE\",\"potentialAction\":[{\"@type\":\"ReadAction\",\"target\":[\"https:\/\/cilinapoj.si\/izdelek\/rumena-cili-omaka\/\"]}]},{\"@type\":\"ImageObject\",\"inLanguage\":\"de-DE\",\"@id\":\"https:\/\/cilinapoj.si\/izdelek\/rumena-cili-omaka\/#primaryimage\",\"url\":\"https:\/\/cilinapoj.si\/wp-content\/uploads\/2025\/10\/Rumena_mrzlica_SLO.jpg\",\"contentUrl\":\"https:\/\/cilinapoj.si\/wp-content\/uploads\/2025\/10\/Rumena_mrzlica_SLO.jpg\",\"width\":1000,\"height\":667},{\"@type\":\"BreadcrumbList\",\"@id\":\"https:\/\/cilinapoj.si\/izdelek\/rumena-cili-omaka\/#breadcrumb\",\"itemListElement\":[{\"@type\":\"ListItem\",\"position\":1,\"name\":\"Home\",\"item\":\"https:\/\/cilinapoj.si\/\"},{\"@type\":\"ListItem\",\"position\":2,\"name\":\"Trgovina\",\"item\":\"https:\/\/cilinapoj.si\/sl_si\/trgovina\/\"},{\"@type\":\"ListItem\",\"position\":3,\"name\":\"Rumena Mrzlica\"}]},{\"@type\":\"WebSite\",\"@id\":\"https:\/\/cilinapoj.si\/sl_si\/#website\",\"url\":\"https:\/\/cilinapoj.si\/sl_si\/\",\"name\":\"\u010cilinapoj.si - \u010cili z okusom\",\"description\":\"Opojni izdelki iz \u010dilija\",\"publisher\":{\"@id\":\"https:\/\/cilinapoj.si\/sl_si\/#organization\"},\"potentialAction\":[{\"@type\":\"SearchAction\",\"target\":{\"@type\":\"EntryPoint\",\"urlTemplate\":\"https:\/\/cilinapoj.si\/sl_si\/?s={search_term_string}\"},\"query-input\":{\"@type\":\"PropertyValueSpecification\",\"valueRequired\":true,\"valueName\":\"search_term_string\"}}],\"inLanguage\":\"de-DE\"},{\"@type\":\"Organization\",\"@id\":\"https:\/\/cilinapoj.si\/sl_si\/#organization\",\"name\":\"\u010cili Napoj\",\"url\":\"https:\/\/cilinapoj.si\/sl_si\/\",\"logo\":{\"@type\":\"ImageObject\",\"inLanguage\":\"de-DE\",\"@id\":\"https:\/\/cilinapoj.si\/sl_si\/#\/schema\/logo\/image\/\",\"url\":\"https:\/\/cilinapoj.si\/wp-content\/uploads\/2022\/06\/cropped-android-chrome-512x512-2.png\",\"contentUrl\":\"https:\/\/cilinapoj.si\/wp-content\/uploads\/2022\/06\/cropped-android-chrome-512x512-2.png\",\"width\":512,\"height\":512,\"caption\":\"\u010cili Napoj\"},\"image\":{\"@id\":\"https:\/\/cilinapoj.si\/sl_si\/#\/schema\/logo\/image\/\"},\"sameAs\":[\"https:\/\/www.facebook.com\/cilinapoj\"]}]}<\/script>\n<!-- \/ Yoast SEO plugin. -->","yoast_head_json":{"title":"Rumena \u010dili omaka \u2013 Rumena mrzlica | \u010cili Napoj","description":"Aromati\u010dna rumena \u010dili omaka s sve\u017eim okusom in uravnote\u017eeno peko\u010dino. Popolna za pi\u0161\u010danca, ribe in lahke jedi.","robots":{"index":"index","follow":"follow","max-snippet":"max-snippet:-1","max-image-preview":"max-image-preview:large","max-video-preview":"max-video-preview:-1"},"canonical":"https:\/\/cilinapoj.si\/de\/produkt\/rumena-cili-omaka\/","og_locale":"de_DE","og_type":"article","og_title":"Rumena \u010dili omaka \u2013 Rumena mrzlica | \u010cili Napoj","og_description":"Aromati\u010dna rumena \u010dili omaka s sve\u017eim okusom in uravnote\u017eeno peko\u010dino. Popolna za pi\u0161\u010danca, ribe in lahke jedi.","og_url":"https:\/\/cilinapoj.si\/de\/produkt\/rumena-cili-omaka\/","og_site_name":"\u010cilinapoj.si - \u010cili z okusom","article_publisher":"https:\/\/www.facebook.com\/cilinapoj","article_modified_time":"2026-03-26T07:20:52+00:00","og_image":[{"width":1000,"height":667,"url":"https:\/\/cilinapoj.si\/wp-content\/uploads\/2025\/10\/Rumena_mrzlica_SLO.jpg","type":"image\/jpeg"}],"twitter_card":"summary_large_image","twitter_misc":{"Gesch\u00e4tzte Lesezeit":"2 Minuten"},"schema":{"@context":"https:\/\/schema.org","@graph":[{"@type":"WebPage","@id":"https:\/\/cilinapoj.si\/izdelek\/rumena-cili-omaka\/","url":"https:\/\/cilinapoj.si\/izdelek\/rumena-cili-omaka\/","name":"Rumena \u010dili omaka \u2013 Rumena mrzlica | \u010cili Napoj","isPartOf":{"@id":"https:\/\/cilinapoj.si\/sl_si\/#website"},"primaryImageOfPage":{"@id":"https:\/\/cilinapoj.si\/izdelek\/rumena-cili-omaka\/#primaryimage"},"image":{"@id":"https:\/\/cilinapoj.si\/izdelek\/rumena-cili-omaka\/#primaryimage"},"thumbnailUrl":"https:\/\/cilinapoj.si\/wp-content\/uploads\/2025\/10\/Rumena_mrzlica_SLO.jpg","datePublished":"2022-05-02T11:36:49+00:00","dateModified":"2026-03-26T07:20:52+00:00","description":"Aromati\u010dna rumena \u010dili omaka s sve\u017eim okusom in uravnote\u017eeno peko\u010dino. Popolna za pi\u0161\u010danca, ribe in lahke jedi.","breadcrumb":{"@id":"https:\/\/cilinapoj.si\/izdelek\/rumena-cili-omaka\/#breadcrumb"},"inLanguage":"de-DE","potentialAction":[{"@type":"ReadAction","target":["https:\/\/cilinapoj.si\/izdelek\/rumena-cili-omaka\/"]}]},{"@type":"ImageObject","inLanguage":"de-DE","@id":"https:\/\/cilinapoj.si\/izdelek\/rumena-cili-omaka\/#primaryimage","url":"https:\/\/cilinapoj.si\/wp-content\/uploads\/2025\/10\/Rumena_mrzlica_SLO.jpg","contentUrl":"https:\/\/cilinapoj.si\/wp-content\/uploads\/2025\/10\/Rumena_mrzlica_SLO.jpg","width":1000,"height":667},{"@type":"BreadcrumbList","@id":"https:\/\/cilinapoj.si\/izdelek\/rumena-cili-omaka\/#breadcrumb","itemListElement":[{"@type":"ListItem","position":1,"name":"Home","item":"https:\/\/cilinapoj.si\/"},{"@type":"ListItem","position":2,"name":"Trgovina","item":"https:\/\/cilinapoj.si\/sl_si\/trgovina\/"},{"@type":"ListItem","position":3,"name":"Rumena Mrzlica"}]},{"@type":"WebSite","@id":"https:\/\/cilinapoj.si\/sl_si\/#website","url":"https:\/\/cilinapoj.si\/sl_si\/","name":"\u010cilinapoj.si - \u010cili z okusom","description":"Opojni izdelki iz \u010dilija","publisher":{"@id":"https:\/\/cilinapoj.si\/sl_si\/#organization"},"potentialAction":[{"@type":"SearchAction","target":{"@type":"EntryPoint","urlTemplate":"https:\/\/cilinapoj.si\/sl_si\/?s={search_term_string}"},"query-input":{"@type":"PropertyValueSpecification","valueRequired":true,"valueName":"search_term_string"}}],"inLanguage":"de-DE"},{"@type":"Organization","@id":"https:\/\/cilinapoj.si\/sl_si\/#organization","name":"\u010cili Napoj","url":"https:\/\/cilinapoj.si\/sl_si\/","logo":{"@type":"ImageObject","inLanguage":"de-DE","@id":"https:\/\/cilinapoj.si\/sl_si\/#\/schema\/logo\/image\/","url":"https:\/\/cilinapoj.si\/wp-content\/uploads\/2022\/06\/cropped-android-chrome-512x512-2.png","contentUrl":"https:\/\/cilinapoj.si\/wp-content\/uploads\/2022\/06\/cropped-android-chrome-512x512-2.png","width":512,"height":512,"caption":"\u010cili Napoj"},"image":{"@id":"https:\/\/cilinapoj.si\/sl_si\/#\/schema\/logo\/image\/"},"sameAs":["https:\/\/www.facebook.com\/cilinapoj"]}]}},"_links":{"self":[{"href":"https:\/\/cilinapoj.si\/de\/wp-json\/wp\/v2\/product\/2175"}],"collection":[{"href":"https:\/\/cilinapoj.si\/de\/wp-json\/wp\/v2\/product"}],"about":[{"href":"https:\/\/cilinapoj.si\/de\/wp-json\/wp\/v2\/types\/product"}],"replies":[{"embeddable":true,"href":"https:\/\/cilinapoj.si\/de\/wp-json\/wp\/v2\/comments?post=2175"}],"wp:featuredmedia":[{"embeddable":true,"href":"https:\/\/cilinapoj.si\/de\/wp-json\/wp\/v2\/media\/5780"}],"wp:attachment":[{"href":"https:\/\/cilinapoj.si\/de\/wp-json\/wp\/v2\/media?parent=2175"}],"wp:term":[{"taxonomy":"product_cat","embeddable":true,"href":"https:\/\/cilinapoj.si\/de\/wp-json\/wp\/v2\/product_cat?post=2175"},{"taxonomy":"product_tag","embeddable":true,"href":"https:\/\/cilinapoj.si\/de\/wp-json\/wp\/v2\/product_tag?post=2175"}],"curies":[{"name":"wp","href":"https:\/\/api.w.org\/{rel}","templated":true}]}}