{"id":3416,"date":"2022-06-11T20:51:23","date_gmt":"2022-06-11T20:51:23","guid":{"rendered":"http:\/\/cilinapoj.si\/?page_id=3416"},"modified":"2022-06-15T20:12:55","modified_gmt":"2022-06-15T20:12:55","slug":"nagrade","status":"publish","type":"page","link":"https:\/\/cilinapoj.si\/de\/nagrade\/","title":{"rendered":"Auszeichnungen"},"content":{"rendered":"<div data-elementor-type=\"wp-page\" data-elementor-id=\"3416\" class=\"elementor elementor-3416\">\n\t\t\t\t\t\t\t\t\t<section class=\"elementor-section elementor-top-section elementor-element elementor-element-230f939 elementor-section-boxed elementor-section-height-default elementor-section-height-default\" data-id=\"230f939\" data-element_type=\"section\">\r\n\t\t\r\n\t\t\t\t\t\t\t<div class=\"elementor-container elementor-column-gap-default\">\r\n\t\t\t\t\t\t\t\t\t\t\t<div class=\"elementor-column elementor-col-100 elementor-top-column elementor-element elementor-element-22edbdb\" data-id=\"22edbdb\" data-element_type=\"column\">\r\n\t\t\t\t\t<div class=\"elementor-widget-wrap elementor-element-populated\">\r\n\t\t\t\t\t\t\t\t<div class=\"elementor-element elementor-element-0c504e1 elementor-widget elementor-widget-heading\" data-id=\"0c504e1\" data-element_type=\"widget\" data-widget_type=\"heading.default\">\n\t\t\t\t<div class=\"elementor-widget-container\">\n\t\t\t<style>\/*! elementor - v3.6.5 - 27-04-2022 *\/\n.elementor-heading-title{padding:0;margin:0;line-height:1}.elementor-widget-heading .elementor-heading-title[class*=elementor-size-]>a{color:inherit;font-size:inherit;line-height:inherit}.elementor-widget-heading .elementor-heading-title.elementor-size-small{font-size:15px}.elementor-widget-heading .elementor-heading-title.elementor-size-medium{font-size:19px}.elementor-widget-heading .elementor-heading-title.elementor-size-large{font-size:29px}.elementor-widget-heading .elementor-heading-title.elementor-size-xl{font-size:39px}.elementor-widget-heading .elementor-heading-title.elementor-size-xxl{font-size:59px}<\/style><h2 class=\"elementor-heading-title elementor-size-default\">Na\u0161e nagrade<\/h2>\t\t<\/div>\n\t\t\t\t<\/div>\n\t\t\t\t\t<\/div>\r\n\t\t\t\t<\/div>\r\n\t\t\t\t\t<\/div>\r\n\t\t\t\t<\/section>\r\n\t\t\t\t<section class=\"elementor-section elementor-top-section elementor-element elementor-element-8675b61 elementor-section-boxed elementor-section-height-default elementor-section-height-default\" data-id=\"8675b61\" data-element_type=\"section\">\r\n\t\t\r\n\t\t\t\t\t\t\t<div class=\"elementor-container elementor-column-gap-default\">\r\n\t\t\t\t\t\t\t\t\t\t\t<div class=\"elementor-column elementor-col-100 elementor-top-column elementor-element elementor-element-92e5589\" data-id=\"92e5589\" data-element_type=\"column\">\r\n\t\t\t\t\t<div class=\"elementor-widget-wrap elementor-element-populated\">\r\n\t\t\t\t\t\t\t\t<div class=\"elementor-element elementor-element-45c4aea elementor-widget elementor-widget-text-editor\" data-id=\"45c4aea\" data-element_type=\"widget\" data-widget_type=\"text-editor.default\">\n\t\t\t\t<div class=\"elementor-widget-container\">\n\t\t\t<style>\/*! elementor - v3.6.5 - 27-04-2022 *\/\n.elementor-widget-text-editor.elementor-drop-cap-view-stacked .elementor-drop-cap{background-color:#818a91;color:#fff}.elementor-widget-text-editor.elementor-drop-cap-view-framed .elementor-drop-cap{color:#818a91;border:3px solid;background-color:transparent}.elementor-widget-text-editor:not(.elementor-drop-cap-view-default) .elementor-drop-cap{margin-top:8px}.elementor-widget-text-editor:not(.elementor-drop-cap-view-default) .elementor-drop-cap-letter{width:1em;height:1em}.elementor-widget-text-editor .elementor-drop-cap{float:left;text-align:center;line-height:1;font-size:50px}.elementor-widget-text-editor .elementor-drop-cap-letter{display:inline-block}<\/style>\t\t\t\t<h2>CERTIFIKAT NA\u0160E NAJBOL\u0160E<\/h2><p><img loading=\"lazy\" decoding=\"async\" class=\"size-full wp-image-3214\" src=\"http:\/\/cilinapoj.si\/wp-content\/uploads\/2022\/06\/nase_najbolse.png\" alt=\"Na\u0161 najbol\u0161e\" width=\"150\" height=\"161\" \/><\/p><p>Na\u0161e najbolj\u0161e je znamka\/certifikat kakovosti rokodelskih in \u017eivilskih izdelkov in pridelkov ter do\u017eivetji, ki jih ustvarjajo ponudniki na obmo\u010dju Maribora, Dravske doline in Dravskega polja, Pohorja in Kozjaka ter Slovenskih goric.\u00a0<\/p><p>Link: <a href=\"https:\/\/www.visitmaribor.si\/si\/nase-najboljse\/\">https:\/\/www.visitmaribor.si\/si\/nase-najboljse\/<\/a><\/p><p>Certifikat smo prejeli za izdelke: \u010cili omaka Rde\u010da li\u010dka, \u010cili sol, Bu\u010dno olje s \u010dilijem<\/p>\t\t\t\t\t\t<\/div>\n\t\t\t\t<\/div>\n\t\t\t\t\t<\/div>\r\n\t\t\t\t<\/div>\r\n\t\t\t\t\t<\/div>\r\n\t\t\t\t<\/section>\r\n\t\t\t\t<section class=\"elementor-section elementor-top-section elementor-element elementor-element-bdc7dd6 elementor-section-boxed elementor-section-height-default elementor-section-height-default\" data-id=\"bdc7dd6\" data-element_type=\"section\">\r\n\t\t\r\n\t\t\t\t\t\t\t<div class=\"elementor-container elementor-column-gap-default\">\r\n\t\t\t\t\t\t\t\t\t\t\t<div class=\"elementor-column elementor-col-100 elementor-top-column elementor-element elementor-element-a687e4a\" data-id=\"a687e4a\" data-element_type=\"column\">\r\n\t\t\t\t\t<div class=\"elementor-widget-wrap elementor-element-populated\">\r\n\t\t\t\t\t\t\t\t<div class=\"elementor-element elementor-element-8bc2ed2 elementor-widget elementor-widget-text-editor\" data-id=\"8bc2ed2\" data-element_type=\"widget\" data-widget_type=\"text-editor.default\">\n\t\t\t\t<div class=\"elementor-widget-container\">\n\t\t\t\t\t\t\t<h2>DOBROTE SLOVENSKIH KMETIJ &#8211; ZLATO PRIZNANJE<\/h2><h2><img loading=\"lazy\" decoding=\"async\" class=\"size-full wp-image-3215\" style=\"font-family: 'Roboto Mono', sans-serif; color: var(--porto-body-color); letter-spacing: var(--porto-body-ls,0);\" src=\"http:\/\/cilinapoj.si\/wp-content\/uploads\/2022\/06\/dobrote.png\" alt=\"Dobrote slovenskih kmetij\" width=\"150\" height=\"149\" \/><\/h2><p>Dobrote Slovenskih kmetij je koncept ocenjevanje izdelkov iz kmetij \u0161irom Slovenije. Vsako leto se prijavi preko 600 kmetij z ve\u010d kot 1000 vzorci. Ti so razporejeni v razli\u010dne skupine, kjer jih v razli\u010dnih obdobjih nato oceni za to usposobljena strokovna komisija.<\/p><p>Link: <a href=\"https:\/\/www.dobroteslovenskihkmetij.si\/\">https:\/\/www.dobroteslovenskihkmetij.si\/<\/a><\/p><p>Na tem ocenjevanju smo prejeli:<br \/>Zlato priznanje z vsemi mo\u017enimi to\u010dkami smo prejeli za \u010dili omako Rde\u010da li\u010dka, Rumena mrzlica, Solzne o\u010di<br \/>Zlato priznanje z vsemi mo\u017enimi to\u010dkami smo prejeli za Peko\u010de obro\u010de (vlo\u017eeni \u010dili) &#8211; Jalapeno, Chupetinho, Habanero, Bishop&#8217;s Crown<\/p>\t\t\t\t\t\t<\/div>\n\t\t\t\t<\/div>\n\t\t\t\t\t<\/div>\r\n\t\t\t\t<\/div>\r\n\t\t\t\t\t<\/div>\r\n\t\t\t\t<\/section>\r\n\t\t\t\t<section class=\"elementor-section elementor-top-section elementor-element elementor-element-3573452 elementor-section-boxed elementor-section-height-default elementor-section-height-default\" data-id=\"3573452\" data-element_type=\"section\">\r\n\t\t\r\n\t\t\t\t\t\t\t<div class=\"elementor-container elementor-column-gap-default\">\r\n\t\t\t\t\t\t\t\t\t\t\t<div class=\"elementor-column elementor-col-100 elementor-top-column elementor-element elementor-element-f94d01c\" data-id=\"f94d01c\" data-element_type=\"column\">\r\n\t\t\t\t\t<div class=\"elementor-widget-wrap elementor-element-populated\">\r\n\t\t\t\t\t\t\t\t<div class=\"elementor-element elementor-element-e496405 elementor-widget elementor-widget-text-editor\" data-id=\"e496405\" data-element_type=\"widget\" data-widget_type=\"text-editor.default\">\n\t\t\t\t<div class=\"elementor-widget-container\">\n\t\t\t\t\t\t\t<h2>GREAT TASTE AWARD &#8211; GUILD OF FINE FOOD<\/h2><p><img loading=\"lazy\" decoding=\"async\" class=\"size-full wp-image-3213\" src=\"http:\/\/cilinapoj.si\/wp-content\/uploads\/2022\/06\/gt_2.png\" alt=\"Great taste 2 star\" width=\"150\" height=\"150\" \/><img loading=\"lazy\" decoding=\"async\" class=\"size-full wp-image-3212\" src=\"http:\/\/cilinapoj.si\/wp-content\/uploads\/2022\/06\/gt_1.png\" alt=\"Great taste 1 star\" width=\"150\" height=\"150\" \/><\/p><div>\u00a0<\/div><p>Zdru\u017eenje Great Taste je najve\u010dje in najpomembnej\u0161e zdru\u017eenje za ocenjevanje izdelkov na svetu. Zdru\u017euje preko 500 ekspertov iz razli\u010dnih podro\u010dij hrane in kulinarike v Veliki Britaniji in okoli\u0161kih dr\u017eav. Na to tekmovanje se vsako leto prijavi ve\u010d kot 15.000 raznih vrhunskih izdelkov iz ve\u010d kot 150 dr\u017eav. Konkurenca je ogromna, sodniki pa izjemno natan\u010dni, dosledni in mojstri svojega poklica.<br \/>Tako se podeli 1 zvezdico (1 star) 20% prijavljenih izdelkov, 2 zvezdici (2 star) manj kot 10% in 3 zvezdice (3 star) 2% ocenjenih izdelkov.<\/p><p>Link: <a href=\"https:\/\/gff.co.uk\/awards\/great-taste-awards\/what-is-great-taste\/\">https:\/\/gff.co.uk\/awards\/great-taste-awards\/what-is-great-taste\/<\/a><\/p><p>Vse je v zvezdah pravijo in tako so tudi na\u0161i vrhunski izdelki:<\/p><p>Great Taste award 1 star: \u010cili omaka Rde\u010da li\u010dka<br \/>Great Taste award 1 star: \u010cili omaka Solzne o\u010di<br \/>Great Taste award 1 star: Bu\u010dno olje s \u010dilijem <br \/>Great Taste award 2 star : Rumena mrzlica<\/p><p>Naslednji\u010d po\u0161ljemo \u0161e kak\u0161en izdelek, saj so vsi vrhunski! \ud83d\ude42<\/p>\t\t\t\t\t\t<\/div>\n\t\t\t\t<\/div>\n\t\t\t\t\t<\/div>\r\n\t\t\t\t<\/div>\r\n\t\t\t\t\t<\/div>\r\n\t\t\t\t<\/section>\r\n\t\t\t\t\t\t\t<\/div>","protected":false},"excerpt":{"rendered":"<p>Na\u0161e nagrade CERTIFIKAT NA\u0160E NAJBOL\u0160E Na\u0161e najbolj\u0161e je znamka\/certifikat kakovosti rokodelskih in \u017eivilskih izdelkov in pridelkov ter do\u017eivetji, ki jih ustvarjajo ponudniki na obmo\u010dju Maribora, Dravske doline in Dravskega polja, Pohorja in Kozjaka ter Slovenskih goric.\u00a0 Link: https:\/\/www.visitmaribor.si\/si\/nase-najboljse\/ Certifikat smo prejeli za izdelke: \u010cili omaka Rde\u010da li\u010dka, \u010cili sol, Bu\u010dno olje s \u010dilijem DOBROTE SLOVENSKIH [&hellip;]<\/p>","protected":false},"author":1,"featured_media":0,"parent":0,"menu_order":0,"comment_status":"closed","ping_status":"closed","template":"","meta":{"footnotes":""},"yoast_head":"<!-- This site is optimized with the Yoast SEO plugin v23.5 - https:\/\/yoast.com\/wordpress\/plugins\/seo\/ -->\n<title>Nagrade - \u010cilinapoj.si - \u010cili z okusom<\/title>\n<meta name=\"robots\" content=\"index, follow, max-snippet:-1, max-image-preview:large, max-video-preview:-1\" \/>\n<link rel=\"canonical\" href=\"https:\/\/cilinapoj.si\/de\/nagrade\/\" \/>\n<meta property=\"og:locale\" content=\"de_DE\" \/>\n<meta property=\"og:type\" content=\"article\" \/>\n<meta property=\"og:title\" content=\"Nagrade - \u010cilinapoj.si - \u010cili z okusom\" \/>\n<meta property=\"og:description\" content=\"Na\u0161e nagrade CERTIFIKAT NA\u0160E NAJBOL\u0160E Na\u0161e najbolj\u0161e je znamka\/certifikat kakovosti rokodelskih in \u017eivilskih izdelkov in pridelkov ter do\u017eivetji, ki jih ustvarjajo ponudniki na obmo\u010dju Maribora, Dravske doline in Dravskega polja, Pohorja in Kozjaka ter Slovenskih goric.\u00a0 Link: https:\/\/www.visitmaribor.si\/si\/nase-najboljse\/ Certifikat smo prejeli za izdelke: \u010cili omaka Rde\u010da li\u010dka, \u010cili sol, Bu\u010dno olje s \u010dilijem DOBROTE SLOVENSKIH [&hellip;]\" \/>\n<meta property=\"og:url\" content=\"https:\/\/cilinapoj.si\/de\/nagrade\/\" \/>\n<meta property=\"og:site_name\" content=\"\u010cilinapoj.si - \u010cili z okusom\" \/>\n<meta property=\"article:publisher\" content=\"https:\/\/www.facebook.com\/cilinapoj\" \/>\n<meta property=\"article:modified_time\" content=\"2022-06-15T20:12:55+00:00\" \/>\n<meta property=\"og:image\" content=\"http:\/\/cilinapoj.si\/wp-content\/uploads\/2022\/06\/nase_najbolse.png\" \/>\n<meta name=\"twitter:card\" content=\"summary_large_image\" \/>\n<meta name=\"twitter:label1\" content=\"Gesch\u00e4tzte Lesezeit\" \/>\n\t<meta name=\"twitter:data1\" content=\"3 Minuten\" \/>\n<script type=\"application\/ld+json\" class=\"yoast-schema-graph\">{\"@context\":\"https:\/\/schema.org\",\"@graph\":[{\"@type\":\"WebPage\",\"@id\":\"https:\/\/cilinapoj.si\/de\/nagrade\/\",\"url\":\"https:\/\/cilinapoj.si\/de\/nagrade\/\",\"name\":\"Nagrade - \u010cilinapoj.si - \u010cili z okusom\",\"isPartOf\":{\"@id\":\"https:\/\/cilinapoj.si\/sl_si\/#website\"},\"primaryImageOfPage\":{\"@id\":\"https:\/\/cilinapoj.si\/de\/nagrade\/#primaryimage\"},\"image\":{\"@id\":\"https:\/\/cilinapoj.si\/de\/nagrade\/#primaryimage\"},\"thumbnailUrl\":\"http:\/\/cilinapoj.si\/wp-content\/uploads\/2022\/06\/nase_najbolse.png\",\"datePublished\":\"2022-06-11T20:51:23+00:00\",\"dateModified\":\"2022-06-15T20:12:55+00:00\",\"breadcrumb\":{\"@id\":\"https:\/\/cilinapoj.si\/de\/nagrade\/#breadcrumb\"},\"inLanguage\":\"de-DE\",\"potentialAction\":[{\"@type\":\"ReadAction\",\"target\":[\"https:\/\/cilinapoj.si\/de\/nagrade\/\"]}]},{\"@type\":\"ImageObject\",\"inLanguage\":\"de-DE\",\"@id\":\"https:\/\/cilinapoj.si\/de\/nagrade\/#primaryimage\",\"url\":\"http:\/\/cilinapoj.si\/wp-content\/uploads\/2022\/06\/nase_najbolse.png\",\"contentUrl\":\"http:\/\/cilinapoj.si\/wp-content\/uploads\/2022\/06\/nase_najbolse.png\"},{\"@type\":\"BreadcrumbList\",\"@id\":\"https:\/\/cilinapoj.si\/de\/nagrade\/#breadcrumb\",\"itemListElement\":[{\"@type\":\"ListItem\",\"position\":1,\"name\":\"Home\",\"item\":\"https:\/\/cilinapoj.si\/\"},{\"@type\":\"ListItem\",\"position\":2,\"name\":\"Nagrade\"}]},{\"@type\":\"WebSite\",\"@id\":\"https:\/\/cilinapoj.si\/sl_si\/#website\",\"url\":\"https:\/\/cilinapoj.si\/sl_si\/\",\"name\":\"\u010cilinapoj.si - \u010cili z okusom\",\"description\":\"Opojni izdelki iz \u010dilija\",\"publisher\":{\"@id\":\"https:\/\/cilinapoj.si\/sl_si\/#organization\"},\"potentialAction\":[{\"@type\":\"SearchAction\",\"target\":{\"@type\":\"EntryPoint\",\"urlTemplate\":\"https:\/\/cilinapoj.si\/sl_si\/?s={search_term_string}\"},\"query-input\":{\"@type\":\"PropertyValueSpecification\",\"valueRequired\":true,\"valueName\":\"search_term_string\"}}],\"inLanguage\":\"de-DE\"},{\"@type\":\"Organization\",\"@id\":\"https:\/\/cilinapoj.si\/sl_si\/#organization\",\"name\":\"\u010cili Napoj\",\"url\":\"https:\/\/cilinapoj.si\/sl_si\/\",\"logo\":{\"@type\":\"ImageObject\",\"inLanguage\":\"de-DE\",\"@id\":\"https:\/\/cilinapoj.si\/sl_si\/#\/schema\/logo\/image\/\",\"url\":\"https:\/\/cilinapoj.si\/wp-content\/uploads\/2022\/06\/cropped-android-chrome-512x512-2.png\",\"contentUrl\":\"https:\/\/cilinapoj.si\/wp-content\/uploads\/2022\/06\/cropped-android-chrome-512x512-2.png\",\"width\":512,\"height\":512,\"caption\":\"\u010cili Napoj\"},\"image\":{\"@id\":\"https:\/\/cilinapoj.si\/sl_si\/#\/schema\/logo\/image\/\"},\"sameAs\":[\"https:\/\/www.facebook.com\/cilinapoj\"]}]}<\/script>\n<!-- \/ Yoast SEO plugin. -->","yoast_head_json":{"title":"Nagrade - \u010cilinapoj.si - \u010cili z okusom","robots":{"index":"index","follow":"follow","max-snippet":"max-snippet:-1","max-image-preview":"max-image-preview:large","max-video-preview":"max-video-preview:-1"},"canonical":"https:\/\/cilinapoj.si\/de\/nagrade\/","og_locale":"de_DE","og_type":"article","og_title":"Nagrade - \u010cilinapoj.si - \u010cili z okusom","og_description":"Na\u0161e nagrade CERTIFIKAT NA\u0160E NAJBOL\u0160E Na\u0161e najbolj\u0161e je znamka\/certifikat kakovosti rokodelskih in \u017eivilskih izdelkov in pridelkov ter do\u017eivetji, ki jih ustvarjajo ponudniki na obmo\u010dju Maribora, Dravske doline in Dravskega polja, Pohorja in Kozjaka ter Slovenskih goric.\u00a0 Link: https:\/\/www.visitmaribor.si\/si\/nase-najboljse\/ Certifikat smo prejeli za izdelke: \u010cili omaka Rde\u010da li\u010dka, \u010cili sol, Bu\u010dno olje s \u010dilijem DOBROTE SLOVENSKIH [&hellip;]","og_url":"https:\/\/cilinapoj.si\/de\/nagrade\/","og_site_name":"\u010cilinapoj.si - \u010cili z okusom","article_publisher":"https:\/\/www.facebook.com\/cilinapoj","article_modified_time":"2022-06-15T20:12:55+00:00","og_image":[{"url":"http:\/\/cilinapoj.si\/wp-content\/uploads\/2022\/06\/nase_najbolse.png"}],"twitter_card":"summary_large_image","twitter_misc":{"Gesch\u00e4tzte Lesezeit":"3 Minuten"},"schema":{"@context":"https:\/\/schema.org","@graph":[{"@type":"WebPage","@id":"https:\/\/cilinapoj.si\/de\/nagrade\/","url":"https:\/\/cilinapoj.si\/de\/nagrade\/","name":"Nagrade - \u010cilinapoj.si - \u010cili z okusom","isPartOf":{"@id":"https:\/\/cilinapoj.si\/sl_si\/#website"},"primaryImageOfPage":{"@id":"https:\/\/cilinapoj.si\/de\/nagrade\/#primaryimage"},"image":{"@id":"https:\/\/cilinapoj.si\/de\/nagrade\/#primaryimage"},"thumbnailUrl":"http:\/\/cilinapoj.si\/wp-content\/uploads\/2022\/06\/nase_najbolse.png","datePublished":"2022-06-11T20:51:23+00:00","dateModified":"2022-06-15T20:12:55+00:00","breadcrumb":{"@id":"https:\/\/cilinapoj.si\/de\/nagrade\/#breadcrumb"},"inLanguage":"de-DE","potentialAction":[{"@type":"ReadAction","target":["https:\/\/cilinapoj.si\/de\/nagrade\/"]}]},{"@type":"ImageObject","inLanguage":"de-DE","@id":"https:\/\/cilinapoj.si\/de\/nagrade\/#primaryimage","url":"http:\/\/cilinapoj.si\/wp-content\/uploads\/2022\/06\/nase_najbolse.png","contentUrl":"http:\/\/cilinapoj.si\/wp-content\/uploads\/2022\/06\/nase_najbolse.png"},{"@type":"BreadcrumbList","@id":"https:\/\/cilinapoj.si\/de\/nagrade\/#breadcrumb","itemListElement":[{"@type":"ListItem","position":1,"name":"Home","item":"https:\/\/cilinapoj.si\/"},{"@type":"ListItem","position":2,"name":"Nagrade"}]},{"@type":"WebSite","@id":"https:\/\/cilinapoj.si\/sl_si\/#website","url":"https:\/\/cilinapoj.si\/sl_si\/","name":"\u010cilinapoj.si - \u010cili z okusom","description":"Opojni izdelki iz \u010dilija","publisher":{"@id":"https:\/\/cilinapoj.si\/sl_si\/#organization"},"potentialAction":[{"@type":"SearchAction","target":{"@type":"EntryPoint","urlTemplate":"https:\/\/cilinapoj.si\/sl_si\/?s={search_term_string}"},"query-input":{"@type":"PropertyValueSpecification","valueRequired":true,"valueName":"search_term_string"}}],"inLanguage":"de-DE"},{"@type":"Organization","@id":"https:\/\/cilinapoj.si\/sl_si\/#organization","name":"\u010cili Napoj","url":"https:\/\/cilinapoj.si\/sl_si\/","logo":{"@type":"ImageObject","inLanguage":"de-DE","@id":"https:\/\/cilinapoj.si\/sl_si\/#\/schema\/logo\/image\/","url":"https:\/\/cilinapoj.si\/wp-content\/uploads\/2022\/06\/cropped-android-chrome-512x512-2.png","contentUrl":"https:\/\/cilinapoj.si\/wp-content\/uploads\/2022\/06\/cropped-android-chrome-512x512-2.png","width":512,"height":512,"caption":"\u010cili Napoj"},"image":{"@id":"https:\/\/cilinapoj.si\/sl_si\/#\/schema\/logo\/image\/"},"sameAs":["https:\/\/www.facebook.com\/cilinapoj"]}]}},"_links":{"self":[{"href":"https:\/\/cilinapoj.si\/de\/wp-json\/wp\/v2\/pages\/3416"}],"collection":[{"href":"https:\/\/cilinapoj.si\/de\/wp-json\/wp\/v2\/pages"}],"about":[{"href":"https:\/\/cilinapoj.si\/de\/wp-json\/wp\/v2\/types\/page"}],"author":[{"embeddable":true,"href":"https:\/\/cilinapoj.si\/de\/wp-json\/wp\/v2\/users\/1"}],"replies":[{"embeddable":true,"href":"https:\/\/cilinapoj.si\/de\/wp-json\/wp\/v2\/comments?post=3416"}],"version-history":[{"count":19,"href":"https:\/\/cilinapoj.si\/de\/wp-json\/wp\/v2\/pages\/3416\/revisions"}],"predecessor-version":[{"id":3633,"href":"https:\/\/cilinapoj.si\/de\/wp-json\/wp\/v2\/pages\/3416\/revisions\/3633"}],"wp:attachment":[{"href":"https:\/\/cilinapoj.si\/de\/wp-json\/wp\/v2\/media?parent=3416"}],"curies":[{"name":"wp","href":"https:\/\/api.w.org\/{rel}","templated":true}]}}