{"id":2681,"date":"2022-05-12T12:03:22","date_gmt":"2022-05-12T12:03:22","guid":{"rendered":"http:\/\/cilinapoj.si\/?page_id=2681"},"modified":"2022-06-13T19:07:37","modified_gmt":"2022-06-13T19:07:37","slug":"splosni-pogoji-poslovanja","status":"publish","type":"page","link":"https:\/\/cilinapoj.si\/de\/splosni-pogoji-poslovanja\/","title":{"rendered":"Splo\u0161ni pogoji poslovanja"},"content":{"rendered":"<div data-elementor-type=\"wp-page\" data-elementor-id=\"2681\" class=\"elementor elementor-2681\">\n\t\t\t\t\t\t\t\t\t<section class=\"elementor-section elementor-top-section elementor-element elementor-element-79f000c6 elementor-section-boxed elementor-section-height-default elementor-section-height-default\" data-id=\"79f000c6\" data-element_type=\"section\">\r\n\t\t\r\n\t\t\t\t\t\t\t<div class=\"elementor-container elementor-column-gap-default\">\r\n\t\t\t\t\t\t\t\t\t\t\t<div class=\"elementor-column elementor-col-100 elementor-top-column elementor-element elementor-element-4dd1c46e\" data-id=\"4dd1c46e\" data-element_type=\"column\">\r\n\t\t\t\t\t<div class=\"elementor-widget-wrap elementor-element-populated\">\r\n\t\t\t\t\t\t\t\t<div class=\"elementor-element elementor-element-217f7a62 elementor-widget elementor-widget-text-editor\" data-id=\"217f7a62\" data-element_type=\"widget\" data-widget_type=\"text-editor.default\">\n\t\t\t\t<div class=\"elementor-widget-container\">\n\t\t\t<style>\/*! elementor - v3.6.5 - 27-04-2022 *\/\n.elementor-widget-text-editor.elementor-drop-cap-view-stacked .elementor-drop-cap{background-color:#818a91;color:#fff}.elementor-widget-text-editor.elementor-drop-cap-view-framed .elementor-drop-cap{color:#818a91;border:3px solid;background-color:transparent}.elementor-widget-text-editor:not(.elementor-drop-cap-view-default) .elementor-drop-cap{margin-top:8px}.elementor-widget-text-editor:not(.elementor-drop-cap-view-default) .elementor-drop-cap-letter{width:1em;height:1em}.elementor-widget-text-editor .elementor-drop-cap{float:left;text-align:center;line-height:1;font-size:50px}.elementor-widget-text-editor .elementor-drop-cap-letter{display:inline-block}<\/style>\t\t\t\t<!-- wp:paragraph -->\n<h1>Splo\u0161ni pogoji poslovanja<\/h1>\n<p>Kupec izbira in naro\u010di izdelke, ki so mu na voljo v spletni trgovini \u010cili \u2013\u00a0 Napoj na spletnem naslovu http:\/\/www.cilinapoj.si ali preko Facebook strani spletne trgovine \u010cili \u2013 Napoj na spletnem naslovu https:\/\/www.facebook.com\/cilinapoj\/ v zasebnem sporo\u010dilu ali preko Instagram strani https:\/\/www.instagram.com\/cilinapoj\/. Naro\u010danje poteka preko spleta vse dni v letu, 24 ur na dan.<\/p>\n<p>Po oddaji naro\u010dila na spletni strani, kupec prejme obvestilo po navedeni elektronski po\u0161ti. V njem so navedeni izdelki in koli\u010dina izdelkov, ki jih je kupec izbral ter znesek nakupa. Po oddaji naro\u010dila na Facebook strani vam odpi\u0161emo na zasebno sporo\u010dilo, kjer se dogovorimo o prevzemu in pla\u010dilu nakupa.<\/p>\n<h1>Kako poteka naro\u010danje v spletni trgovini \u010cili \u2013 Napoj?<\/h1>\n<ol>\n<li>Izdelke lahko najdete na spletni strani http:\/\/www.cilinapoj.si. Kliknete lahko na zavihek v meniju pod izbranim izdelkom \u2018\u017delim naro\u010diti\u2019 ali na levi strani \u2018Trgovina\u2019, kjer se vam odprejo vsi izdelki, ki jih ponujamo.<\/li>\n<li>\u010ce izberete opcijo \u2018 Trgovina\u2019 se vam prika\u017eejo ponujeni izdelki. S klikom na \u2018 Dodaj v ko\u0161arico\u2019, boste izdelek dodali v ko\u0161arico.<\/li>\n<li>V ko\u0161arico lahko dodajate poljubno \u0161tevilo izdelkov. Ko izdelek dodate v ko\u0161arico se vam na vrhu strani ob ko\u0161arici izpi\u0161e \u0161tevka (1 \u2013 pomeni en izdelek, 2 \u2013 dva izdelka itn.).<\/li>\n<li>Ko kon\u010date z dodajanjem izdelkov v ko\u0161arico, se pomaknite s kurzorjem na ikono \u2018rde\u010dega vozi\u010dka\u2019 in kliknite \u2018Prika\u017ei ko\u0161arico\u2019.\u00a0Izdelki, ki so v ko\u0161arici \u017ee dodani, se bodo shranili za kasnej\u0161i nakup. Izdelke v ko\u0161arici lahko tudi bri\u0161ete in jih urejate s klikom na \u2013 ali +. Ob vsaki spremembi v<br \/>ko\u0161arici, morate klikniti na ikono \u2018Posodobi ko\u0161arico\u2019.<\/li>\n<li>Ko dokon\u010dno oblikujete svoje naro\u010dilo, kliknite na ikono \u2018 Nadaljuj na blagajno\u2019.\u00a0Vnesite svoje osebne podatke, pri \u010demer so polja z zvezdico obvezna. Zelo pomembno je, da pravilno vnesete vse podatke, \u0161e posebej pa so pomembni podatki o naslovu, na katerega vam bomo poslali naro\u010dene izdelke.<\/li>\n<li>Izberite na\u010din pla\u010dila, pri \u010demer je mo\u017eno pla\u010dati po predra\u010dunu \u2013 nakazilo na TRR ali po povzetju ali preko opcije PAYPal.<\/li>\n<li>\u0160e enkrat preverite, \u010de so podatki naro\u010dila pravilni in potrdite naro\u010dilo s klikom na ikono \u2018Zaklju\u010di nakup\u2019, pri \u010demer morate sprejeti Pogoje poslovanja. Ko boste postopek naro\u010dila zaklju\u010dili, boste v svoj e-po\u0161tni nabiralnik prejeli potrditev nakupa.<\/li>\n<\/ol>\n<h1>Cene<\/h1>\n<p>Cene so ozna\u010dene v evrih (EUR) in ne vsebujejo DDV, saj na podlagi 1.odstavka 94. \u010dlena ZDDV-1 ponudnik ni dav\u010dni zavezanec. Cene veljajo za nakup preko spletne trgovine \u010cili \u2013 Napoj, ki se vr\u0161i na spletni strani http:\/\/www.cilinapoj.si in za nakup preko Facebook strani \u010cili \u2013 Napoj, ki se vr\u0161i na spletnem naslovu https:\/\/www.facebook.com\/cilinapoj\/ ali preko Instagram strani, na spletnem naslovu https:\/\/www.instagram.com\/cilinapoj\/. Cene veljajo do dne objave novega cenika in ne vklju\u010dujejo stro\u0161ka po\u0161tnine.<\/p>\n<h1>Naro\u010dila<\/h1>\n<p>Za oddajo naro\u010dila v spletni trgovini http:\/\/www.cilinapoj.si se ni potrebno registrirati. Po nakupu in ureditvi va\u0161ega naro\u010dila je potrebno samo navesti to\u010dne podatke. Naro\u010dilo blaga velja kot potrditev pogodbe o nakupu. V primeru, da ste \u017eeljene izdelke naro\u010dili in naro\u010dila zaradi nepredvidljivih razlogov ne moremo odpremiti v dolo\u010denem roku, vas bomo o novem dobavnem roku obvestili preko spletne po\u0161te. Ponudnik se obvezuje, da bo naro\u010deno poslal v roku 4 delovnih dni.<\/p>\n<p>Po zaklju\u010dku nakupa kupec prejme obvestilo iz naslova naroci@cilinapoj.si, da je naro\u010dilo sprejeto. V sporo\u010dilu je naveden povzetek naro\u010dila in vse potrebne informacije za kupca, o postopku nadaljnjega poteka nakupa. Sporo\u010dilo velja kot informativni predra\u010dun.<\/p>\n<h1>Preklic naro\u010dila<\/h1>\n<p>Kupec ima po prejetju tak\u0161nega sporo\u010dila dve uri \u010dasa\u00a0 za preklic naro\u010dila.\u00a0<br \/>Naro\u010dilo je mo\u017eno preklicati izklju\u010dno preko elektronske po\u0161te na naslov: naroci@cilinapoj.si. Zadeva naj vsebuje naslov: Preklic Naro\u010dila, v vsebini sporo\u010dila pa navedite<br \/>va\u0161e podatke (ime in priimek kupca, naslov, \u0161tevilko naro\u010dila).<\/p>\n<h1>Mo\u017enost pla\u010dil<\/h1>\n<p>Pri pla\u010dilu se lahko odlo\u010date med pla\u010dilom po predra\u010dunu (UPN nalog) ali pla\u010dilom po povzetju ali PAYpal na\u010dinom.<\/p>\n<p><br \/><strong>Po povzetju<\/strong><\/p>\n<p>Naro\u010deno blago pla\u010date dostavljavcu Po\u0161te Slovenije ali GLS ali drugemu prevozniku ob prevzemu.<\/p>\n<p><br \/><strong>Po predra\u010dunu<\/strong><\/p>\n<p>Po oddaji naro\u010dila boste po elektronski po\u0161ti prejeli predra\u010dun. Prav tako se bo ob naro\u010dilu avtomatsko zgeneriral UPN nalog, katerega lahko uporabite za la\u017eje pla\u010dilo. Z UPN naloga lahko poskenirate kodo za hitrej\u0161e pla\u010dilo. Naro\u010dilo bomo izvr\u0161ili po prejemu pla\u010dila na na\u0161 TRR. \u010ce \u017eelite, nas lahko za hitrej\u0161o obdelavo po izvr\u0161enem pla\u010dilu o tem obvestite na elektronski naslov naroci@cilinapoj.si<\/p>\n<h1>Dostava in stro\u0161ki dostave<\/h1>\n<p>Dostava se izvr\u0161i na naslov, ki ste ga navedli ob prijavi ali naro\u010dilu. \u010ce vas v \u010dasu dostave ni na predvidenem mestu, bo kurirska slu\u017eba pustila sporo\u010dilo v nabiralniku, paket pa vas bo \u010dakal na najbli\u017eji po\u0161tni poslovalnici ali druga\u010de po dogovoru z dostavljalcem.\u00a0<\/p>\n<p><br \/>Naro\u010dene izdelke vam bomo poslali najkasneje v 3. delovnih dneh po prejetem naro\u010dilu.<\/p>\n<p><br \/>Stro\u0161ek dostave naro\u010dila je 4\u20ac za osnovne pakete, za ve\u010dje pakete si pridr\u017eujemo pravico zara\u010dunati po\u0161tnino, kot nam jo nalo\u017ei zaradi povi\u0161anja dostavna slu\u017eba (kurir). V primeru ve\u010djega naro\u010dila je mo\u017een dogovor o dostavi in sicer prevzemu med ponudnikom storitev in kupcem.<\/p>\n<p>Ponudnik si v primeru ve\u010djih po\u0161iljk oz. te\u017ejih paketov, pridru\u017euje spremembo zara\u010dunane po\u0161tnine, vendar ne ve\u010d, kot je dejanska cena dolo\u010dene po\u0161tne storitve. Pri po\u0161iljkah, ki so pla\u010dane po povzetju, si kurirska slu\u017eba zara\u010duna \u0161e znesek provizije v vrednosti od 1,00\u20ac. V<br \/>stro\u0161ek dostave so \u017ee vklju\u010deni manipulativni stro\u0161ki, stro\u0161ki embala\u017ee in ostalo. Stro\u0161ek po povzetju se pla\u010da dodatno in se obra\u010duna dodatno, ko se zgenerira prevoznica.<\/p>\n<h1>Vra\u010dila<\/h1>\n<p>V primeru, da po prevzemu blaga, naro\u010deni izdelki niso po meri potro\u0161nika ali z izdelki ni zadovoljen, ima potro\u0161nik pravico, da ponudniku najkasneje v 14-ih dneh od dneva prejema oz. prevzetja po\u0161iljke, pisno sporo\u010di, da odstopa od pogodbe. Za pisno obliko se \u0161teje sporo\u010dilo izklju\u010dno na e-mail naslov:\u00a0naroci@cilinapoj.si<br \/>\u00a0<br \/>Pravica o odstopu od pogodbe in vra\u010dila kupljenega blaga, ne velja za izdelke, ki so bili izdelani po naro\u010dilu (personalizirana darilna embala\u017ea, po naro\u010dilu izdelane omake, posipi in drugi artikli po dogovoru).<br \/>\u00a0<br \/>Potro\u0161niki vrnejo izdelke po priporo\u010deni po\u0161ti, skupaj s prilo\u017eenim ra\u010dunom najkasneje v 20-dneh od sporo\u010dila o odstopu, na naslov ponudnika: \u017diga Legnar nosilec dopolnilne dejavnosti na kmetiji, Celestrina 13 A, 2229 Male\u010dnik.<\/p>\n<p>Kupec mora izdelke vrniti nepo\u0161kodovane, v nespremenjeni koli\u010dini in v originalni nepo\u0161kodovani<br \/>embala\u017ei. Prilo\u017een mora biti prejeti ra\u010dun. Veseli bomo pojasnila va\u0161ega vra\u010dila. Za nastale stro\u0161ke zaradi ravnanja izven pogojev poslovanja ne odgovarjamo.<br \/>\u00a0<br \/>\u010ce kupec odstopi od pogodbe v skladu z dolo\u010dili, mu ponudnik vrne vsa opravljena pla\u010dila, ki se<br \/>navezujejo na dolo\u010den nakup. Vra\u010dilo pla\u010dila bo opravljeno takoj, ko je to mogo\u010de, najkasneje pa v 30- dneh od prejema sporo\u010dila o odstopu od pogodbe in vra\u010dila izdelka. V kolikor izrazite \u017eeljo po vra\u010dilu kupnine, vam jo vrnemo izklju\u010dno preko nakazila na va\u0161 TRR, katerega \u0161tevilko nam<br \/>morate pisno posredovati na email:\u00a0naroci@cilinapoj.si<\/p>\n<h1>Nagradne igre<\/h1>\n<p>Kmetija Legnar v nadaljevanju \u017diga Legnar, nosilec dopolnilne dejavnosti na kmetiji, Celestrina 13<br \/>a, 2229 Male\u010dnik \u2013 \u010cili Napoj organizira nagradne igre preko spletne platforme Facebook ali Instagram. Nagrada igra poteka poljubno \u010dasa, ki ga objavimo pod vsako objavo nagradne igre.<\/p>\n<p>Nagradne igre so namenjene pridobivanju novih simpatizerjev znamke \u010cili Napoj. \u017dreb se opravi v<br \/>dolo\u010denem terminu, ki je prav tako naveden v objavi. Dopu\u0161\u010damo mo\u017enost, da zaradi tehni\u010dnih ali drugih te\u017eav \u017ereb opravimo dan kasneje. Nagrajenec je objavljen v komentarju pod objavo nagradne igre. Podjetje Meta (Facebook, Instagram\u2026) s prirejanjem nagradne igre ni povezan.\u00a0<\/p>\n<p>Nagradna igra je izklju\u010dno v domeni \u017diga Legnar, NDDK, Celestrina 13 a, 2229 Male\u010dnik.<\/p>\n<!-- \/wp:paragraph -->\t\t\t\t\t\t<\/div>\n\t\t\t\t<\/div>\n\t\t\t\t\t<\/div>\r\n\t\t\t\t<\/div>\r\n\t\t\t\t\t<\/div>\r\n\t\t\t\t<\/section>\r\n\t\t\t\t\t\t\t<\/div>","protected":false},"excerpt":{"rendered":"<p>Splo\u0161ni pogoji poslovanja Kupec izbira in naro\u010di izdelke, ki so mu na voljo v spletni trgovini \u010cili \u2013\u00a0 Napoj na spletnem naslovu http:\/\/www.cilinapoj.si ali preko Facebook strani spletne trgovine \u010cili \u2013 Napoj na spletnem naslovu https:\/\/www.facebook.com\/cilinapoj\/ v zasebnem sporo\u010dilu ali preko Instagram strani https:\/\/www.instagram.com\/cilinapoj\/. Naro\u010danje poteka preko spleta vse dni v letu, 24 ur na [&hellip;]<\/p>","protected":false},"author":1,"featured_media":0,"parent":0,"menu_order":0,"comment_status":"closed","ping_status":"closed","template":"","meta":{"footnotes":""},"yoast_head":"<!-- This site is optimized with the Yoast SEO plugin v23.5 - https:\/\/yoast.com\/wordpress\/plugins\/seo\/ -->\n<title>Splo\u0161ni pogoji poslovanja - \u010cilinapoj.si - \u010cili z okusom<\/title>\n<meta name=\"robots\" content=\"index, follow, max-snippet:-1, max-image-preview:large, max-video-preview:-1\" \/>\n<link rel=\"canonical\" href=\"https:\/\/cilinapoj.si\/de\/splosni-pogoji-poslovanja\/\" \/>\n<meta property=\"og:locale\" content=\"de_DE\" \/>\n<meta property=\"og:type\" content=\"article\" \/>\n<meta property=\"og:title\" content=\"Splo\u0161ni pogoji poslovanja - \u010cilinapoj.si - \u010cili z okusom\" \/>\n<meta property=\"og:description\" content=\"Splo\u0161ni pogoji poslovanja Kupec izbira in naro\u010di izdelke, ki so mu na voljo v spletni trgovini \u010cili \u2013\u00a0 Napoj na spletnem naslovu http:\/\/www.cilinapoj.si ali preko Facebook strani spletne trgovine \u010cili \u2013 Napoj na spletnem naslovu https:\/\/www.facebook.com\/cilinapoj\/ v zasebnem sporo\u010dilu ali preko Instagram strani https:\/\/www.instagram.com\/cilinapoj\/. Naro\u010danje poteka preko spleta vse dni v letu, 24 ur na [&hellip;]\" \/>\n<meta property=\"og:url\" content=\"https:\/\/cilinapoj.si\/de\/splosni-pogoji-poslovanja\/\" \/>\n<meta property=\"og:site_name\" content=\"\u010cilinapoj.si - \u010cili z okusom\" \/>\n<meta property=\"article:publisher\" content=\"https:\/\/www.facebook.com\/cilinapoj\" \/>\n<meta property=\"article:modified_time\" content=\"2022-06-13T19:07:37+00:00\" \/>\n<meta name=\"twitter:card\" content=\"summary_large_image\" \/>\n<meta name=\"twitter:label1\" content=\"Gesch\u00e4tzte Lesezeit\" \/>\n\t<meta name=\"twitter:data1\" content=\"7 Minuten\" \/>\n<script type=\"application\/ld+json\" class=\"yoast-schema-graph\">{\"@context\":\"https:\/\/schema.org\",\"@graph\":[{\"@type\":\"WebPage\",\"@id\":\"https:\/\/cilinapoj.si\/sl_si\/splosni-pogoji-poslovanja\/\",\"url\":\"https:\/\/cilinapoj.si\/sl_si\/splosni-pogoji-poslovanja\/\",\"name\":\"Splo\u0161ni pogoji poslovanja - \u010cilinapoj.si - \u010cili z okusom\",\"isPartOf\":{\"@id\":\"https:\/\/cilinapoj.si\/sl_si\/#website\"},\"datePublished\":\"2022-05-12T12:03:22+00:00\",\"dateModified\":\"2022-06-13T19:07:37+00:00\",\"breadcrumb\":{\"@id\":\"https:\/\/cilinapoj.si\/sl_si\/splosni-pogoji-poslovanja\/#breadcrumb\"},\"inLanguage\":\"de-DE\",\"potentialAction\":[{\"@type\":\"ReadAction\",\"target\":[\"https:\/\/cilinapoj.si\/sl_si\/splosni-pogoji-poslovanja\/\"]}]},{\"@type\":\"BreadcrumbList\",\"@id\":\"https:\/\/cilinapoj.si\/sl_si\/splosni-pogoji-poslovanja\/#breadcrumb\",\"itemListElement\":[{\"@type\":\"ListItem\",\"position\":1,\"name\":\"Home\",\"item\":\"https:\/\/cilinapoj.si\/\"},{\"@type\":\"ListItem\",\"position\":2,\"name\":\"Splo\u0161ni pogoji poslovanja\"}]},{\"@type\":\"WebSite\",\"@id\":\"https:\/\/cilinapoj.si\/sl_si\/#website\",\"url\":\"https:\/\/cilinapoj.si\/sl_si\/\",\"name\":\"\u010cilinapoj.si - \u010cili z okusom\",\"description\":\"Opojni izdelki iz \u010dilija\",\"publisher\":{\"@id\":\"https:\/\/cilinapoj.si\/sl_si\/#organization\"},\"potentialAction\":[{\"@type\":\"SearchAction\",\"target\":{\"@type\":\"EntryPoint\",\"urlTemplate\":\"https:\/\/cilinapoj.si\/sl_si\/?s={search_term_string}\"},\"query-input\":{\"@type\":\"PropertyValueSpecification\",\"valueRequired\":true,\"valueName\":\"search_term_string\"}}],\"inLanguage\":\"de-DE\"},{\"@type\":\"Organization\",\"@id\":\"https:\/\/cilinapoj.si\/sl_si\/#organization\",\"name\":\"\u010cili Napoj\",\"url\":\"https:\/\/cilinapoj.si\/sl_si\/\",\"logo\":{\"@type\":\"ImageObject\",\"inLanguage\":\"de-DE\",\"@id\":\"https:\/\/cilinapoj.si\/sl_si\/#\/schema\/logo\/image\/\",\"url\":\"https:\/\/cilinapoj.si\/wp-content\/uploads\/2022\/06\/cropped-android-chrome-512x512-2.png\",\"contentUrl\":\"https:\/\/cilinapoj.si\/wp-content\/uploads\/2022\/06\/cropped-android-chrome-512x512-2.png\",\"width\":512,\"height\":512,\"caption\":\"\u010cili Napoj\"},\"image\":{\"@id\":\"https:\/\/cilinapoj.si\/sl_si\/#\/schema\/logo\/image\/\"},\"sameAs\":[\"https:\/\/www.facebook.com\/cilinapoj\"]}]}<\/script>\n<!-- \/ Yoast SEO plugin. -->","yoast_head_json":{"title":"Splo\u0161ni pogoji poslovanja - \u010cilinapoj.si - \u010cili z okusom","robots":{"index":"index","follow":"follow","max-snippet":"max-snippet:-1","max-image-preview":"max-image-preview:large","max-video-preview":"max-video-preview:-1"},"canonical":"https:\/\/cilinapoj.si\/de\/splosni-pogoji-poslovanja\/","og_locale":"de_DE","og_type":"article","og_title":"Splo\u0161ni pogoji poslovanja - \u010cilinapoj.si - \u010cili z okusom","og_description":"Splo\u0161ni pogoji poslovanja Kupec izbira in naro\u010di izdelke, ki so mu na voljo v spletni trgovini \u010cili \u2013\u00a0 Napoj na spletnem naslovu http:\/\/www.cilinapoj.si ali preko Facebook strani spletne trgovine \u010cili \u2013 Napoj na spletnem naslovu https:\/\/www.facebook.com\/cilinapoj\/ v zasebnem sporo\u010dilu ali preko Instagram strani https:\/\/www.instagram.com\/cilinapoj\/. Naro\u010danje poteka preko spleta vse dni v letu, 24 ur na [&hellip;]","og_url":"https:\/\/cilinapoj.si\/de\/splosni-pogoji-poslovanja\/","og_site_name":"\u010cilinapoj.si - \u010cili z okusom","article_publisher":"https:\/\/www.facebook.com\/cilinapoj","article_modified_time":"2022-06-13T19:07:37+00:00","twitter_card":"summary_large_image","twitter_misc":{"Gesch\u00e4tzte Lesezeit":"7 Minuten"},"schema":{"@context":"https:\/\/schema.org","@graph":[{"@type":"WebPage","@id":"https:\/\/cilinapoj.si\/sl_si\/splosni-pogoji-poslovanja\/","url":"https:\/\/cilinapoj.si\/sl_si\/splosni-pogoji-poslovanja\/","name":"Splo\u0161ni pogoji poslovanja - \u010cilinapoj.si - \u010cili z okusom","isPartOf":{"@id":"https:\/\/cilinapoj.si\/sl_si\/#website"},"datePublished":"2022-05-12T12:03:22+00:00","dateModified":"2022-06-13T19:07:37+00:00","breadcrumb":{"@id":"https:\/\/cilinapoj.si\/sl_si\/splosni-pogoji-poslovanja\/#breadcrumb"},"inLanguage":"de-DE","potentialAction":[{"@type":"ReadAction","target":["https:\/\/cilinapoj.si\/sl_si\/splosni-pogoji-poslovanja\/"]}]},{"@type":"BreadcrumbList","@id":"https:\/\/cilinapoj.si\/sl_si\/splosni-pogoji-poslovanja\/#breadcrumb","itemListElement":[{"@type":"ListItem","position":1,"name":"Home","item":"https:\/\/cilinapoj.si\/"},{"@type":"ListItem","position":2,"name":"Splo\u0161ni pogoji poslovanja"}]},{"@type":"WebSite","@id":"https:\/\/cilinapoj.si\/sl_si\/#website","url":"https:\/\/cilinapoj.si\/sl_si\/","name":"\u010cilinapoj.si - \u010cili z okusom","description":"Opojni izdelki iz \u010dilija","publisher":{"@id":"https:\/\/cilinapoj.si\/sl_si\/#organization"},"potentialAction":[{"@type":"SearchAction","target":{"@type":"EntryPoint","urlTemplate":"https:\/\/cilinapoj.si\/sl_si\/?s={search_term_string}"},"query-input":{"@type":"PropertyValueSpecification","valueRequired":true,"valueName":"search_term_string"}}],"inLanguage":"de-DE"},{"@type":"Organization","@id":"https:\/\/cilinapoj.si\/sl_si\/#organization","name":"\u010cili Napoj","url":"https:\/\/cilinapoj.si\/sl_si\/","logo":{"@type":"ImageObject","inLanguage":"de-DE","@id":"https:\/\/cilinapoj.si\/sl_si\/#\/schema\/logo\/image\/","url":"https:\/\/cilinapoj.si\/wp-content\/uploads\/2022\/06\/cropped-android-chrome-512x512-2.png","contentUrl":"https:\/\/cilinapoj.si\/wp-content\/uploads\/2022\/06\/cropped-android-chrome-512x512-2.png","width":512,"height":512,"caption":"\u010cili Napoj"},"image":{"@id":"https:\/\/cilinapoj.si\/sl_si\/#\/schema\/logo\/image\/"},"sameAs":["https:\/\/www.facebook.com\/cilinapoj"]}]}},"_links":{"self":[{"href":"https:\/\/cilinapoj.si\/de\/wp-json\/wp\/v2\/pages\/2681"}],"collection":[{"href":"https:\/\/cilinapoj.si\/de\/wp-json\/wp\/v2\/pages"}],"about":[{"href":"https:\/\/cilinapoj.si\/de\/wp-json\/wp\/v2\/types\/page"}],"author":[{"embeddable":true,"href":"https:\/\/cilinapoj.si\/de\/wp-json\/wp\/v2\/users\/1"}],"replies":[{"embeddable":true,"href":"https:\/\/cilinapoj.si\/de\/wp-json\/wp\/v2\/comments?post=2681"}],"version-history":[{"count":23,"href":"https:\/\/cilinapoj.si\/de\/wp-json\/wp\/v2\/pages\/2681\/revisions"}],"predecessor-version":[{"id":3503,"href":"https:\/\/cilinapoj.si\/de\/wp-json\/wp\/v2\/pages\/2681\/revisions\/3503"}],"wp:attachment":[{"href":"https:\/\/cilinapoj.si\/de\/wp-json\/wp\/v2\/media?parent=2681"}],"curies":[{"name":"wp","href":"https:\/\/api.w.org\/{rel}","templated":true}]}}